{"id":30244,"date":"2019-08-06T23:08:10","date_gmt":"2019-08-06T23:08:10","guid":{"rendered":"http:\/\/wemadethisapp.com\/hestia-front\/"},"modified":"2019-12-12T19:09:18","modified_gmt":"2019-12-12T19:09:18","slug":"hestia-front","status":"publish","type":"page","link":"https:\/\/picrights.com\/cs\/","title":{"rendered":"Homepage"},"content":{"rendered":"<div class=\"wpb-content-wrapper\"><p>[vc_row][vc_column][vc_column_text]<\/p>\n<h2 style=\"text-align: center;\">Autorsk\u00e1 pr\u00e1va a poru\u0161en\u00ed pr\u00e1v<\/h2>\n<p>[\/vc_column_text][\/vc_column][\/vc_row][vc_row][vc_column][vc_column_text]<\/p>\n<p style=\"text-align: center;\">B\u011b\u017en\u00e9 term\u00edny, definice pojm\u016f a d\u016fle\u017eit\u00e9 informace o autorsk\u00fdch pr\u00e1vech, v\u010detn\u011b p\u0159\u00edpustn\u00e9ho pou\u017eit\u00ed, odstran\u011bn\u00ed podle z\u00e1kona DMCA, ve\u0159ejn\u00e9 dom\u00e9ny aj.<\/p>\n<p style=\"text-align: center;\"><a href=\"http:\/\/picrights.com\/cs\/copyright\/\">Viz autorsk\u00e1 pr\u00e1va 101<\/a><\/p>\n<p>[\/vc_column_text][\/vc_column][\/vc_row]<\/p>\n<\/div>","protected":false},"excerpt":{"rendered":"<p>[vc_row][vc_column][vc_column_text] Autorsk\u00e1 pr\u00e1va a poru\u0161en\u00ed pr\u00e1v [\/vc_column_text][\/vc_column][\/vc_row][vc_row][vc_column][vc_column_text] B\u011b\u017en\u00e9 term\u00edny, definice pojm\u016f a d\u016fle\u017eit\u00e9 informace o autorsk\u00fdch pr\u00e1vech, v\u010detn\u011b p\u0159\u00edpustn\u00e9ho pou\u017eit\u00ed, odstran\u011bn\u00ed podle z\u00e1kona DMCA, ve\u0159ejn\u00e9 dom\u00e9ny aj. Viz autorsk\u00e1 pr\u00e1va 101 [\/vc_column_text][\/vc_column][\/vc_row]<\/p>\n","protected":false},"author":5,"featured_media":30245,"parent":0,"menu_order":0,"comment_status":"closed","ping_status":"closed","template":"","meta":{"footnotes":""},"class_list":["post-30244","page","type-page","status-publish","has-post-thumbnail","hentry"],"yoast_head":"<!-- This site is optimized with the Yoast SEO plugin v27.3 - https:\/\/yoast.com\/product\/yoast-seo-wordpress\/ -->\n<title>Homepage - PicRights<\/title>\n<meta name=\"description\" content=\"copyright compliance resolution\" \/>\n<meta name=\"robots\" content=\"index, follow, max-snippet:-1, max-image-preview:large, max-video-preview:-1\" \/>\n<link rel=\"canonical\" href=\"https:\/\/picrights.com\/cs\/\" \/>\n<meta property=\"og:locale\" content=\"cs_CZ\" \/>\n<meta property=\"og:type\" content=\"article\" \/>\n<meta property=\"og:title\" content=\"Homepage - PicRights\" \/>\n<meta property=\"og:description\" content=\"copyright compliance resolution\" \/>\n<meta property=\"og:url\" content=\"https:\/\/picrights.com\/cs\/\" \/>\n<meta property=\"og:site_name\" content=\"PicRights\" \/>\n<meta property=\"article:modified_time\" content=\"2019-12-12T19:09:18+00:00\" \/>\n<meta property=\"og:image\" content=\"https:\/\/picrights.com\/wp-content\/uploads\/2018\/01\/6113-09058894.jpg\" \/>\n\t<meta property=\"og:image:width\" content=\"2000\" \/>\n\t<meta property=\"og:image:height\" content=\"1366\" \/>\n\t<meta property=\"og:image:type\" content=\"image\/jpeg\" \/>\n<meta name=\"twitter:card\" content=\"summary_large_image\" \/>\n<script type=\"application\/ld+json\" class=\"yoast-schema-graph\">{\"@context\":\"https:\\\/\\\/schema.org\",\"@graph\":[{\"@type\":\"WebPage\",\"@id\":\"https:\\\/\\\/picrights.com\\\/cs\\\/\",\"url\":\"https:\\\/\\\/picrights.com\\\/cs\\\/\",\"name\":\"Homepage - PicRights\",\"isPartOf\":{\"@id\":\"https:\\\/\\\/picrights.com\\\/#website\"},\"primaryImageOfPage\":{\"@id\":\"https:\\\/\\\/picrights.com\\\/cs\\\/#primaryimage\"},\"image\":{\"@id\":\"https:\\\/\\\/picrights.com\\\/cs\\\/#primaryimage\"},\"thumbnailUrl\":\"https:\\\/\\\/picrights.com\\\/wp-content\\\/uploads\\\/2018\\\/01\\\/6113-09058894.jpg\",\"datePublished\":\"2019-08-06T23:08:10+00:00\",\"dateModified\":\"2019-12-12T19:09:18+00:00\",\"description\":\"copyright compliance resolution\",\"breadcrumb\":{\"@id\":\"https:\\\/\\\/picrights.com\\\/cs\\\/#breadcrumb\"},\"inLanguage\":\"cs\",\"potentialAction\":[{\"@type\":\"ReadAction\",\"target\":[\"https:\\\/\\\/picrights.com\\\/cs\\\/\"]}]},{\"@type\":\"ImageObject\",\"inLanguage\":\"cs\",\"@id\":\"https:\\\/\\\/picrights.com\\\/cs\\\/#primaryimage\",\"url\":\"https:\\\/\\\/picrights.com\\\/wp-content\\\/uploads\\\/2018\\\/01\\\/6113-09058894.jpg\",\"contentUrl\":\"https:\\\/\\\/picrights.com\\\/wp-content\\\/uploads\\\/2018\\\/01\\\/6113-09058894.jpg\",\"width\":2000,\"height\":1366},{\"@type\":\"BreadcrumbList\",\"@id\":\"https:\\\/\\\/picrights.com\\\/cs\\\/#breadcrumb\",\"itemListElement\":[{\"@type\":\"ListItem\",\"position\":1,\"name\":\"Home\",\"item\":\"https:\\\/\\\/picrights.com\\\/cs\\\/\"},{\"@type\":\"ListItem\",\"position\":2,\"name\":\"Homepage\"}]},{\"@type\":\"WebSite\",\"@id\":\"https:\\\/\\\/picrights.com\\\/#website\",\"url\":\"https:\\\/\\\/picrights.com\\\/\",\"name\":\"PicRights\",\"description\":\"Copyright Compliance\",\"publisher\":{\"@id\":\"https:\\\/\\\/picrights.com\\\/#organization\"},\"potentialAction\":[{\"@type\":\"SearchAction\",\"target\":{\"@type\":\"EntryPoint\",\"urlTemplate\":\"https:\\\/\\\/picrights.com\\\/?s={search_term_string}\"},\"query-input\":{\"@type\":\"PropertyValueSpecification\",\"valueRequired\":true,\"valueName\":\"search_term_string\"}}],\"inLanguage\":\"cs\"},{\"@type\":\"Organization\",\"@id\":\"https:\\\/\\\/picrights.com\\\/#organization\",\"name\":\"PicRights GmbH\",\"url\":\"https:\\\/\\\/picrights.com\\\/\",\"logo\":{\"@type\":\"ImageObject\",\"inLanguage\":\"cs\",\"@id\":\"https:\\\/\\\/picrights.com\\\/#\\\/schema\\\/logo\\\/image\\\/\",\"url\":\"https:\\\/\\\/picrights.com\\\/wp-content\\\/uploads\\\/2019\\\/08\\\/PicRightsLogo_rev1.png\",\"contentUrl\":\"https:\\\/\\\/picrights.com\\\/wp-content\\\/uploads\\\/2019\\\/08\\\/PicRightsLogo_rev1.png\",\"width\":146,\"height\":151,\"caption\":\"PicRights GmbH\"},\"image\":{\"@id\":\"https:\\\/\\\/picrights.com\\\/#\\\/schema\\\/logo\\\/image\\\/\"},\"sameAs\":[\"https:\\\/\\\/www.linkedin.com\\\/company\\\/picrights\"]}]}<\/script>\n<!-- \/ Yoast SEO plugin. -->","yoast_head_json":{"title":"Homepage - PicRights","description":"copyright compliance resolution","robots":{"index":"index","follow":"follow","max-snippet":"max-snippet:-1","max-image-preview":"max-image-preview:large","max-video-preview":"max-video-preview:-1"},"canonical":"https:\/\/picrights.com\/cs\/","og_locale":"cs_CZ","og_type":"article","og_title":"Homepage - PicRights","og_description":"copyright compliance resolution","og_url":"https:\/\/picrights.com\/cs\/","og_site_name":"PicRights","article_modified_time":"2019-12-12T19:09:18+00:00","og_image":[{"width":2000,"height":1366,"url":"https:\/\/picrights.com\/wp-content\/uploads\/2018\/01\/6113-09058894.jpg","type":"image\/jpeg"}],"twitter_card":"summary_large_image","schema":{"@context":"https:\/\/schema.org","@graph":[{"@type":"WebPage","@id":"https:\/\/picrights.com\/cs\/","url":"https:\/\/picrights.com\/cs\/","name":"Homepage - PicRights","isPartOf":{"@id":"https:\/\/picrights.com\/#website"},"primaryImageOfPage":{"@id":"https:\/\/picrights.com\/cs\/#primaryimage"},"image":{"@id":"https:\/\/picrights.com\/cs\/#primaryimage"},"thumbnailUrl":"https:\/\/picrights.com\/wp-content\/uploads\/2018\/01\/6113-09058894.jpg","datePublished":"2019-08-06T23:08:10+00:00","dateModified":"2019-12-12T19:09:18+00:00","description":"copyright compliance resolution","breadcrumb":{"@id":"https:\/\/picrights.com\/cs\/#breadcrumb"},"inLanguage":"cs","potentialAction":[{"@type":"ReadAction","target":["https:\/\/picrights.com\/cs\/"]}]},{"@type":"ImageObject","inLanguage":"cs","@id":"https:\/\/picrights.com\/cs\/#primaryimage","url":"https:\/\/picrights.com\/wp-content\/uploads\/2018\/01\/6113-09058894.jpg","contentUrl":"https:\/\/picrights.com\/wp-content\/uploads\/2018\/01\/6113-09058894.jpg","width":2000,"height":1366},{"@type":"BreadcrumbList","@id":"https:\/\/picrights.com\/cs\/#breadcrumb","itemListElement":[{"@type":"ListItem","position":1,"name":"Home","item":"https:\/\/picrights.com\/cs\/"},{"@type":"ListItem","position":2,"name":"Homepage"}]},{"@type":"WebSite","@id":"https:\/\/picrights.com\/#website","url":"https:\/\/picrights.com\/","name":"PicRights","description":"Copyright Compliance","publisher":{"@id":"https:\/\/picrights.com\/#organization"},"potentialAction":[{"@type":"SearchAction","target":{"@type":"EntryPoint","urlTemplate":"https:\/\/picrights.com\/?s={search_term_string}"},"query-input":{"@type":"PropertyValueSpecification","valueRequired":true,"valueName":"search_term_string"}}],"inLanguage":"cs"},{"@type":"Organization","@id":"https:\/\/picrights.com\/#organization","name":"PicRights GmbH","url":"https:\/\/picrights.com\/","logo":{"@type":"ImageObject","inLanguage":"cs","@id":"https:\/\/picrights.com\/#\/schema\/logo\/image\/","url":"https:\/\/picrights.com\/wp-content\/uploads\/2019\/08\/PicRightsLogo_rev1.png","contentUrl":"https:\/\/picrights.com\/wp-content\/uploads\/2019\/08\/PicRightsLogo_rev1.png","width":146,"height":151,"caption":"PicRights GmbH"},"image":{"@id":"https:\/\/picrights.com\/#\/schema\/logo\/image\/"},"sameAs":["https:\/\/www.linkedin.com\/company\/picrights"]}]}},"_links":{"self":[{"href":"https:\/\/picrights.com\/cs\/wp-json\/wp\/v2\/pages\/30244","targetHints":{"allow":["GET"]}}],"collection":[{"href":"https:\/\/picrights.com\/cs\/wp-json\/wp\/v2\/pages"}],"about":[{"href":"https:\/\/picrights.com\/cs\/wp-json\/wp\/v2\/types\/page"}],"author":[{"embeddable":true,"href":"https:\/\/picrights.com\/cs\/wp-json\/wp\/v2\/users\/5"}],"replies":[{"embeddable":true,"href":"https:\/\/picrights.com\/cs\/wp-json\/wp\/v2\/comments?post=30244"}],"version-history":[{"count":0,"href":"https:\/\/picrights.com\/cs\/wp-json\/wp\/v2\/pages\/30244\/revisions"}],"wp:featuredmedia":[{"embeddable":true,"href":"https:\/\/picrights.com\/cs\/wp-json\/wp\/v2\/media\/30245"}],"wp:attachment":[{"href":"https:\/\/picrights.com\/cs\/wp-json\/wp\/v2\/media?parent=30244"}],"curies":[{"name":"wp","href":"https:\/\/api.w.org\/{rel}","templated":true}]}}