{"id":30430,"date":"2019-07-18T19:39:38","date_gmt":"2019-07-18T19:39:38","guid":{"rendered":"http:\/\/wemadethisapp.com\/claims\/"},"modified":"2019-12-12T18:32:29","modified_gmt":"2019-12-12T18:32:29","slug":"claims","status":"publish","type":"page","link":"https:\/\/picrights.com\/cs\/claims\/","title":{"rendered":"Str\u00e1nka t\u00fdkaj\u00edc\u00ed se n\u00e1rok\u016f"},"content":{"rendered":"<h3>Dostal(a) jsem upozorn\u011bn\u00ed na poru\u0161en\u00ed autorsk\u00fdch pr\u00e1v. Co te\u010f?<\/h3>\n<h5 class=\"tagline\">C\u00edlem spole\u010dnosti PicRights je vy\u0159e\u0161it poru\u0161en\u00ed autorsk\u00fdch pr\u00e1v rychle a spravedliv\u011b \u2013 ani\u017e by bylo t\u0159eba se obracet na soudy. Na\u0161i mana\u017ee\u0159i pro oblast dodr\u017eov\u00e1n\u00ed autorsk\u00fdch pr\u00e1v maj\u00ed dlouhodob\u00e9 zku\u0161enosti s \u0159e\u0161en\u00edm n\u00e1rok\u016f v souvislosti s autorsk\u00fdmi pr\u00e1vy a n\u00e1pomocni jsou jim intern\u00ed pr\u00e1vn\u00edci.<\/h5>\n<p>Dostal(a) jste od n\u00e1s upozorn\u011bn\u00ed na poru\u0161en\u00ed autorsk\u00fdch pr\u00e1v? Po\u0161lete dopis mana\u017eerovi pro autorsk\u00e1 pr\u00e1va, abyste s n\u00edm mohl(a) projednat dal\u0161\u00ed kroky. Ne\u017e tak u\u010din\u00edte, m\u016f\u017eete si vyhledat informace o autorsk\u00fdch pr\u00e1vech, v\u010detn\u011b p\u0159\u00edpustn\u00e9ho pou\u017eit\u00ed, ve\u0159ejn\u00e9 dom\u00e9ny, v\u00fdzev k odstran\u011bn\u00ed podle z\u00e1kona americk\u00e9ho DMCA (Digital Millennium Copyright Act, z\u00e1kona o ochran\u011b autorsk\u00fdch pr\u00e1v k digit\u00e1ln\u00edmu obsahu) aj. v na\u0161ich sekc\u00edch <a href=\"http:\/\/picrights.com\/cs\/faqs\/\">\u010cast\u00e9 dotazy<\/a> and our <a href=\"http:\/\/picrights.com\/cs\/copyright\/\">Autorsk\u00e1 pr\u00e1va a poru\u0161en\u00ed pr\u00e1v<\/a>.<\/p>\n<p>Stru\u010dn\u011b \u0159e\u010deno, k pou\u017e\u00edv\u00e1n\u00ed obr\u00e1zk\u016f chr\u00e1n\u011bn\u00fdch autorsk\u00fdmi pr\u00e1vy je t\u0159eba licence bez ohledu, zda jste v\u011bd\u011bl(a) o tom, \u017ee je obr\u00e1zek chr\u00e1n\u011bn\u00fd autorsk\u00fdmi pr\u00e1vy. Je vy\u017eadov\u00e1na \u00fahrada poplatku se zp\u011btnou \u00fa\u010dinnost\u00ed. Tuto z\u00e1le\u017eitost m\u016f\u017eete vy\u0159e\u0161it s p\u0159\u00edslu\u0161n\u00fdm mana\u017eerem pro autorsk\u00e1 pr\u00e1va. <a href=\"https:\/\/resolve.picrights.com\/\">Jste p\u0159ipraven(a) nyn\u00ed v\u011bc \u0159e\u0161it? P\u0159ipravte si sv\u00e9 referen\u010dn\u00ed \u010d\u00edslo a p\u0159ejd\u011bte na port\u00e1l.<\/a><\/p>\n<p>Za \u00fa\u010delem Va\u0161\u00ed ochrany a uji\u0161t\u011bn\u00ed o kone\u010dn\u00e9m vy\u0159e\u0161en\u00ed p\u0159\u00edpadu je vy\u0159\u00edzen\u00ed n\u00e1rok\u016f s narovn\u00e1n\u00edm z\u00e1vazk\u016f zaznamen\u00e1no p\u00edsemn\u011b a podeps\u00e1no V\u00e1mi a mana\u017eerem spole\u010dnosti PicRights. Pokud nedok\u00e1\u017eeme n\u00e1roky vy\u0159e\u0161it intern\u011b, pov\u011b\u0159\u00ed spole\u010dnost PicRights extern\u00ed pr\u00e1vn\u00ed z\u00e1stupce kte\u0159\u00ed se specializuj\u00ed na \u0159e\u0161en\u00ed n\u00e1rok\u016f v souvislosti s autorsk\u00fdmi pr\u00e1vy.<\/p>\n<h4>Mus\u00edm z\u00e1le\u017eitost konzultovat s pr\u00e1vn\u00edkem?<\/h4>\n<p>Na t\u011bchto internetov\u00fdch str\u00e1nk\u00e1ch poskytujeme informace, kter\u00e9 zaji\u0161\u0165uj\u00ed osv\u011btu, ale nelze je pova\u017eovat za pr\u00e1vn\u00ed poradenstv\u00ed. D\u016frazn\u011b V\u00e1m doporu\u010dujeme, abyste v p\u0159\u00edpad\u011b, \u017ee m\u00e1te pr\u00e1vn\u00ed dotazy k dopisu, kter\u00fd jste od n\u00e1s dostal(a), nebo k autorsk\u00fdm pr\u00e1v\u016fm obecn\u011b, v\u011bc zkonzultoval(a) s kompetentn\u00edm pr\u00e1vn\u00edkem. Nen\u00ed v\u0161ak nutn\u00e9, abyste si pro \u0159e\u0161en\u00ed n\u00e1roku s jedn\u00edm z na\u0161ich mana\u017eer\u016f pro autorsk\u00e1 pr\u00e1va naj\u00edmal(a) advok\u00e1ta.<\/p>\n<h4>Co m\u00e1m nyn\u00ed d\u011blat?<\/h4>\n<p>Spojte se s n\u00e1mi bu\u010f osobn\u011b, nebo prost\u0159ednictv\u00edm sv\u00e9ho pr\u00e1vn\u00edho z\u00e1stupce. Spole\u010dnost PicRights je v\u017edy ochotna s V\u00e1mi \u010destn\u011b a rozumn\u011b spolupracovat na \u0159e\u0161en\u00ed t\u00e9to z\u00e1le\u017eitosti. A\u010dkoli n\u00e1\u0161 klient m\u016f\u017ee ve v\u011bci poru\u0161en\u00ed tohoto autorsk\u00e9ho pr\u00e1va v\u00e9st soudn\u00ed spor, dojde k tomu pouze v p\u0159\u00edpad\u011b, \u017ee vy\u010derp\u00e1me v\u0161echny mo\u017enosti, jak s V\u00e1mi tuto z\u00e1le\u017eitost vy\u0159e\u0161it.<\/p>\n","protected":false},"excerpt":{"rendered":"<p>Dostal(a) jsem upozorn\u011bn\u00ed na poru\u0161en\u00ed autorsk\u00fdch pr\u00e1v. Co te\u010f? C\u00edlem spole\u010dnosti PicRights je vy\u0159e\u0161it poru\u0161en\u00ed autorsk\u00fdch pr\u00e1v rychle a spravedliv\u011b \u2013 ani\u017e by bylo t\u0159eba se obracet na soudy. Na\u0161i mana\u017ee\u0159i pro oblast dodr\u017eov\u00e1n\u00ed autorsk\u00fdch pr\u00e1v maj\u00ed dlouhodob\u00e9 zku\u0161enosti s \u0159e\u0161en\u00edm n\u00e1rok\u016f v souvislosti s autorsk\u00fdmi pr\u00e1vy a n\u00e1pomocni jsou [&hellip;]<\/p>\n","protected":false},"author":5,"featured_media":31065,"parent":0,"menu_order":0,"comment_status":"closed","ping_status":"closed","template":"","meta":{"footnotes":""},"class_list":["post-30430","page","type-page","status-publish","has-post-thumbnail","hentry"],"yoast_head":"<!-- This site is optimized with the Yoast SEO plugin v27.1.1 - https:\/\/yoast.com\/product\/yoast-seo-wordpress\/ -->\n<title>Str\u00e1nka t\u00fdkaj\u00edc\u00ed se n\u00e1rok\u016f - PicRights<\/title>\n<meta name=\"robots\" content=\"index, follow, max-snippet:-1, max-image-preview:large, max-video-preview:-1\" \/>\n<link rel=\"canonical\" href=\"https:\/\/picrights.com\/cs\/claims\/\" \/>\n<meta property=\"og:locale\" content=\"cs_CZ\" \/>\n<meta property=\"og:type\" content=\"article\" \/>\n<meta property=\"og:title\" content=\"Str\u00e1nka t\u00fdkaj\u00edc\u00ed se n\u00e1rok\u016f - PicRights\" \/>\n<meta property=\"og:description\" content=\"Dostal(a) jsem upozorn\u011bn\u00ed na poru\u0161en\u00ed autorsk\u00fdch pr\u00e1v. Co te\u010f? C\u00edlem spole\u010dnosti PicRights je vy\u0159e\u0161it poru\u0161en\u00ed autorsk\u00fdch pr\u00e1v rychle a spravedliv\u011b \u2013 ani\u017e by bylo t\u0159eba se obracet na soudy. Na\u0161i mana\u017ee\u0159i pro oblast dodr\u017eov\u00e1n\u00ed autorsk\u00fdch pr\u00e1v maj\u00ed dlouhodob\u00e9 zku\u0161enosti s \u0159e\u0161en\u00edm n\u00e1rok\u016f v souvislosti s autorsk\u00fdmi pr\u00e1vy a n\u00e1pomocni jsou [&hellip;]\" \/>\n<meta property=\"og:url\" content=\"https:\/\/picrights.com\/cs\/claims\/\" \/>\n<meta property=\"og:site_name\" content=\"PicRights\" \/>\n<meta property=\"article:modified_time\" content=\"2019-12-12T18:32:29+00:00\" \/>\n<meta property=\"og:image\" content=\"https:\/\/picrights.com\/wp-content\/uploads\/2019\/07\/6113-08105434.jpg\" \/>\n\t<meta property=\"og:image:width\" content=\"2000\" \/>\n\t<meta property=\"og:image:height\" content=\"1150\" \/>\n\t<meta property=\"og:image:type\" content=\"image\/jpeg\" \/>\n<meta name=\"twitter:card\" content=\"summary_large_image\" \/>\n<meta name=\"twitter:label1\" content=\"Odhadovan\u00e1 doba \u010dten\u00ed\" \/>\n\t<meta name=\"twitter:data1\" content=\"3 minuty\" \/>\n<script type=\"application\/ld+json\" class=\"yoast-schema-graph\">{\"@context\":\"https:\/\/schema.org\",\"@graph\":[{\"@type\":\"WebPage\",\"@id\":\"https:\/\/picrights.com\/cs\/claims\/\",\"url\":\"https:\/\/picrights.com\/cs\/claims\/\",\"name\":\"Str\u00e1nka t\u00fdkaj\u00edc\u00ed se n\u00e1rok\u016f - PicRights\",\"isPartOf\":{\"@id\":\"https:\/\/picrights.com\/#website\"},\"primaryImageOfPage\":{\"@id\":\"https:\/\/picrights.com\/cs\/claims\/#primaryimage\"},\"image\":{\"@id\":\"https:\/\/picrights.com\/cs\/claims\/#primaryimage\"},\"thumbnailUrl\":\"https:\/\/picrights.com\/wp-content\/uploads\/2019\/07\/6113-08105434.jpg\",\"datePublished\":\"2019-07-18T19:39:38+00:00\",\"dateModified\":\"2019-12-12T18:32:29+00:00\",\"breadcrumb\":{\"@id\":\"https:\/\/picrights.com\/cs\/claims\/#breadcrumb\"},\"inLanguage\":\"cs\",\"potentialAction\":[{\"@type\":\"ReadAction\",\"target\":[\"https:\/\/picrights.com\/cs\/claims\/\"]}]},{\"@type\":\"ImageObject\",\"inLanguage\":\"cs\",\"@id\":\"https:\/\/picrights.com\/cs\/claims\/#primaryimage\",\"url\":\"https:\/\/picrights.com\/wp-content\/uploads\/2019\/07\/6113-08105434.jpg\",\"contentUrl\":\"https:\/\/picrights.com\/wp-content\/uploads\/2019\/07\/6113-08105434.jpg\",\"width\":2000,\"height\":1150},{\"@type\":\"BreadcrumbList\",\"@id\":\"https:\/\/picrights.com\/cs\/claims\/#breadcrumb\",\"itemListElement\":[{\"@type\":\"ListItem\",\"position\":1,\"name\":\"Home\",\"item\":\"https:\/\/picrights.com\/cs\/\"},{\"@type\":\"ListItem\",\"position\":2,\"name\":\"Str\u00e1nka t\u00fdkaj\u00edc\u00ed se n\u00e1rok\u016f\"}]},{\"@type\":\"WebSite\",\"@id\":\"https:\/\/picrights.com\/#website\",\"url\":\"https:\/\/picrights.com\/\",\"name\":\"PicRights\",\"description\":\"Copyright Compliance\",\"publisher\":{\"@id\":\"https:\/\/picrights.com\/#organization\"},\"potentialAction\":[{\"@type\":\"SearchAction\",\"target\":{\"@type\":\"EntryPoint\",\"urlTemplate\":\"https:\/\/picrights.com\/?s={search_term_string}\"},\"query-input\":{\"@type\":\"PropertyValueSpecification\",\"valueRequired\":true,\"valueName\":\"search_term_string\"}}],\"inLanguage\":\"cs\"},{\"@type\":\"Organization\",\"@id\":\"https:\/\/picrights.com\/#organization\",\"name\":\"PicRights GmbH\",\"url\":\"https:\/\/picrights.com\/\",\"logo\":{\"@type\":\"ImageObject\",\"inLanguage\":\"cs\",\"@id\":\"https:\/\/picrights.com\/#\/schema\/logo\/image\/\",\"url\":\"https:\/\/picrights.com\/wp-content\/uploads\/2019\/08\/PicRightsLogo_rev1.png\",\"contentUrl\":\"https:\/\/picrights.com\/wp-content\/uploads\/2019\/08\/PicRightsLogo_rev1.png\",\"width\":146,\"height\":151,\"caption\":\"PicRights GmbH\"},\"image\":{\"@id\":\"https:\/\/picrights.com\/#\/schema\/logo\/image\/\"},\"sameAs\":[\"https:\/\/www.linkedin.com\/company\/picrights\"]}]}<\/script>\n<!-- \/ Yoast SEO plugin. -->","yoast_head_json":{"title":"Str\u00e1nka t\u00fdkaj\u00edc\u00ed se n\u00e1rok\u016f - PicRights","robots":{"index":"index","follow":"follow","max-snippet":"max-snippet:-1","max-image-preview":"max-image-preview:large","max-video-preview":"max-video-preview:-1"},"canonical":"https:\/\/picrights.com\/cs\/claims\/","og_locale":"cs_CZ","og_type":"article","og_title":"Str\u00e1nka t\u00fdkaj\u00edc\u00ed se n\u00e1rok\u016f - PicRights","og_description":"Dostal(a) jsem upozorn\u011bn\u00ed na poru\u0161en\u00ed autorsk\u00fdch pr\u00e1v. Co te\u010f? C\u00edlem spole\u010dnosti PicRights je vy\u0159e\u0161it poru\u0161en\u00ed autorsk\u00fdch pr\u00e1v rychle a spravedliv\u011b \u2013 ani\u017e by bylo t\u0159eba se obracet na soudy. Na\u0161i mana\u017ee\u0159i pro oblast dodr\u017eov\u00e1n\u00ed autorsk\u00fdch pr\u00e1v maj\u00ed dlouhodob\u00e9 zku\u0161enosti s \u0159e\u0161en\u00edm n\u00e1rok\u016f v souvislosti s autorsk\u00fdmi pr\u00e1vy a n\u00e1pomocni jsou [&hellip;]","og_url":"https:\/\/picrights.com\/cs\/claims\/","og_site_name":"PicRights","article_modified_time":"2019-12-12T18:32:29+00:00","og_image":[{"width":2000,"height":1150,"url":"https:\/\/picrights.com\/wp-content\/uploads\/2019\/07\/6113-08105434.jpg","type":"image\/jpeg"}],"twitter_card":"summary_large_image","twitter_misc":{"Odhadovan\u00e1 doba \u010dten\u00ed":"3 minuty"},"schema":{"@context":"https:\/\/schema.org","@graph":[{"@type":"WebPage","@id":"https:\/\/picrights.com\/cs\/claims\/","url":"https:\/\/picrights.com\/cs\/claims\/","name":"Str\u00e1nka t\u00fdkaj\u00edc\u00ed se n\u00e1rok\u016f - PicRights","isPartOf":{"@id":"https:\/\/picrights.com\/#website"},"primaryImageOfPage":{"@id":"https:\/\/picrights.com\/cs\/claims\/#primaryimage"},"image":{"@id":"https:\/\/picrights.com\/cs\/claims\/#primaryimage"},"thumbnailUrl":"https:\/\/picrights.com\/wp-content\/uploads\/2019\/07\/6113-08105434.jpg","datePublished":"2019-07-18T19:39:38+00:00","dateModified":"2019-12-12T18:32:29+00:00","breadcrumb":{"@id":"https:\/\/picrights.com\/cs\/claims\/#breadcrumb"},"inLanguage":"cs","potentialAction":[{"@type":"ReadAction","target":["https:\/\/picrights.com\/cs\/claims\/"]}]},{"@type":"ImageObject","inLanguage":"cs","@id":"https:\/\/picrights.com\/cs\/claims\/#primaryimage","url":"https:\/\/picrights.com\/wp-content\/uploads\/2019\/07\/6113-08105434.jpg","contentUrl":"https:\/\/picrights.com\/wp-content\/uploads\/2019\/07\/6113-08105434.jpg","width":2000,"height":1150},{"@type":"BreadcrumbList","@id":"https:\/\/picrights.com\/cs\/claims\/#breadcrumb","itemListElement":[{"@type":"ListItem","position":1,"name":"Home","item":"https:\/\/picrights.com\/cs\/"},{"@type":"ListItem","position":2,"name":"Str\u00e1nka t\u00fdkaj\u00edc\u00ed se n\u00e1rok\u016f"}]},{"@type":"WebSite","@id":"https:\/\/picrights.com\/#website","url":"https:\/\/picrights.com\/","name":"PicRights","description":"Copyright Compliance","publisher":{"@id":"https:\/\/picrights.com\/#organization"},"potentialAction":[{"@type":"SearchAction","target":{"@type":"EntryPoint","urlTemplate":"https:\/\/picrights.com\/?s={search_term_string}"},"query-input":{"@type":"PropertyValueSpecification","valueRequired":true,"valueName":"search_term_string"}}],"inLanguage":"cs"},{"@type":"Organization","@id":"https:\/\/picrights.com\/#organization","name":"PicRights GmbH","url":"https:\/\/picrights.com\/","logo":{"@type":"ImageObject","inLanguage":"cs","@id":"https:\/\/picrights.com\/#\/schema\/logo\/image\/","url":"https:\/\/picrights.com\/wp-content\/uploads\/2019\/08\/PicRightsLogo_rev1.png","contentUrl":"https:\/\/picrights.com\/wp-content\/uploads\/2019\/08\/PicRightsLogo_rev1.png","width":146,"height":151,"caption":"PicRights GmbH"},"image":{"@id":"https:\/\/picrights.com\/#\/schema\/logo\/image\/"},"sameAs":["https:\/\/www.linkedin.com\/company\/picrights"]}]}},"_links":{"self":[{"href":"https:\/\/picrights.com\/cs\/wp-json\/wp\/v2\/pages\/30430","targetHints":{"allow":["GET"]}}],"collection":[{"href":"https:\/\/picrights.com\/cs\/wp-json\/wp\/v2\/pages"}],"about":[{"href":"https:\/\/picrights.com\/cs\/wp-json\/wp\/v2\/types\/page"}],"author":[{"embeddable":true,"href":"https:\/\/picrights.com\/cs\/wp-json\/wp\/v2\/users\/5"}],"replies":[{"embeddable":true,"href":"https:\/\/picrights.com\/cs\/wp-json\/wp\/v2\/comments?post=30430"}],"version-history":[{"count":0,"href":"https:\/\/picrights.com\/cs\/wp-json\/wp\/v2\/pages\/30430\/revisions"}],"wp:featuredmedia":[{"embeddable":true,"href":"https:\/\/picrights.com\/cs\/wp-json\/wp\/v2\/media\/31065"}],"wp:attachment":[{"href":"https:\/\/picrights.com\/cs\/wp-json\/wp\/v2\/media?parent=30430"}],"curies":[{"name":"wp","href":"https:\/\/api.w.org\/{rel}","templated":true}]}}