{"id":30502,"date":"2019-07-18T19:33:09","date_gmt":"2019-07-18T19:33:09","guid":{"rendered":"http:\/\/wemadethisapp.com\/faqs\/"},"modified":"2021-05-03T20:40:18","modified_gmt":"2021-05-03T20:40:18","slug":"faqs","status":"publish","type":"page","link":"https:\/\/picrights.com\/es\/faqs\/","title":{"rendered":"Preguntas frecuentes"},"content":{"rendered":"<div class=\"wpb-content-wrapper\"><p>[vc_row][vc_column][vc_column_text]<\/p>\n<h1>Preguntas frecuentes<\/h1>\n<h3 id=\"imageremoval\">\u00bfPor qu\u00e9 he recibido un aviso de PicRights?<\/h3>\n<p>Como explicamos en nuestra carta, usted ha utilizado una o m\u00e1s im\u00e1genes que son propiedad de uno de nuestros clientes o est\u00e1n representadas por \u00e9l. Nuestro cliente no puede encontrar ning\u00fan registro de una licencia concedida para su uso, por lo que parece que ha infringido los derechos de autor de nuestro cliente. Nuestro cliente nos ha pedido que nos pongamos en contacto con usted para resolver el asunto. <a href=\"http:\/\/picrights.com\/es\/claims\/\">M\u00e1s informaci\u00f3n<\/a><\/p>\n<h3>\u00bfEl problema se soluciona si elimino la imagen?<\/h3>\n<p>No. Aunque la eliminaci\u00f3n de la imagen es un punto de partida y una condici\u00f3n para el acuerdo, no resuelve el problema. El uso de im\u00e1genes con derechos de autor requiere una licencia adecuada que cubra todos y cada uno de los usos. Por lo tanto, se requiere el pago de una tasa por el uso no autorizado anterior para resolver el asunto por completo.<\/p>\n<h3>\u00bfTengo que hablar con un abogado?<\/h3>\n<p>La informaci\u00f3n que proporcionamos en este sitio web es un recurso general y no constituye un asesoramiento jur\u00eddico. Le recomendamos encarecidamente que hable con un abogado cualificado si tiene preguntas legales sobre la carta que recibi\u00f3 de nosotros o sobre los derechos de autor en general. Sin embargo, no est\u00e1 obligado a contratar a un abogado para resolver una reclamaci\u00f3n con uno de nuestros Responsables de Cumplimiento Normativo.<\/p>\n<h3 id=\"designer\">\u00bfQu\u00e9 son los derechos de autor?<\/h3>\n<p>El derecho de autor es el derecho exclusivo a reproducir, adaptar, utilizar, distribuir y mostrar una obra original de autor\u00eda, como una fotograf\u00eda. Este derecho est\u00e1 protegido por los tratados y las leyes de Espa\u00f1a.<\/p>\n<p>Para m\u00e1s informaci\u00f3n, consulte:<br \/>Wikipedia (En ingl\u00e9s) \u2013 <a href=\"https:\/\/en.wikipedia.org\/wiki\/Copyright_law_of_the_European_Union\" target=\"_blank\" rel=\"noopener\">Copyright Laws of the European Union<\/a><\/p>\n<h3>\u00bfQu\u00e9 pasa si contrat\u00e9 a alguien para crear mi sitio web?<\/h3>\n<p>No importa si otra persona que dise\u00f1\u00f3 su sitio web le proporcion\u00f3 la imagen o si usted conoc\u00eda los derechos de nuestro cliente sobre la obra antes de utilizarla. Como usuario final, usted es responsable del contenido de su sitio web y del pago de los derechos de licencia correspondientes. No nos pondremos en contacto con el dise\u00f1ador para llegar a un acuerdo a menos que \u00e9ste acepte hacerse responsable de la reclamaci\u00f3n y tenga los medios para hacerlo. Si cree que el dise\u00f1ador es responsable, es usted quien debe ponerse en contacto con \u00e9l.<\/p>\n<h3>\u00bfQu\u00e9 pasa si compr\u00e9 la imagen como parte de una plantilla de dise\u00f1o?<\/h3>\n<p>Como se ha indicado anteriormente, usted es el responsable \u00faltimo de asegurarse de que tiene permiso para utilizar la imagen. Si compr\u00f3 o adquiri\u00f3 im\u00e1genes de un servicio de suscripci\u00f3n o de un sitio web que proporciona plantillas, sigue siendo responsable de la reclamaci\u00f3n si esa empresa no licenci\u00f3 adecuadamente la imagen para incluir su uso.<\/p>\n<h3>\u00bfQu\u00e9 pasa si no sab\u00eda que ten\u00eda que obtener una licencia para usar la imagen?<\/h3>\n<p>Es responsable incluso si ha infringido accidentalmente los derechos de autor de alguien o no sab\u00eda que la imagen estaba protegida por derechos de autor y necesitaba una licencia. Su desconocimiento no excusa ni descarta su uso no autorizado, ni le exime de las tasas que debe pagar por el uso no autorizado de la imagen.<\/p>\n<h3>\u00bfQu\u00e9 pasa si encontr\u00e9 la imagen en internet y esta no ten\u00eda marca de agua ni aviso de derechos de autor?<\/h3>\n<p>La falta de una nota de copyright o marca de agua no significa que la obra en cuesti\u00f3n haya perdido la protecci\u00f3n de los derechos de autor. Una imagen est\u00e1 protegida por los derechos de autor desde el momento en que se crea, independientemente de que se publique o no, de que se registre o no, y de que la acompa\u00f1e o no un aviso de derechos de autor o una marca de agua.<\/p>\n<h3>\u00bfLas im\u00e1genes en Internet no son de dominio p\u00fablico?<\/h3>\n<p>Que una imagen est\u00e9 en Internet no significa que sea de dominio p\u00fablico. El t\u00e9rmino \u00abdominio p\u00fablico\u00bb se limita a las obras en las que los derechos de autor han expirado (generalmente 70 a\u00f1os despu\u00e9s de la muerte del autor) o en las que el propietario de los derechos de autor ha hecho una declaraci\u00f3n clara de que la obra no est\u00e1 sujeta a derechos de autor.<\/p>\n<h3>\u00bfY si encuentro la imagen a trav\u00e9s de un motor de b\u00fasqueda, como Google?<\/h3>\n<p>El simple hecho de que una imagen pueda encontrarse en Internet a trav\u00e9s de un motor de b\u00fasqueda como Google no significa que la imagen no est\u00e9 protegida por derechos de autor. Los motores de b\u00fasqueda como Google muestran im\u00e1genes ubicadas en sitios de terceros, pero no ofrecen ninguna sugerencia de que esas im\u00e1genes sean de dominio p\u00fablico. Por ejemplo, si realiza una b\u00fasqueda en Google Images y hace clic en una imagen, aparece debajo de la misma el aviso <em>\u00abLas im\u00e1genes pueden estar sujetas a derechos de autor\u00bb<\/em>.<\/p>\n<p>Cualquier persona que busque en Internet im\u00e1genes para cualquier medio de comunicaci\u00f3n debe asumir siempre que las im\u00e1genes est\u00e1n protegidas por derechos de autor y no pueden ser utilizadas en ning\u00fan contexto hasta que se confirme lo contrario. Es obligaci\u00f3n y responsabilidad del usuario final asegurarse de que no est\u00e1 infringiendo los derechos de autor de ninguna parte antes de publicar cualquier imagen en cualquier medio.<\/p>\n<h3>\u00bfEs necesario registrar los derechos de autor para que sean legales?<\/h3>\n<p>No. Los derechos de autor de las obras originales son autom\u00e1ticos, y el registro -aunque conlleva ciertos beneficios para el propietario de los derechos de autor en Estados Unidos- no es necesario para que una obra est\u00e9 protegida por los derechos de autor. La protecci\u00f3n se otorga inmediatamente cuando la obra se completa, lo que, en el caso de una fotograf\u00eda, ocurre en el momento en que se pulsa el obturador.<\/p>\n<h3>\u00bfQu\u00e9 pasa si no gan\u00e9 dinero con la imagen?<\/h3>\n<p>Ganar dinero con el uso de una imagen es irrelevante a la hora de determinar si el uso fue una infracci\u00f3n. Aunque ganar dinero con el uso de la imagen puede aumentar la cuant\u00eda de los da\u00f1os, no es necesario para que nuestro cliente tenga derecho a percibir honorarios por el uso no autorizado de su obra.<\/p>\n<h3>\u00bfEst\u00e1n las organizaciones sin \u00e1nimo de lucro y las ben\u00e9ficas exentas de derechos de autor?<\/h3>\n<p>No. Una organizaci\u00f3n sin \u00e1nimo de lucro o una organizaci\u00f3n ben\u00e9fica tiene que seguir las mismas leyes de derechos de autor que todo el mundo. Sin embargo, PicRights es sensible a las circunstancias de las organizaciones sin \u00e1nimo de lucro. Para que podamos seguir revisando el asunto, generalmente requerimos documentaci\u00f3n formal para respaldar una reducci\u00f3n de la tasa evaluada.<\/p>\n<p>Para que quede claro, todav\u00eda se requerir\u00e1 un pago para resolver su asunto.<\/p>\n<h3>\u00bfC\u00f3mo se calculan las tasas por el uso de im\u00e1genes protegidas por derechos de autor?<\/h3>\n<p>Las tarifas para utilizar im\u00e1genes protegidas por derechos de autor var\u00edan mucho en funci\u00f3n de si la imagen est\u00e1 gestionada por derechos (RM) o libre de derechos (RF).<\/p>\n<h3>\u00bfCu\u00e1l es la diferencia entre una imagen con derechos gestionados (RM) y una imagen libre de derechos (RF)?<\/h3>\n<p>Primero de todo, que una imagen tenga licencia como RM o RF depende \u00fanicamente del titular de los derechos de autor.<\/p>\n<p>Las <strong>im\u00e1genes RM<\/strong> tienen licencias con tasas basadas en el uso que se le dar\u00e1 a la imagen. Entre los factores que se tienen en cuenta est\u00e1n los medios de comunicaci\u00f3n en los que aparece una imagen, la duraci\u00f3n del uso, el territorio de publicaci\u00f3n, la cantidad de reproducciones, el tama\u00f1o y la prominencia de la imagen en el uso final (por ejemplo, si est\u00e1 en la p\u00e1gina de inicio o en la p\u00e1gina secundaria de un sitio web) y si se concede o no alguna exclusividad al usuario final. Los precios pueden variar mucho en funci\u00f3n del alcance de los derechos concedidos, incluso para la misma imagen. Esencialmente, cuanto m\u00e1s se haga con una imagen RM, mayor ser\u00e1 el precio.  Las tarifas de las im\u00e1genes RM son, por t\u00e9rmino medio, considerablemente m\u00e1s altas que las de las im\u00e1genes RF.<\/p>\n<p>Las <strong>im\u00e1genes RF<\/strong> suelen tener un precio basado en el tama\u00f1o del archivo de la imagen utilizada. Los derechos concedidos suelen ser muy amplios y permiten su uso en aplicaciones ilimitadas durante un periodo ilimitado a cambio de una tarifa fija. Suelen aplicarse algunas restricciones de licencia. Existen grandes diferencias de precio entre las distintas colecciones de im\u00e1genes RF y muchas colecciones est\u00e1n disponibles a precios muy bajos, lo que las hace ventajosas para los usuarios con presupuestos bajos para im\u00e1genes. PicRights no representa ninguna colecci\u00f3n de im\u00e1genes RF.<\/p>\n<p><strong>PicRights s\u00f3lo representa im\u00e1genes RM &#8211; no representamos ninguna colecci\u00f3n de im\u00e1genes RF.<\/strong><br \/>[\/vc_column_text][\/vc_column][\/vc_row]<\/p>\n\n<p><\/p>\n<\/div>","protected":false},"excerpt":{"rendered":"<p>[vc_row][vc_column][vc_column_text] Preguntas frecuentes \u00bfPor qu\u00e9 he recibido un aviso de PicRights? Como explicamos en nuestra carta, usted ha utilizado una o m\u00e1s im\u00e1genes que son propiedad de uno de nuestros clientes o est\u00e1n representadas por \u00e9l. Nuestro cliente no puede encontrar ning\u00fan registro de una licencia concedida para su uso, [&hellip;]<\/p>\n","protected":false},"author":5,"featured_media":30503,"parent":0,"menu_order":0,"comment_status":"closed","ping_status":"closed","template":"","meta":{"footnotes":""},"class_list":["post-30502","page","type-page","status-publish","has-post-thumbnail","hentry"],"yoast_head":"<!-- This site is optimized with the Yoast SEO plugin v27.1.1 - https:\/\/yoast.com\/product\/yoast-seo-wordpress\/ -->\n<title>Preguntas frecuentes - PicRights<\/title>\n<meta name=\"robots\" content=\"index, follow, max-snippet:-1, max-image-preview:large, max-video-preview:-1\" \/>\n<link rel=\"canonical\" href=\"https:\/\/picrights.com\/es\/faqs\/\" \/>\n<meta property=\"og:locale\" content=\"es_ES\" \/>\n<meta property=\"og:type\" content=\"article\" \/>\n<meta property=\"og:title\" content=\"Preguntas frecuentes - PicRights\" \/>\n<meta property=\"og:description\" content=\"[vc_row][vc_column][vc_column_text] Preguntas frecuentes \u00bfPor qu\u00e9 he recibido un aviso de PicRights? Como explicamos en nuestra carta, usted ha utilizado una o m\u00e1s im\u00e1genes que son propiedad de uno de nuestros clientes o est\u00e1n representadas por \u00e9l. Nuestro cliente no puede encontrar ning\u00fan registro de una licencia concedida para su uso, [&hellip;]\" \/>\n<meta property=\"og:url\" content=\"https:\/\/picrights.com\/es\/faqs\/\" \/>\n<meta property=\"og:site_name\" content=\"PicRights\" \/>\n<meta property=\"article:modified_time\" content=\"2021-05-03T20:40:18+00:00\" \/>\n<meta property=\"og:image\" content=\"https:\/\/picrights.com\/wp-content\/uploads\/2019\/08\/6113-09159932s.jpg\" \/>\n\t<meta property=\"og:image:width\" content=\"1982\" \/>\n\t<meta property=\"og:image:height\" content=\"1041\" \/>\n\t<meta property=\"og:image:type\" content=\"image\/jpeg\" \/>\n<meta name=\"twitter:card\" content=\"summary_large_image\" \/>\n<meta name=\"twitter:label1\" content=\"Tiempo de lectura\" \/>\n\t<meta name=\"twitter:data1\" content=\"8 minutos\" \/>\n<script type=\"application\/ld+json\" class=\"yoast-schema-graph\">{\"@context\":\"https:\/\/schema.org\",\"@graph\":[{\"@type\":\"WebPage\",\"@id\":\"https:\/\/picrights.com\/es\/faqs\/\",\"url\":\"https:\/\/picrights.com\/es\/faqs\/\",\"name\":\"Preguntas frecuentes - PicRights\",\"isPartOf\":{\"@id\":\"https:\/\/picrights.com\/#website\"},\"primaryImageOfPage\":{\"@id\":\"https:\/\/picrights.com\/es\/faqs\/#primaryimage\"},\"image\":{\"@id\":\"https:\/\/picrights.com\/es\/faqs\/#primaryimage\"},\"thumbnailUrl\":\"https:\/\/picrights.com\/wp-content\/uploads\/2019\/08\/6113-09159932s.jpg\",\"datePublished\":\"2019-07-18T19:33:09+00:00\",\"dateModified\":\"2021-05-03T20:40:18+00:00\",\"breadcrumb\":{\"@id\":\"https:\/\/picrights.com\/es\/faqs\/#breadcrumb\"},\"inLanguage\":\"es\",\"potentialAction\":[{\"@type\":\"ReadAction\",\"target\":[\"https:\/\/picrights.com\/es\/faqs\/\"]}]},{\"@type\":\"ImageObject\",\"inLanguage\":\"es\",\"@id\":\"https:\/\/picrights.com\/es\/faqs\/#primaryimage\",\"url\":\"https:\/\/picrights.com\/wp-content\/uploads\/2019\/08\/6113-09159932s.jpg\",\"contentUrl\":\"https:\/\/picrights.com\/wp-content\/uploads\/2019\/08\/6113-09159932s.jpg\",\"width\":1982,\"height\":1041},{\"@type\":\"BreadcrumbList\",\"@id\":\"https:\/\/picrights.com\/es\/faqs\/#breadcrumb\",\"itemListElement\":[{\"@type\":\"ListItem\",\"position\":1,\"name\":\"Home\",\"item\":\"https:\/\/picrights.com\/es\/\"},{\"@type\":\"ListItem\",\"position\":2,\"name\":\"Preguntas frecuentes\"}]},{\"@type\":\"WebSite\",\"@id\":\"https:\/\/picrights.com\/#website\",\"url\":\"https:\/\/picrights.com\/\",\"name\":\"PicRights\",\"description\":\"Copyright Compliance\",\"publisher\":{\"@id\":\"https:\/\/picrights.com\/#organization\"},\"potentialAction\":[{\"@type\":\"SearchAction\",\"target\":{\"@type\":\"EntryPoint\",\"urlTemplate\":\"https:\/\/picrights.com\/?s={search_term_string}\"},\"query-input\":{\"@type\":\"PropertyValueSpecification\",\"valueRequired\":true,\"valueName\":\"search_term_string\"}}],\"inLanguage\":\"es\"},{\"@type\":\"Organization\",\"@id\":\"https:\/\/picrights.com\/#organization\",\"name\":\"PicRights GmbH\",\"url\":\"https:\/\/picrights.com\/\",\"logo\":{\"@type\":\"ImageObject\",\"inLanguage\":\"es\",\"@id\":\"https:\/\/picrights.com\/#\/schema\/logo\/image\/\",\"url\":\"https:\/\/picrights.com\/wp-content\/uploads\/2019\/08\/PicRightsLogo_rev1.png\",\"contentUrl\":\"https:\/\/picrights.com\/wp-content\/uploads\/2019\/08\/PicRightsLogo_rev1.png\",\"width\":146,\"height\":151,\"caption\":\"PicRights GmbH\"},\"image\":{\"@id\":\"https:\/\/picrights.com\/#\/schema\/logo\/image\/\"},\"sameAs\":[\"https:\/\/www.linkedin.com\/company\/picrights\"]}]}<\/script>\n<!-- \/ Yoast SEO plugin. -->","yoast_head_json":{"title":"Preguntas frecuentes - PicRights","robots":{"index":"index","follow":"follow","max-snippet":"max-snippet:-1","max-image-preview":"max-image-preview:large","max-video-preview":"max-video-preview:-1"},"canonical":"https:\/\/picrights.com\/es\/faqs\/","og_locale":"es_ES","og_type":"article","og_title":"Preguntas frecuentes - PicRights","og_description":"[vc_row][vc_column][vc_column_text] Preguntas frecuentes \u00bfPor qu\u00e9 he recibido un aviso de PicRights? Como explicamos en nuestra carta, usted ha utilizado una o m\u00e1s im\u00e1genes que son propiedad de uno de nuestros clientes o est\u00e1n representadas por \u00e9l. Nuestro cliente no puede encontrar ning\u00fan registro de una licencia concedida para su uso, [&hellip;]","og_url":"https:\/\/picrights.com\/es\/faqs\/","og_site_name":"PicRights","article_modified_time":"2021-05-03T20:40:18+00:00","og_image":[{"width":1982,"height":1041,"url":"https:\/\/picrights.com\/wp-content\/uploads\/2019\/08\/6113-09159932s.jpg","type":"image\/jpeg"}],"twitter_card":"summary_large_image","twitter_misc":{"Tiempo de lectura":"8 minutos"},"schema":{"@context":"https:\/\/schema.org","@graph":[{"@type":"WebPage","@id":"https:\/\/picrights.com\/es\/faqs\/","url":"https:\/\/picrights.com\/es\/faqs\/","name":"Preguntas frecuentes - PicRights","isPartOf":{"@id":"https:\/\/picrights.com\/#website"},"primaryImageOfPage":{"@id":"https:\/\/picrights.com\/es\/faqs\/#primaryimage"},"image":{"@id":"https:\/\/picrights.com\/es\/faqs\/#primaryimage"},"thumbnailUrl":"https:\/\/picrights.com\/wp-content\/uploads\/2019\/08\/6113-09159932s.jpg","datePublished":"2019-07-18T19:33:09+00:00","dateModified":"2021-05-03T20:40:18+00:00","breadcrumb":{"@id":"https:\/\/picrights.com\/es\/faqs\/#breadcrumb"},"inLanguage":"es","potentialAction":[{"@type":"ReadAction","target":["https:\/\/picrights.com\/es\/faqs\/"]}]},{"@type":"ImageObject","inLanguage":"es","@id":"https:\/\/picrights.com\/es\/faqs\/#primaryimage","url":"https:\/\/picrights.com\/wp-content\/uploads\/2019\/08\/6113-09159932s.jpg","contentUrl":"https:\/\/picrights.com\/wp-content\/uploads\/2019\/08\/6113-09159932s.jpg","width":1982,"height":1041},{"@type":"BreadcrumbList","@id":"https:\/\/picrights.com\/es\/faqs\/#breadcrumb","itemListElement":[{"@type":"ListItem","position":1,"name":"Home","item":"https:\/\/picrights.com\/es\/"},{"@type":"ListItem","position":2,"name":"Preguntas frecuentes"}]},{"@type":"WebSite","@id":"https:\/\/picrights.com\/#website","url":"https:\/\/picrights.com\/","name":"PicRights","description":"Copyright Compliance","publisher":{"@id":"https:\/\/picrights.com\/#organization"},"potentialAction":[{"@type":"SearchAction","target":{"@type":"EntryPoint","urlTemplate":"https:\/\/picrights.com\/?s={search_term_string}"},"query-input":{"@type":"PropertyValueSpecification","valueRequired":true,"valueName":"search_term_string"}}],"inLanguage":"es"},{"@type":"Organization","@id":"https:\/\/picrights.com\/#organization","name":"PicRights GmbH","url":"https:\/\/picrights.com\/","logo":{"@type":"ImageObject","inLanguage":"es","@id":"https:\/\/picrights.com\/#\/schema\/logo\/image\/","url":"https:\/\/picrights.com\/wp-content\/uploads\/2019\/08\/PicRightsLogo_rev1.png","contentUrl":"https:\/\/picrights.com\/wp-content\/uploads\/2019\/08\/PicRightsLogo_rev1.png","width":146,"height":151,"caption":"PicRights GmbH"},"image":{"@id":"https:\/\/picrights.com\/#\/schema\/logo\/image\/"},"sameAs":["https:\/\/www.linkedin.com\/company\/picrights"]}]}},"_links":{"self":[{"href":"https:\/\/picrights.com\/es\/wp-json\/wp\/v2\/pages\/30502","targetHints":{"allow":["GET"]}}],"collection":[{"href":"https:\/\/picrights.com\/es\/wp-json\/wp\/v2\/pages"}],"about":[{"href":"https:\/\/picrights.com\/es\/wp-json\/wp\/v2\/types\/page"}],"author":[{"embeddable":true,"href":"https:\/\/picrights.com\/es\/wp-json\/wp\/v2\/users\/5"}],"replies":[{"embeddable":true,"href":"https:\/\/picrights.com\/es\/wp-json\/wp\/v2\/comments?post=30502"}],"version-history":[{"count":0,"href":"https:\/\/picrights.com\/es\/wp-json\/wp\/v2\/pages\/30502\/revisions"}],"wp:featuredmedia":[{"embeddable":true,"href":"https:\/\/picrights.com\/es\/wp-json\/wp\/v2\/media\/30503"}],"wp:attachment":[{"href":"https:\/\/picrights.com\/es\/wp-json\/wp\/v2\/media?parent=30502"}],"curies":[{"name":"wp","href":"https:\/\/api.w.org\/{rel}","templated":true}]}}