{"id":30428,"date":"2019-07-18T19:39:38","date_gmt":"2019-07-18T19:39:38","guid":{"rendered":"http:\/\/wemadethisapp.com\/claims\/"},"modified":"2023-10-30T21:44:20","modified_gmt":"2023-10-30T21:44:20","slug":"claims","status":"publish","type":"page","link":"https:\/\/picrights.com\/fr-be\/claims\/","title":{"rendered":"Nos demandes"},"content":{"rendered":"<h3>J\u2019ai re\u00e7u une correspondance de la part de la soci\u00e9t\u00e9 PicRights, et maintenant ?<\/h3>\n<h5 class=\"tagline\">L\u2019objectif de la soci\u00e9t\u00e9 PicRights est de r\u00e9soudre amiablement les probl\u00e9matiques li\u00e9es au droit d\u2019auteur de mani\u00e8re juste et efficace. Nos \u00e9quipes PicRights ont des ann\u00e9es d\u2019exp\u00e9rience dans la r\u00e9solution des dossiers relatifs au droit d\u2019auteur.<\/h5>\n<p>Vous avez re\u00e7u de notre part une demande d\u2019information relative \u00e0 l\u2019utilisation non autoris\u00e9e d\u2019une image ? A r\u00e9ception de cette correspondance, il convient de contacter les \u00e9quipes PicRights afin de prendre connaissance des prochaines \u00e9tapes. Leurs coordonn\u00e9es \u00e9tant renseign\u00e9es sur la correspondance que vous avez re\u00e7ue. Avant de contacter nos \u00e9quipes, il vous est possible de consulter <a href=\"http:\/\/picrights.com\/fr-be\/faqs\/\">la Foire aux Questions<\/a> et notre <a href=\"http:\/\/picrights.com\/fr-be\/copyright\/\">document relatif<\/a> \u00e0 la r\u00e9glementation en droit d\u2019auteur.<\/p>\n<p>En r\u00e9sum\u00e9, l\u2019utilisation d\u2019une image prot\u00e9g\u00e9e par le droit d\u2019auteur requiert l\u2019achat d\u2019une licence pour cette utilisation. La bonne foi est indiff\u00e9rente en mati\u00e8re d\u2019utilisation d\u2019une image sans autorisation. Par cons\u00e9quent, le versement d\u2019une indemnit\u00e9 pour l\u2019utilisation pass\u00e9e et non autoris\u00e9e de l\u2019image sera n\u00e9cessaire pour cl\u00f4turer le dossier en question. Pour cela, nous vous laissons le soin de joindre nos \u00e9quipes PicRights. <a href=\"https:\/\/resolve.picrights.com\/\">Si vous \u00eates pr\u00eat \u00e0 verser ce montant, munissez-vous de votre num\u00e9ro de r\u00e9f\u00e9rence et visitez le portail de paiement indiqu\u00e9 sur votre correspondance.<\/a><\/p>\n<p>Nous mettons \u00e0 votre disposition un accord transactionnel vous garantissant qu\u2019\u00e0 r\u00e9ception du montant total demand\u00e9, nous cl\u00f4turerons le dossier. Si aucune issue amiable ne saurait \u00eatre trouv\u00e9e pour le r\u00e8glement du dossier en question, nos \u00e9quipes transmettront votre dossier \u00e0 un cabinet d\u2019avocats sp\u00e9cialis\u00e9 en droit de la propri\u00e9t\u00e9 intellectuelle.<\/p>\n<h4>Dois-je en parler \u00e0 mon avocat ?<\/h4>\n<p>Nous fournissons toutes les informations n\u00e9cessaires sur les questions entourant le droit d\u2019auteur. Toutefois, les informations mises \u00e0 disposition ne constituent pas des conseils juridiques. Si vous souhaitez b\u00e9n\u00e9ficier de conseils juridiques \u00e0 propos de notre correspondance et du droit d\u2019auteur en g\u00e9n\u00e9ral, nous vous recommandons vivement d\u2019en discuter avec votre avocat. N\u00e9anmoins, nous tenons \u00e0 pr\u00e9ciser que vous n\u2019\u00eates pas dans l\u2019obligation de faire appel \u00e0 votre avocat pour r\u00e9soudre le dossier avec les membres de notre \u00e9quipe PicRights.<\/p>\n<h4>Que dois-je faire \u00e0 pr\u00e9sent ?<\/h4>\n<p>Nous vous prions de bien vouloir contacter les \u00e9quipes PicRights. Si vous le souhaitez, vous pouvez faire appel \u00e0 votre avocat pour initier le contact avec les \u00e9quipes PicRights.<br \/>\nLa mission de PicRights est de r\u00e9soudre amiablement le dossier de fa\u00e7on juste et raisonnable compte tenu de votre situation et de celle de notre client.<br \/>\nSi n\u00e9cessaire et faute d\u2019issue amiable apr\u00e8s contact avec les \u00e9quipes PicRights, nous tenons \u00e0 pr\u00e9ciser que notre client n\u2019h\u00e9sitera pas \u00e0 d\u00e9buter une phase contentieuse en r\u00e9paration de son pr\u00e9judice aupr\u00e8s des juridictions comp\u00e9tentes.<\/p>\n","protected":false},"excerpt":{"rendered":"<p>J\u2019ai re\u00e7u une correspondance de la part de la soci\u00e9t\u00e9 PicRights, et maintenant ? L\u2019objectif de la soci\u00e9t\u00e9 PicRights est de r\u00e9soudre amiablement les probl\u00e9matiques li\u00e9es au droit d\u2019auteur de mani\u00e8re juste et efficace. Nos \u00e9quipes PicRights ont des ann\u00e9es d\u2019exp\u00e9rience dans la r\u00e9solution des dossiers relatifs au droit d\u2019auteur. [&hellip;]<\/p>\n","protected":false},"author":5,"featured_media":31023,"parent":0,"menu_order":0,"comment_status":"closed","ping_status":"closed","template":"","meta":{"footnotes":""},"class_list":["post-30428","page","type-page","status-publish","has-post-thumbnail","hentry"],"yoast_head":"<!-- This site is optimized with the Yoast SEO plugin v27.3 - https:\/\/yoast.com\/product\/yoast-seo-wordpress\/ -->\n<title>Nos demandes - PicRights<\/title>\n<meta name=\"description\" content=\"Les \u00e9quipes de PicRights sont d\u00e9di\u00e9es \u00e0 la r\u00e9solution des diff\u00e9rends li\u00e9s au droit d\u2019auteur. Notre mission est de r\u00e9soudre ces diff\u00e9rends de mani\u00e8re juste et efficace sans avoir recours \u00e0 une juridiction.\" \/>\n<meta name=\"robots\" content=\"index, follow, max-snippet:-1, max-image-preview:large, max-video-preview:-1\" \/>\n<link rel=\"canonical\" href=\"https:\/\/picrights.com\/claims\/\" \/>\n<meta property=\"og:locale\" content=\"fr_FR\" \/>\n<meta property=\"og:type\" content=\"article\" \/>\n<meta property=\"og:title\" content=\"Nos demandes - PicRights\" \/>\n<meta property=\"og:description\" content=\"Les \u00e9quipes de PicRights sont d\u00e9di\u00e9es \u00e0 la r\u00e9solution des diff\u00e9rends li\u00e9s au droit d\u2019auteur. Notre mission est de r\u00e9soudre ces diff\u00e9rends de mani\u00e8re juste et efficace sans avoir recours \u00e0 une juridiction.\" \/>\n<meta property=\"og:url\" content=\"https:\/\/picrights.com\/claims\/\" \/>\n<meta property=\"og:site_name\" content=\"PicRights\" \/>\n<meta property=\"article:modified_time\" content=\"2023-10-30T21:44:20+00:00\" \/>\n<meta property=\"og:image\" content=\"https:\/\/picrights.com\/wp-content\/uploads\/2019\/07\/6113-08105434.jpg\" \/>\n\t<meta property=\"og:image:width\" content=\"2000\" \/>\n\t<meta property=\"og:image:height\" content=\"1150\" \/>\n\t<meta property=\"og:image:type\" content=\"image\/jpeg\" \/>\n<meta name=\"twitter:card\" content=\"summary_large_image\" \/>\n<meta name=\"twitter:label1\" content=\"Dur\u00e9e de lecture est.\" \/>\n\t<meta name=\"twitter:data1\" content=\"3 minutes\" \/>\n<script type=\"application\/ld+json\" class=\"yoast-schema-graph\">{\"@context\":\"https:\\\/\\\/schema.org\",\"@graph\":[{\"@type\":\"WebPage\",\"@id\":\"https:\\\/\\\/picrights.com\\\/claims\\\/\",\"url\":\"https:\\\/\\\/picrights.com\\\/claims\\\/\",\"name\":\"Nos demandes - PicRights\",\"isPartOf\":{\"@id\":\"https:\\\/\\\/picrights.com\\\/#website\"},\"primaryImageOfPage\":{\"@id\":\"https:\\\/\\\/picrights.com\\\/claims\\\/#primaryimage\"},\"image\":{\"@id\":\"https:\\\/\\\/picrights.com\\\/claims\\\/#primaryimage\"},\"thumbnailUrl\":\"https:\\\/\\\/picrights.com\\\/wp-content\\\/uploads\\\/2019\\\/07\\\/6113-08105434.jpg\",\"datePublished\":\"2019-07-18T19:39:38+00:00\",\"dateModified\":\"2023-10-30T21:44:20+00:00\",\"description\":\"Les \u00e9quipes de PicRights sont d\u00e9di\u00e9es \u00e0 la r\u00e9solution des diff\u00e9rends li\u00e9s au droit d\u2019auteur. Notre mission est de r\u00e9soudre ces diff\u00e9rends de mani\u00e8re juste et efficace sans avoir recours \u00e0 une juridiction.\",\"breadcrumb\":{\"@id\":\"https:\\\/\\\/picrights.com\\\/claims\\\/#breadcrumb\"},\"inLanguage\":\"fr-BE\",\"potentialAction\":[{\"@type\":\"ReadAction\",\"target\":[\"https:\\\/\\\/picrights.com\\\/claims\\\/\"]}]},{\"@type\":\"ImageObject\",\"inLanguage\":\"fr-BE\",\"@id\":\"https:\\\/\\\/picrights.com\\\/claims\\\/#primaryimage\",\"url\":\"https:\\\/\\\/picrights.com\\\/wp-content\\\/uploads\\\/2019\\\/07\\\/6113-08105434.jpg\",\"contentUrl\":\"https:\\\/\\\/picrights.com\\\/wp-content\\\/uploads\\\/2019\\\/07\\\/6113-08105434.jpg\",\"width\":2000,\"height\":1150},{\"@type\":\"BreadcrumbList\",\"@id\":\"https:\\\/\\\/picrights.com\\\/claims\\\/#breadcrumb\",\"itemListElement\":[{\"@type\":\"ListItem\",\"position\":1,\"name\":\"Home\",\"item\":\"https:\\\/\\\/picrights.com\\\/fr-be\\\/\"},{\"@type\":\"ListItem\",\"position\":2,\"name\":\"Nos demandes\"}]},{\"@type\":\"WebSite\",\"@id\":\"https:\\\/\\\/picrights.com\\\/#website\",\"url\":\"https:\\\/\\\/picrights.com\\\/\",\"name\":\"PicRights\",\"description\":\"Copyright Compliance\",\"publisher\":{\"@id\":\"https:\\\/\\\/picrights.com\\\/#organization\"},\"potentialAction\":[{\"@type\":\"SearchAction\",\"target\":{\"@type\":\"EntryPoint\",\"urlTemplate\":\"https:\\\/\\\/picrights.com\\\/?s={search_term_string}\"},\"query-input\":{\"@type\":\"PropertyValueSpecification\",\"valueRequired\":true,\"valueName\":\"search_term_string\"}}],\"inLanguage\":\"fr-BE\"},{\"@type\":\"Organization\",\"@id\":\"https:\\\/\\\/picrights.com\\\/#organization\",\"name\":\"PicRights GmbH\",\"url\":\"https:\\\/\\\/picrights.com\\\/\",\"logo\":{\"@type\":\"ImageObject\",\"inLanguage\":\"fr-BE\",\"@id\":\"https:\\\/\\\/picrights.com\\\/#\\\/schema\\\/logo\\\/image\\\/\",\"url\":\"https:\\\/\\\/picrights.com\\\/wp-content\\\/uploads\\\/2019\\\/08\\\/PicRightsLogo_rev1.png\",\"contentUrl\":\"https:\\\/\\\/picrights.com\\\/wp-content\\\/uploads\\\/2019\\\/08\\\/PicRightsLogo_rev1.png\",\"width\":146,\"height\":151,\"caption\":\"PicRights GmbH\"},\"image\":{\"@id\":\"https:\\\/\\\/picrights.com\\\/#\\\/schema\\\/logo\\\/image\\\/\"},\"sameAs\":[\"https:\\\/\\\/www.linkedin.com\\\/company\\\/picrights\"]}]}<\/script>\n<!-- \/ Yoast SEO plugin. -->","yoast_head_json":{"title":"Nos demandes - PicRights","description":"Les \u00e9quipes de PicRights sont d\u00e9di\u00e9es \u00e0 la r\u00e9solution des diff\u00e9rends li\u00e9s au droit d\u2019auteur. Notre mission est de r\u00e9soudre ces diff\u00e9rends de mani\u00e8re juste et efficace sans avoir recours \u00e0 une juridiction.","robots":{"index":"index","follow":"follow","max-snippet":"max-snippet:-1","max-image-preview":"max-image-preview:large","max-video-preview":"max-video-preview:-1"},"canonical":"https:\/\/picrights.com\/claims\/","og_locale":"fr_FR","og_type":"article","og_title":"Nos demandes - PicRights","og_description":"Les \u00e9quipes de PicRights sont d\u00e9di\u00e9es \u00e0 la r\u00e9solution des diff\u00e9rends li\u00e9s au droit d\u2019auteur. Notre mission est de r\u00e9soudre ces diff\u00e9rends de mani\u00e8re juste et efficace sans avoir recours \u00e0 une juridiction.","og_url":"https:\/\/picrights.com\/claims\/","og_site_name":"PicRights","article_modified_time":"2023-10-30T21:44:20+00:00","og_image":[{"width":2000,"height":1150,"url":"https:\/\/picrights.com\/wp-content\/uploads\/2019\/07\/6113-08105434.jpg","type":"image\/jpeg"}],"twitter_card":"summary_large_image","twitter_misc":{"Dur\u00e9e de lecture est.":"3 minutes"},"schema":{"@context":"https:\/\/schema.org","@graph":[{"@type":"WebPage","@id":"https:\/\/picrights.com\/claims\/","url":"https:\/\/picrights.com\/claims\/","name":"Nos demandes - PicRights","isPartOf":{"@id":"https:\/\/picrights.com\/#website"},"primaryImageOfPage":{"@id":"https:\/\/picrights.com\/claims\/#primaryimage"},"image":{"@id":"https:\/\/picrights.com\/claims\/#primaryimage"},"thumbnailUrl":"https:\/\/picrights.com\/wp-content\/uploads\/2019\/07\/6113-08105434.jpg","datePublished":"2019-07-18T19:39:38+00:00","dateModified":"2023-10-30T21:44:20+00:00","description":"Les \u00e9quipes de PicRights sont d\u00e9di\u00e9es \u00e0 la r\u00e9solution des diff\u00e9rends li\u00e9s au droit d\u2019auteur. Notre mission est de r\u00e9soudre ces diff\u00e9rends de mani\u00e8re juste et efficace sans avoir recours \u00e0 une juridiction.","breadcrumb":{"@id":"https:\/\/picrights.com\/claims\/#breadcrumb"},"inLanguage":"fr-BE","potentialAction":[{"@type":"ReadAction","target":["https:\/\/picrights.com\/claims\/"]}]},{"@type":"ImageObject","inLanguage":"fr-BE","@id":"https:\/\/picrights.com\/claims\/#primaryimage","url":"https:\/\/picrights.com\/wp-content\/uploads\/2019\/07\/6113-08105434.jpg","contentUrl":"https:\/\/picrights.com\/wp-content\/uploads\/2019\/07\/6113-08105434.jpg","width":2000,"height":1150},{"@type":"BreadcrumbList","@id":"https:\/\/picrights.com\/claims\/#breadcrumb","itemListElement":[{"@type":"ListItem","position":1,"name":"Home","item":"https:\/\/picrights.com\/fr-be\/"},{"@type":"ListItem","position":2,"name":"Nos demandes"}]},{"@type":"WebSite","@id":"https:\/\/picrights.com\/#website","url":"https:\/\/picrights.com\/","name":"PicRights","description":"Copyright Compliance","publisher":{"@id":"https:\/\/picrights.com\/#organization"},"potentialAction":[{"@type":"SearchAction","target":{"@type":"EntryPoint","urlTemplate":"https:\/\/picrights.com\/?s={search_term_string}"},"query-input":{"@type":"PropertyValueSpecification","valueRequired":true,"valueName":"search_term_string"}}],"inLanguage":"fr-BE"},{"@type":"Organization","@id":"https:\/\/picrights.com\/#organization","name":"PicRights GmbH","url":"https:\/\/picrights.com\/","logo":{"@type":"ImageObject","inLanguage":"fr-BE","@id":"https:\/\/picrights.com\/#\/schema\/logo\/image\/","url":"https:\/\/picrights.com\/wp-content\/uploads\/2019\/08\/PicRightsLogo_rev1.png","contentUrl":"https:\/\/picrights.com\/wp-content\/uploads\/2019\/08\/PicRightsLogo_rev1.png","width":146,"height":151,"caption":"PicRights GmbH"},"image":{"@id":"https:\/\/picrights.com\/#\/schema\/logo\/image\/"},"sameAs":["https:\/\/www.linkedin.com\/company\/picrights"]}]}},"_links":{"self":[{"href":"https:\/\/picrights.com\/fr-be\/wp-json\/wp\/v2\/pages\/30428","targetHints":{"allow":["GET"]}}],"collection":[{"href":"https:\/\/picrights.com\/fr-be\/wp-json\/wp\/v2\/pages"}],"about":[{"href":"https:\/\/picrights.com\/fr-be\/wp-json\/wp\/v2\/types\/page"}],"author":[{"embeddable":true,"href":"https:\/\/picrights.com\/fr-be\/wp-json\/wp\/v2\/users\/5"}],"replies":[{"embeddable":true,"href":"https:\/\/picrights.com\/fr-be\/wp-json\/wp\/v2\/comments?post=30428"}],"version-history":[{"count":1,"href":"https:\/\/picrights.com\/fr-be\/wp-json\/wp\/v2\/pages\/30428\/revisions"}],"predecessor-version":[{"id":39645,"href":"https:\/\/picrights.com\/fr-be\/wp-json\/wp\/v2\/pages\/30428\/revisions\/39645"}],"wp:featuredmedia":[{"embeddable":true,"href":"https:\/\/picrights.com\/fr-be\/wp-json\/wp\/v2\/media\/31023"}],"wp:attachment":[{"href":"https:\/\/picrights.com\/fr-be\/wp-json\/wp\/v2\/media?parent=30428"}],"curies":[{"name":"wp","href":"https:\/\/api.w.org\/{rel}","templated":true}]}}