{"id":34861,"date":"2021-02-17T01:49:07","date_gmt":"2021-02-17T01:49:07","guid":{"rendered":"https:\/\/picrights.com\/faq\/"},"modified":"2021-10-20T17:29:23","modified_gmt":"2021-10-20T17:29:23","slug":"faq","status":"publish","type":"page","link":"https:\/\/picrights.com\/hr\/faq\/","title":{"rendered":"FAQ"},"content":{"rendered":"<div class=\"wpb-content-wrapper\"><p>[vc_row][vc_column][vc_column_text]<\/p>\n<h1>\u010cesto postavljana pitanja<\/h1>\n<h3>Za\u0161to sam primio\/la obavijest od dru\u0161tva PicRights?<\/h3>\n<p>Kao \u0161to smo objasnili u na\u0161em dopisu, upotrijebili ste jednu sliku ili vi\u0161e njih koje su u vlasni\u0161tvu ili pod zastupni\u0161tvom jednog od na\u0161ih klijenata. Na\u0161 klijent nema evidenciju o dodijeljenoj licenci za va\u0161u svrhu upotrebe, stoga se \u010dini da ste prekr\u0161ili autorska prava na\u0161eg klijenta. Na\u0161 klijent uputio nas je da stupimo u kontakt s vama kako bismo rije\u0161ili problem. <a href=\"http:\/\/picrights.com\/hr\/claims\/\">Saznajte vi\u0161e<\/a><\/p>\n<h3>Moram li razgovarati s odvjetnikom?<\/h3>\n<p>Informacije objavljene na ovom web-mjestu predstavljaju informativni sadr\u017eaj, no njih se ne mo\u017ee smatrati pravnim savjetom. Ako imate pravna pitanja o dopisu koji smo vam poslali ili o autorskim pravima op\u0107enito, preporu\u010dujemo vam da razgovarate s kvalificiranim odvjetnikom. Me\u0111utim, niste du\u017eni anga\u017eirati odvjetnika kako biste rije\u0161ili zahtjev s jednim od na\u0161ih slu\u017ebenika za pra\u0107enje uskla\u0111enosti autorskih prava.<\/p>\n<h3>\u0160to je autorsko pravo?<\/h3>\n<p>Autorska prava su ekskluzivno pravo na umno\u017eavanje, prilago\u0111avanje, upotrebu, distribuciju i prikazivanje izvornog djela za\u0161ti\u0107enog autorskim pravima, poput fotografije. To je pravo za\u0161ti\u0107eno sporazumima i zakonima EU.<\/p>\n<p>Za vi\u0161e informacija pogledajte:<br \/>\n<a href=\"https:\/\/ec.europa.eu\/digital-single-market\/en\/eu-copyright-legislation\" target=\"_blank\" rel=\"noopener\">The EU copyright legislation<\/a><\/p>\n<h3 id=\"designer\">Je li problem rije\u0161en ako uklonim sliku?<\/h3>\n<p>Ne. Iako uklanjanje slike umanjuje va\u0161u odgovornost, njime se problem ne rje\u0161ava. Upotreba slika za\u0161ti\u0107enih autorskim pravima zahtijeva odgovaraju\u0107e licenciranje za pokrivanje bilo kojeg oblika i svrhe upotrebe. Stoga je za potpuno rje\u0161avanje problema potrebno pla\u0107anje naknade za licencu.<\/p>\n<h3 id=\"template\">\u0160to ako sam anga\u017eirao\/la nekoga za izradu svojeg web-mjesta?<\/h3>\n<p>U skladu sa Zakonom o autorskim pravima nije va\u017eno tko je dizajnirao va\u0161e web-mjesto niti jeste li namjerno po\u010dinili kr\u0161enje autorskih prava. Kao krajnji korisnik odgovorni ste za kr\u0161enje prava i pla\u0107anje odgovaraju\u0107ih naknada za licence. Ne\u0107emo stupiti u kontakt s dizajnerom radi postizanja nagodbe, osim ako dizajner ne pristane preuzeti odgovornost za kr\u0161enje i ako za to ima mogu\u0107nosti. Ako smatrate da je odgovorna strana dizajner, na vama je da stupite u kontakt s njime.<\/p>\n<h3>\u0160to ako sam sliku kupio\/la kao dio predlo\u0161ka dizajna?<\/h3>\n<p>U skladu sa Zakonom o autorskim pravima vi snosite krajnju odgovornost za isho\u0111enje dozvole za upotrebu slike. Ako ste slike kupili ili nabavili putem usluge pretplate ili web-mjesta koje pru\u017ea predlo\u0161ke, i dalje ste odgovorni za kr\u0161enje autorskih prava ako to poduze\u0107e nije pravilno licenciralo sliku za va\u0161u upotrebu.<\/p>\n<h3>\u0160to ako nisam znao\/la da slika mora biti licencirana?<\/h3>\n<p>Kr\u0161enje autorskih prava naziva se kr\u0161enjem \u201eobjektivne odgovornosti\u201d. To zna\u010di da nije va\u017eno jeste li slu\u010dajno prekr\u0161ili ne\u010dija autorska prava ili niste znali da je slika za\u0161ti\u0107ena autorskim pravima i da vam je potrebna licenca. Va\u0161 nedostatak znanja ne opravdava niti poni\u0161tava va\u0161u neovla\u0161tenu upotrebu, a tako\u0111er se ne odbacuju naknade za licencu koju morate platiti za upotrebu slike.<\/p>\n<h3>\u0160to ako sam sliku prona\u0161ao\/la na internetu te nije bilo obavijesti o autorskim pravima ni vodenog \u017eiga?<\/h3>\n<p>U skladu sa Zakonom o autorskim pravima nepostojanje obavijesti o autorskim pravima ili vodenog \u017eiga ne zna\u010di da se za\u0161tita autorskih prava ne primjenjuje. Slika je za\u0161ti\u0107ena autorskim pravima od trenutka kada je stvorena \u2013 bez obzira na to je li objavljena ili registrirana ili nije te bez obzira na to jesu li uz nju prilo\u017eeni obavijest o autorskim pravima ili vodeni \u017eig ili nisu. Samo zato \u0161to je slika prikazana na internetu, ne zna\u010di da je u javnoj domeni, \u010dak ni ako ste je prona\u0161li putem tra\u017eilice kao \u0161to je Google. Pojam \u201ejavna domena\u201d usko je definirana iznimka Zakona o autorskim pravima koja se posebno odnosi na djela za koja su autorska prava istekla ili za koja je vlasnik autorskih prava dao izri\u010ditu izjavu da doti\u010dno djelo ne podlije\u017ee odredbi o autorskim pravima.<\/p>\n<h3>\u0160to ako nije do\u0161lo do zarade uslijed upotrebe slike?<\/h3>\n<p>Zarada uslijed upotrebe slike nije va\u017ena pri utvr\u0111ivanju je li upotreba predstavljala kr\u0161enje. Vlasnik autorskih prava mo\u017ee zatra\u017eiti od\u0161tetu \u010dak i ako nije do\u0161lo do zarade uslijed upotrebe slike bez odobrenja. Zarada uslijed upotrebe slike mo\u017ee pove\u0107ati iznos \u0161tete, ali to nije potrebno.<\/p>\n<h3>Kako se izra\u010dunavaju retroaktivne naknade?<\/h3>\n<p>Naknade za fotografije za kupnju uvelike se razlikuju ovisno o tome je li slika bez autorskih prava (RF) ili postoje prava na njezinu upotrebu (RM).<\/p>\n<h3>Koja je razlika izme\u0111u slika za koje postoje prava na njihovu upotrebu (RM) i slika bez autorskih prava (RF)?<\/h3>\n<p>Kao prvo, ho\u0107e li odre\u0111ena slika biti licencirana kao RM ili RF u potpunosti ovisi o vlasniku autorskih prava.<\/p>\n<p><strong>Slike RM<\/strong> licenciraju se uz naknadu na temelju na\u010dina na koji \u0107e se slika upotrebljavati. \u010cimbenici uklju\u010duju medij na kojem se slika pojavljuje, trajanje upotrebe, podru\u010dje objavljivanja, koli\u010dinu reprodukcija, veli\u010dinu i na\u010din isticanja slike u kona\u010dnoj upotrebi (npr. nalazi li se na po\u010detnoj stranici ili na sporednoj stranici web-mjesta) te je li krajnjem korisniku dodijeljena ekskluzivnost ili nije. Cijene se mogu uvelike razlikovati ovisno o opsegu dodijeljenih prava \u2013 \u010dak i za istu sliku. U na\u010delu, \u0161to \u010de\u0161\u0107e upotrebljavate sliku RM, to je cijena ve\u0107a.<\/p>\n<p><strong>Slike RF<\/strong> op\u0107enito se procjenjuju prema veli\u010dini datoteke slike koja se upotrebljava. Prava su uglavnom \u0161iroko shva\u0107ena, \u0161to omogu\u0107uje neograni\u010denu upotrebu na neograni\u010deno vrijeme uz fiksnu naknadu. U pravilu se primjenjuju odre\u0111ena ograni\u010denja licenciranja. Postoje velike razlike u cijenama izme\u0111u masovnih \u201emicrostock\u201d kolekcija (koje dru\u0161tvo PicRights ne predstavlja) i profesionalnih kolekcija slika RF (\u0161to mi \u010dinimo). [\/vc_column_text][\/vc_column][\/vc_row]<\/p>\n\n<p><\/p>\n<\/div>","protected":false},"excerpt":{"rendered":"<p>[vc_row][vc_column][vc_column_text] \u010cesto postavljana pitanja Za\u0161to sam primio\/la obavijest od dru\u0161tva PicRights? Kao \u0161to smo objasnili u na\u0161em dopisu, upotrijebili ste jednu sliku ili vi\u0161e njih koje su u vlasni\u0161tvu ili pod zastupni\u0161tvom jednog od na\u0161ih klijenata. Na\u0161 klijent nema evidenciju o dodijeljenoj licenci za va\u0161u svrhu upotrebe, stoga se \u010dini [&hellip;]<\/p>\n","protected":false},"author":5,"featured_media":34864,"parent":0,"menu_order":0,"comment_status":"closed","ping_status":"closed","template":"","meta":{"footnotes":""},"class_list":["post-34861","page","type-page","status-publish","has-post-thumbnail","hentry"],"yoast_head":"<!-- This site is optimized with the Yoast SEO plugin v27.5 - https:\/\/yoast.com\/product\/yoast-seo-wordpress\/ -->\n<title>FAQ - PicRights<\/title>\n<meta name=\"robots\" content=\"index, follow, max-snippet:-1, max-image-preview:large, max-video-preview:-1\" \/>\n<link rel=\"canonical\" href=\"https:\/\/picrights.com\/hr\/faq\/\" \/>\n<meta property=\"og:locale\" content=\"hr_HR\" \/>\n<meta property=\"og:type\" content=\"article\" \/>\n<meta property=\"og:title\" content=\"FAQ - PicRights\" \/>\n<meta property=\"og:description\" content=\"[vc_row][vc_column][vc_column_text] \u010cesto postavljana pitanja Za\u0161to sam primio\/la obavijest od dru\u0161tva PicRights? Kao \u0161to smo objasnili u na\u0161em dopisu, upotrijebili ste jednu sliku ili vi\u0161e njih koje su u vlasni\u0161tvu ili pod zastupni\u0161tvom jednog od na\u0161ih klijenata. Na\u0161 klijent nema evidenciju o dodijeljenoj licenci za va\u0161u svrhu upotrebe, stoga se \u010dini [&hellip;]\" \/>\n<meta property=\"og:url\" content=\"https:\/\/picrights.com\/hr\/faq\/\" \/>\n<meta property=\"og:site_name\" content=\"PicRights\" \/>\n<meta property=\"article:modified_time\" content=\"2021-10-20T17:29:23+00:00\" \/>\n<meta name=\"twitter:card\" content=\"summary_large_image\" \/>\n<meta name=\"twitter:label1\" content=\"Procijenjeno vrijeme \u010ditanja\" \/>\n\t<meta name=\"twitter:data1\" content=\"5 minuta\" \/>\n<script type=\"application\/ld+json\" class=\"yoast-schema-graph\">{\"@context\":\"https:\\\/\\\/schema.org\",\"@graph\":[{\"@type\":\"WebPage\",\"@id\":\"https:\\\/\\\/picrights.com\\\/hr\\\/faq\\\/\",\"url\":\"https:\\\/\\\/picrights.com\\\/hr\\\/faq\\\/\",\"name\":\"FAQ - PicRights\",\"isPartOf\":{\"@id\":\"https:\\\/\\\/picrights.com\\\/#website\"},\"primaryImageOfPage\":{\"@id\":\"https:\\\/\\\/picrights.com\\\/hr\\\/faq\\\/#primaryimage\"},\"image\":{\"@id\":\"https:\\\/\\\/picrights.com\\\/hr\\\/faq\\\/#primaryimage\"},\"thumbnailUrl\":\"https:\\\/\\\/picrights.com\\\/wp-content\\\/uploads\\\/2019\\\/08\\\/6113-09159932s.jpg\",\"datePublished\":\"2021-02-17T01:49:07+00:00\",\"dateModified\":\"2021-10-20T17:29:23+00:00\",\"breadcrumb\":{\"@id\":\"https:\\\/\\\/picrights.com\\\/hr\\\/faq\\\/#breadcrumb\"},\"inLanguage\":\"hr\",\"potentialAction\":[{\"@type\":\"ReadAction\",\"target\":[\"https:\\\/\\\/picrights.com\\\/hr\\\/faq\\\/\"]}]},{\"@type\":\"ImageObject\",\"inLanguage\":\"hr\",\"@id\":\"https:\\\/\\\/picrights.com\\\/hr\\\/faq\\\/#primaryimage\",\"url\":\"https:\\\/\\\/picrights.com\\\/wp-content\\\/uploads\\\/2019\\\/08\\\/6113-09159932s.jpg\",\"contentUrl\":\"https:\\\/\\\/picrights.com\\\/wp-content\\\/uploads\\\/2019\\\/08\\\/6113-09159932s.jpg\",\"width\":1982,\"height\":1041},{\"@type\":\"BreadcrumbList\",\"@id\":\"https:\\\/\\\/picrights.com\\\/hr\\\/faq\\\/#breadcrumb\",\"itemListElement\":[{\"@type\":\"ListItem\",\"position\":1,\"name\":\"Home\",\"item\":\"https:\\\/\\\/picrights.com\\\/hr\\\/\"},{\"@type\":\"ListItem\",\"position\":2,\"name\":\"FAQ\"}]},{\"@type\":\"WebSite\",\"@id\":\"https:\\\/\\\/picrights.com\\\/#website\",\"url\":\"https:\\\/\\\/picrights.com\\\/\",\"name\":\"PicRights\",\"description\":\"Copyright Compliance\",\"publisher\":{\"@id\":\"https:\\\/\\\/picrights.com\\\/#organization\"},\"potentialAction\":[{\"@type\":\"SearchAction\",\"target\":{\"@type\":\"EntryPoint\",\"urlTemplate\":\"https:\\\/\\\/picrights.com\\\/?s={search_term_string}\"},\"query-input\":{\"@type\":\"PropertyValueSpecification\",\"valueRequired\":true,\"valueName\":\"search_term_string\"}}],\"inLanguage\":\"hr\"},{\"@type\":\"Organization\",\"@id\":\"https:\\\/\\\/picrights.com\\\/#organization\",\"name\":\"PicRights GmbH\",\"url\":\"https:\\\/\\\/picrights.com\\\/\",\"logo\":{\"@type\":\"ImageObject\",\"inLanguage\":\"hr\",\"@id\":\"https:\\\/\\\/picrights.com\\\/#\\\/schema\\\/logo\\\/image\\\/\",\"url\":\"https:\\\/\\\/picrights.com\\\/wp-content\\\/uploads\\\/2019\\\/08\\\/PicRightsLogo_rev1.png\",\"contentUrl\":\"https:\\\/\\\/picrights.com\\\/wp-content\\\/uploads\\\/2019\\\/08\\\/PicRightsLogo_rev1.png\",\"width\":146,\"height\":151,\"caption\":\"PicRights GmbH\"},\"image\":{\"@id\":\"https:\\\/\\\/picrights.com\\\/#\\\/schema\\\/logo\\\/image\\\/\"},\"sameAs\":[\"https:\\\/\\\/www.linkedin.com\\\/company\\\/picrights\"]}]}<\/script>\n<!-- \/ Yoast SEO plugin. -->","yoast_head_json":{"title":"FAQ - PicRights","robots":{"index":"index","follow":"follow","max-snippet":"max-snippet:-1","max-image-preview":"max-image-preview:large","max-video-preview":"max-video-preview:-1"},"canonical":"https:\/\/picrights.com\/hr\/faq\/","og_locale":"hr_HR","og_type":"article","og_title":"FAQ - PicRights","og_description":"[vc_row][vc_column][vc_column_text] \u010cesto postavljana pitanja Za\u0161to sam primio\/la obavijest od dru\u0161tva PicRights? Kao \u0161to smo objasnili u na\u0161em dopisu, upotrijebili ste jednu sliku ili vi\u0161e njih koje su u vlasni\u0161tvu ili pod zastupni\u0161tvom jednog od na\u0161ih klijenata. Na\u0161 klijent nema evidenciju o dodijeljenoj licenci za va\u0161u svrhu upotrebe, stoga se \u010dini [&hellip;]","og_url":"https:\/\/picrights.com\/hr\/faq\/","og_site_name":"PicRights","article_modified_time":"2021-10-20T17:29:23+00:00","twitter_card":"summary_large_image","twitter_misc":{"Procijenjeno vrijeme \u010ditanja":"5 minuta"},"schema":{"@context":"https:\/\/schema.org","@graph":[{"@type":"WebPage","@id":"https:\/\/picrights.com\/hr\/faq\/","url":"https:\/\/picrights.com\/hr\/faq\/","name":"FAQ - PicRights","isPartOf":{"@id":"https:\/\/picrights.com\/#website"},"primaryImageOfPage":{"@id":"https:\/\/picrights.com\/hr\/faq\/#primaryimage"},"image":{"@id":"https:\/\/picrights.com\/hr\/faq\/#primaryimage"},"thumbnailUrl":"https:\/\/picrights.com\/wp-content\/uploads\/2019\/08\/6113-09159932s.jpg","datePublished":"2021-02-17T01:49:07+00:00","dateModified":"2021-10-20T17:29:23+00:00","breadcrumb":{"@id":"https:\/\/picrights.com\/hr\/faq\/#breadcrumb"},"inLanguage":"hr","potentialAction":[{"@type":"ReadAction","target":["https:\/\/picrights.com\/hr\/faq\/"]}]},{"@type":"ImageObject","inLanguage":"hr","@id":"https:\/\/picrights.com\/hr\/faq\/#primaryimage","url":"https:\/\/picrights.com\/wp-content\/uploads\/2019\/08\/6113-09159932s.jpg","contentUrl":"https:\/\/picrights.com\/wp-content\/uploads\/2019\/08\/6113-09159932s.jpg","width":1982,"height":1041},{"@type":"BreadcrumbList","@id":"https:\/\/picrights.com\/hr\/faq\/#breadcrumb","itemListElement":[{"@type":"ListItem","position":1,"name":"Home","item":"https:\/\/picrights.com\/hr\/"},{"@type":"ListItem","position":2,"name":"FAQ"}]},{"@type":"WebSite","@id":"https:\/\/picrights.com\/#website","url":"https:\/\/picrights.com\/","name":"PicRights","description":"Copyright Compliance","publisher":{"@id":"https:\/\/picrights.com\/#organization"},"potentialAction":[{"@type":"SearchAction","target":{"@type":"EntryPoint","urlTemplate":"https:\/\/picrights.com\/?s={search_term_string}"},"query-input":{"@type":"PropertyValueSpecification","valueRequired":true,"valueName":"search_term_string"}}],"inLanguage":"hr"},{"@type":"Organization","@id":"https:\/\/picrights.com\/#organization","name":"PicRights GmbH","url":"https:\/\/picrights.com\/","logo":{"@type":"ImageObject","inLanguage":"hr","@id":"https:\/\/picrights.com\/#\/schema\/logo\/image\/","url":"https:\/\/picrights.com\/wp-content\/uploads\/2019\/08\/PicRightsLogo_rev1.png","contentUrl":"https:\/\/picrights.com\/wp-content\/uploads\/2019\/08\/PicRightsLogo_rev1.png","width":146,"height":151,"caption":"PicRights GmbH"},"image":{"@id":"https:\/\/picrights.com\/#\/schema\/logo\/image\/"},"sameAs":["https:\/\/www.linkedin.com\/company\/picrights"]}]}},"_links":{"self":[{"href":"https:\/\/picrights.com\/hr\/wp-json\/wp\/v2\/pages\/34861","targetHints":{"allow":["GET"]}}],"collection":[{"href":"https:\/\/picrights.com\/hr\/wp-json\/wp\/v2\/pages"}],"about":[{"href":"https:\/\/picrights.com\/hr\/wp-json\/wp\/v2\/types\/page"}],"author":[{"embeddable":true,"href":"https:\/\/picrights.com\/hr\/wp-json\/wp\/v2\/users\/5"}],"replies":[{"embeddable":true,"href":"https:\/\/picrights.com\/hr\/wp-json\/wp\/v2\/comments?post=34861"}],"version-history":[{"count":2,"href":"https:\/\/picrights.com\/hr\/wp-json\/wp\/v2\/pages\/34861\/revisions"}],"predecessor-version":[{"id":35908,"href":"https:\/\/picrights.com\/hr\/wp-json\/wp\/v2\/pages\/34861\/revisions\/35908"}],"wp:featuredmedia":[{"embeddable":true,"href":"https:\/\/picrights.com\/hr\/wp-json\/wp\/v2\/media\/34864"}],"wp:attachment":[{"href":"https:\/\/picrights.com\/hr\/wp-json\/wp\/v2\/media?parent=34861"}],"curies":[{"name":"wp","href":"https:\/\/api.w.org\/{rel}","templated":true}]}}