{"id":34888,"date":"2021-02-17T01:51:52","date_gmt":"2021-02-17T01:51:52","guid":{"rendered":"https:\/\/picrights.com\/homepage\/"},"modified":"2021-03-11T18:36:36","modified_gmt":"2021-03-11T18:36:36","slug":"homepage","status":"publish","type":"page","link":"https:\/\/picrights.com\/hr\/","title":{"rendered":"Homepage"},"content":{"rendered":"<div class=\"wpb-content-wrapper\"><p>[vc_row][vc_column][vc_column_text]<\/p>\n<h2 style=\"text-align: center;\">Autorska prava i pogre\u0161ke<\/h2>\n<p>[\/vc_column_text][\/vc_column][\/vc_row][vc_row][vc_column][vc_column_text]<\/p>\n<p style=\"text-align: center;\">Uobi\u010dajeni pojmovi, definicije i va\u017ene informacije o autorskim pravima, uklju\u010duju\u0107i po\u0161tenu uporabu, obavijest o uklanjanju DMCA, javnu domenu i jo\u0161 puno toga.<\/p>\n<p style=\"text-align: center;\"><a href=\"http:\/\/picrights.com\/hr\/copyright\">Vidi Osnove autorskog prava<\/a><\/p>\n<p>[\/vc_column_text][\/vc_column][\/vc_row]<\/p>\n<\/div>","protected":false},"excerpt":{"rendered":"<p>[vc_row][vc_column][vc_column_text] Autorska prava i pogre\u0161ke [\/vc_column_text][\/vc_column][\/vc_row][vc_row][vc_column][vc_column_text] Uobi\u010dajeni pojmovi, definicije i va\u017ene informacije o autorskim pravima, uklju\u010duju\u0107i po\u0161tenu uporabu, obavijest o uklanjanju DMCA, javnu domenu i jo\u0161 puno toga. Vidi Osnove autorskog prava [\/vc_column_text][\/vc_column][\/vc_row]<\/p>\n","protected":false},"author":5,"featured_media":34889,"parent":0,"menu_order":0,"comment_status":"closed","ping_status":"closed","template":"","meta":{"footnotes":""},"class_list":["post-34888","page","type-page","status-publish","has-post-thumbnail","hentry"],"yoast_head":"<!-- This site is optimized with the Yoast SEO plugin v27.3 - https:\/\/yoast.com\/product\/yoast-seo-wordpress\/ -->\n<title>Homepage - PicRights<\/title>\n<meta name=\"description\" content=\"Rje\u0161enje o uskla\u0111enosti autorskih prava\" \/>\n<meta name=\"robots\" content=\"index, follow, max-snippet:-1, max-image-preview:large, max-video-preview:-1\" \/>\n<link rel=\"canonical\" href=\"https:\/\/picrights.com\/hr\/\" \/>\n<meta property=\"og:locale\" content=\"hr_HR\" \/>\n<meta property=\"og:type\" content=\"article\" \/>\n<meta property=\"og:title\" content=\"Homepage - PicRights\" \/>\n<meta property=\"og:description\" content=\"Rje\u0161enje o uskla\u0111enosti autorskih prava\" \/>\n<meta property=\"og:url\" content=\"https:\/\/picrights.com\/hr\/\" \/>\n<meta property=\"og:site_name\" content=\"PicRights\" \/>\n<meta property=\"article:modified_time\" content=\"2021-03-11T18:36:36+00:00\" \/>\n<meta property=\"og:image\" content=\"https:\/\/picrights.com\/wp-content\/uploads\/2018\/01\/6113-09058894.jpg\" \/>\n\t<meta property=\"og:image:width\" content=\"2000\" \/>\n\t<meta property=\"og:image:height\" content=\"1366\" \/>\n\t<meta property=\"og:image:type\" content=\"image\/jpeg\" \/>\n<meta name=\"twitter:card\" content=\"summary_large_image\" \/>\n<script type=\"application\/ld+json\" class=\"yoast-schema-graph\">{\"@context\":\"https:\\\/\\\/schema.org\",\"@graph\":[{\"@type\":\"WebPage\",\"@id\":\"https:\\\/\\\/picrights.com\\\/hr\\\/\",\"url\":\"https:\\\/\\\/picrights.com\\\/hr\\\/\",\"name\":\"Homepage - PicRights\",\"isPartOf\":{\"@id\":\"https:\\\/\\\/picrights.com\\\/#website\"},\"primaryImageOfPage\":{\"@id\":\"https:\\\/\\\/picrights.com\\\/hr\\\/#primaryimage\"},\"image\":{\"@id\":\"https:\\\/\\\/picrights.com\\\/hr\\\/#primaryimage\"},\"thumbnailUrl\":\"https:\\\/\\\/picrights.com\\\/wp-content\\\/uploads\\\/2018\\\/01\\\/6113-09058894.jpg\",\"datePublished\":\"2021-02-17T01:51:52+00:00\",\"dateModified\":\"2021-03-11T18:36:36+00:00\",\"description\":\"Rje\u0161enje o uskla\u0111enosti autorskih prava\",\"breadcrumb\":{\"@id\":\"https:\\\/\\\/picrights.com\\\/hr\\\/#breadcrumb\"},\"inLanguage\":\"hr\",\"potentialAction\":[{\"@type\":\"ReadAction\",\"target\":[\"https:\\\/\\\/picrights.com\\\/hr\\\/\"]}]},{\"@type\":\"ImageObject\",\"inLanguage\":\"hr\",\"@id\":\"https:\\\/\\\/picrights.com\\\/hr\\\/#primaryimage\",\"url\":\"https:\\\/\\\/picrights.com\\\/wp-content\\\/uploads\\\/2018\\\/01\\\/6113-09058894.jpg\",\"contentUrl\":\"https:\\\/\\\/picrights.com\\\/wp-content\\\/uploads\\\/2018\\\/01\\\/6113-09058894.jpg\",\"width\":2000,\"height\":1366},{\"@type\":\"BreadcrumbList\",\"@id\":\"https:\\\/\\\/picrights.com\\\/hr\\\/#breadcrumb\",\"itemListElement\":[{\"@type\":\"ListItem\",\"position\":1,\"name\":\"Home\",\"item\":\"https:\\\/\\\/picrights.com\\\/hr\\\/\"},{\"@type\":\"ListItem\",\"position\":2,\"name\":\"Homepage\"}]},{\"@type\":\"WebSite\",\"@id\":\"https:\\\/\\\/picrights.com\\\/#website\",\"url\":\"https:\\\/\\\/picrights.com\\\/\",\"name\":\"PicRights\",\"description\":\"Copyright Compliance\",\"publisher\":{\"@id\":\"https:\\\/\\\/picrights.com\\\/#organization\"},\"potentialAction\":[{\"@type\":\"SearchAction\",\"target\":{\"@type\":\"EntryPoint\",\"urlTemplate\":\"https:\\\/\\\/picrights.com\\\/?s={search_term_string}\"},\"query-input\":{\"@type\":\"PropertyValueSpecification\",\"valueRequired\":true,\"valueName\":\"search_term_string\"}}],\"inLanguage\":\"hr\"},{\"@type\":\"Organization\",\"@id\":\"https:\\\/\\\/picrights.com\\\/#organization\",\"name\":\"PicRights GmbH\",\"url\":\"https:\\\/\\\/picrights.com\\\/\",\"logo\":{\"@type\":\"ImageObject\",\"inLanguage\":\"hr\",\"@id\":\"https:\\\/\\\/picrights.com\\\/#\\\/schema\\\/logo\\\/image\\\/\",\"url\":\"https:\\\/\\\/picrights.com\\\/wp-content\\\/uploads\\\/2019\\\/08\\\/PicRightsLogo_rev1.png\",\"contentUrl\":\"https:\\\/\\\/picrights.com\\\/wp-content\\\/uploads\\\/2019\\\/08\\\/PicRightsLogo_rev1.png\",\"width\":146,\"height\":151,\"caption\":\"PicRights GmbH\"},\"image\":{\"@id\":\"https:\\\/\\\/picrights.com\\\/#\\\/schema\\\/logo\\\/image\\\/\"},\"sameAs\":[\"https:\\\/\\\/www.linkedin.com\\\/company\\\/picrights\"]}]}<\/script>\n<!-- \/ Yoast SEO plugin. -->","yoast_head_json":{"title":"Homepage - PicRights","description":"Rje\u0161enje o uskla\u0111enosti autorskih prava","robots":{"index":"index","follow":"follow","max-snippet":"max-snippet:-1","max-image-preview":"max-image-preview:large","max-video-preview":"max-video-preview:-1"},"canonical":"https:\/\/picrights.com\/hr\/","og_locale":"hr_HR","og_type":"article","og_title":"Homepage - PicRights","og_description":"Rje\u0161enje o uskla\u0111enosti autorskih prava","og_url":"https:\/\/picrights.com\/hr\/","og_site_name":"PicRights","article_modified_time":"2021-03-11T18:36:36+00:00","og_image":[{"width":2000,"height":1366,"url":"https:\/\/picrights.com\/wp-content\/uploads\/2018\/01\/6113-09058894.jpg","type":"image\/jpeg"}],"twitter_card":"summary_large_image","schema":{"@context":"https:\/\/schema.org","@graph":[{"@type":"WebPage","@id":"https:\/\/picrights.com\/hr\/","url":"https:\/\/picrights.com\/hr\/","name":"Homepage - PicRights","isPartOf":{"@id":"https:\/\/picrights.com\/#website"},"primaryImageOfPage":{"@id":"https:\/\/picrights.com\/hr\/#primaryimage"},"image":{"@id":"https:\/\/picrights.com\/hr\/#primaryimage"},"thumbnailUrl":"https:\/\/picrights.com\/wp-content\/uploads\/2018\/01\/6113-09058894.jpg","datePublished":"2021-02-17T01:51:52+00:00","dateModified":"2021-03-11T18:36:36+00:00","description":"Rje\u0161enje o uskla\u0111enosti autorskih prava","breadcrumb":{"@id":"https:\/\/picrights.com\/hr\/#breadcrumb"},"inLanguage":"hr","potentialAction":[{"@type":"ReadAction","target":["https:\/\/picrights.com\/hr\/"]}]},{"@type":"ImageObject","inLanguage":"hr","@id":"https:\/\/picrights.com\/hr\/#primaryimage","url":"https:\/\/picrights.com\/wp-content\/uploads\/2018\/01\/6113-09058894.jpg","contentUrl":"https:\/\/picrights.com\/wp-content\/uploads\/2018\/01\/6113-09058894.jpg","width":2000,"height":1366},{"@type":"BreadcrumbList","@id":"https:\/\/picrights.com\/hr\/#breadcrumb","itemListElement":[{"@type":"ListItem","position":1,"name":"Home","item":"https:\/\/picrights.com\/hr\/"},{"@type":"ListItem","position":2,"name":"Homepage"}]},{"@type":"WebSite","@id":"https:\/\/picrights.com\/#website","url":"https:\/\/picrights.com\/","name":"PicRights","description":"Copyright Compliance","publisher":{"@id":"https:\/\/picrights.com\/#organization"},"potentialAction":[{"@type":"SearchAction","target":{"@type":"EntryPoint","urlTemplate":"https:\/\/picrights.com\/?s={search_term_string}"},"query-input":{"@type":"PropertyValueSpecification","valueRequired":true,"valueName":"search_term_string"}}],"inLanguage":"hr"},{"@type":"Organization","@id":"https:\/\/picrights.com\/#organization","name":"PicRights GmbH","url":"https:\/\/picrights.com\/","logo":{"@type":"ImageObject","inLanguage":"hr","@id":"https:\/\/picrights.com\/#\/schema\/logo\/image\/","url":"https:\/\/picrights.com\/wp-content\/uploads\/2019\/08\/PicRightsLogo_rev1.png","contentUrl":"https:\/\/picrights.com\/wp-content\/uploads\/2019\/08\/PicRightsLogo_rev1.png","width":146,"height":151,"caption":"PicRights GmbH"},"image":{"@id":"https:\/\/picrights.com\/#\/schema\/logo\/image\/"},"sameAs":["https:\/\/www.linkedin.com\/company\/picrights"]}]}},"_links":{"self":[{"href":"https:\/\/picrights.com\/hr\/wp-json\/wp\/v2\/pages\/34888","targetHints":{"allow":["GET"]}}],"collection":[{"href":"https:\/\/picrights.com\/hr\/wp-json\/wp\/v2\/pages"}],"about":[{"href":"https:\/\/picrights.com\/hr\/wp-json\/wp\/v2\/types\/page"}],"author":[{"embeddable":true,"href":"https:\/\/picrights.com\/hr\/wp-json\/wp\/v2\/users\/5"}],"replies":[{"embeddable":true,"href":"https:\/\/picrights.com\/hr\/wp-json\/wp\/v2\/comments?post=34888"}],"version-history":[{"count":0,"href":"https:\/\/picrights.com\/hr\/wp-json\/wp\/v2\/pages\/34888\/revisions"}],"wp:featuredmedia":[{"embeddable":true,"href":"https:\/\/picrights.com\/hr\/wp-json\/wp\/v2\/media\/34889"}],"wp:attachment":[{"href":"https:\/\/picrights.com\/hr\/wp-json\/wp\/v2\/media?parent=34888"}],"curies":[{"name":"wp","href":"https:\/\/api.w.org\/{rel}","templated":true}]}}