{"id":30494,"date":"2019-07-18T19:33:09","date_gmt":"2019-07-18T19:33:09","guid":{"rendered":"http:\/\/wemadethisapp.com\/faqs\/"},"modified":"2021-04-30T19:04:14","modified_gmt":"2021-04-30T19:04:14","slug":"faqs","status":"publish","type":"page","link":"https:\/\/picrights.com\/it\/faqs\/","title":{"rendered":"FAQ"},"content":{"rendered":"<div class=\"wpb-content-wrapper\"><p>[vc_row][vc_column][vc_column_text]<\/p>\n<h1>Domande frequenti<\/h1>\n<h3 id=\"imageremoval\">Perch\u00e9 ho ricevuto un avviso da parte di PicRights?<\/h3>\n<p>Come spiegato nella nostra lettera, hai usato una o pi\u00f9 immagini di propriet\u00e0 di, o gestite in esclusiva da, uno dei nostri clienti. Al nostro cliente non risulta alcuna licenza emessa a tuo favore per l\u2019uso individuato, sembra dunque che tu abbia violato i diritti esclusivi del nostro cliente. Il nostro cliente ci ha incaricati di contattarti per risolvere la questione. <a href=\"http:\/\/picrights.com\/it\/claims\/\">Per saperne di pi\u00f9<\/a>.<\/p>\n<h3>Se rimuovo l\u2019immagine posso considerare il problema risolto?<\/h3>\n<p>No. Sebbene la rimozione dell\u2019immagine sia un punto di partenza importante per la risoluzione del reclamo, non \u00e8 sufficiente a risolverlo completamente. Per ogni uso di immagini protette da copyright \u00e8 richiesto l\u2019ottenimento della licenza ed il pagamento del canone corrispondente. Pertanto, per definire completamente il reclamo, \u00e8 richiesto il pagamento per il pregresso uso non autorizzato.<\/p>\n<h3>Devo parlare con un avvocato?<\/h3>\n<p>Le indicazioni fornite nel nostro sito sono di carattere informativo e generico, non costituiscono una consulenza legale. In caso di dubbi di carattere legale relativi alla comunicazione che ti \u00e8 stata recapitata o ai diritti d\u2019autore in generale, ti consigliamo vivamente di consultare un avvocato competente in materia. Tuttavia, non \u00e8 necessario incaricare un avvocato per risolvere un reclamo gestito dai nostri incaricati.<\/p>\n<h3 id=\"designer\">Che cos\u2019\u00e8 il diritto d\u2019autore o copyright?<\/h3>\n<p>\u00c8 il diritto esclusivo di riprodurre, adattare, utilizzare, distribuire e pubblicare un\u2019opera originale, comprese le fotografie. Questo diritto \u00e8 protetto dalla legislazione nazionale, dalle direttive europee e dagli accordi internazionali.<\/p>\n<p>Per ulteriori informazioni:<br \/>\n<a href=\"https:\/\/www.gazzettaufficiale.it\/eli\/id\/1941\/07\/16\/041U0633\/sg\" target=\"_blank\" rel=\"noopener noreferrer\">Legge italiana sul diritto d\u2019autore<\/a><br \/>\n<a href=\"https:\/\/en.wikipedia.org\/wiki\/Copyright_law_of_the_European_Union\" target=\"_blank\" rel=\"noopener noreferrer\">Copyright Laws of the European Union<\/a><\/p>\n<h3>Che succede se ho incaricato qualcuno di realizzare il mio sito internet?<\/h3>\n<p>Non importa se chi ha fornito o caricato l&#8217;immagine \u00e8 qualcuno che ha progettato il sito web per tuo conto, o se non eri a conoscenza dei diritti esclusivi del nostro cliente sull\u2019immagine prima di utilizzarla. In qualit\u00e0 di utente finale, sei responsabile del contenuto del tuo sito web e del pagamento dei corrispettivi relativi alle licenze valide al tuo scopo. Non contatteremo il web designer per definire il reclamo, a meno che il web designer non accetti di assumersi la responsabilit\u00e0 del reclamo e abbia i mezzi per farlo. Se ritieni che il web designer sia responsabile, spetta a te contattarlo o richiedere il suo intervento.<\/p>\n<h3>Che succede se ho acquistato l\u2019immagine come parte di un template?<\/h3>\n<p>Come spiegato sopra, sei in ultima istanza responsabile di aver ottenuto il permesso per utilizzare l\u2019immagine dal legittimo titolare dei diritti. Se hai acquistato o acquisito immagini tramite un servizio in abbonamento o un sito web fornitore di templates, sei comunque responsabile della violazione nel caso in cui tale azienda non disponga di un\u2019adeguata licenza che includa il tuo uso.<\/p>\n<h3>E se non fossi a conoscenza del fatto che l\u2019immagine prevedeva la licenza d\u2019uso?<\/h3>\n<p>Sei responsabile anche se hai violato accidentalmente il copyright di qualcuno senza sapere che l&#8217;immagine fosse protetta da copyright e necessitasse di una licenza. Non conoscere i requisiti di licenza di un\u2019immagine non giustifica il suo uso senza il consenso del legittimo titolare, non annulla l\u2019uso non autorizzato, n\u00e9 ti esime dal pagamento per il pregresso utilizzo senza licenza.<\/p>\n<h3>E se ho trovato l\u2019immagine su internet senza alcun avviso di copyright o filigrana?<\/h3>\n<p>La mancanza del simbolo di copyright o di una filigrana non significa che l&#8217;opera in questione abbia perso la protezione del copyright. Un&#8217;immagine \u00e8 protetta dal diritto d\u2019autore sin dal momento in cui viene creata, indipendentemente dal fatto che sia pubblicata o meno, registrata o meno e che sia accompagnata dal simbolo di copyright o da una filigrana.<\/p>\n<h3>Le immagini presenti su Internet, sono tutte di pubblico dominio?<\/h3>\n<p>No. Solo perch\u00e9 un&#8217;immagine \u00e8 presente su Internet non significa che sia di pubblico dominio. Il termine &#8220;dominio pubblico&#8221; \u00e8 limitato alle opere in cui sia decorso il termine della protezione legale (generalmente 70 anni dopo la morte dell&#8217;autore) o in cui il proprietario del copyright abbia dichiarato chiaramente che l&#8217;opera non \u00e8 soggetta a diritti d\u2019autore.<\/p>\n<h3>E se ho trovato l\u2019immagine tramite un motore di licenza, come Google?<\/h3>\n<p>Il semplice fatto che un&#8217;immagine possa essere trovata su Internet tramite un motore di ricerca come Google non significa che l&#8217;immagine non sia protetta dal diritto d&#8217;autore. I motori di ricerca come Google mostrano immagini che si trovano su siti di terze parti, ma non suggeriscono che tali immagini siano di pubblico dominio. Ad esempio, se si effettua una ricerca su Google Immagini, cliccando su ciascuna di esse viene visualizzato l&#8217;avviso <em>&#8220;Le immagini potrebbero essere soggette a copyright. Scopri di pi\u00f9.&#8221;.<\/em><\/p>\n<p>Chiunque si serva di Internet per cercare immagini da utilizzare su qualsiasi mezzo di comunicazione, dovrebbe sempre presumere che le immagini siano protette da copyright e che non possono essere utilizzate in alcun contesto fino a quando non sia stato confermato il contrario. \u00c8 obbligo e responsabilit\u00e0 dell&#8217;utente finale assicurarsi di non violare il copyright di terzi prima di pubblicare qualsiasi immagine con qualsiasi mezzo.<\/p>\n<h3>E\u2019 necessario registrare o depositare le immagini per ottenere il diritto d\u2019autore?<\/h3>\n<p>No. Il diritto d\u2019autore sorge con la creazione dell\u2019opera. La registrazione, sebbene apporti alcuni vantaggi al titolare dei diritti (negli Stati Uniti), non \u00e8 necessaria affinch\u00e9 un&#8217;opera risulti protetta dal diritto d&#8217;autore. La protezione delle opere \u00e8 automatica, ed \u00e8 sufficiente dimostrare di esserne gli autori, o i legittimi titolari.<\/p>\n<h3>E se non avessi avuto introiti dall\u2019uso dell&#8217;immagine?<\/h3>\n<p>Non \u00e8 necessario aver ricavato degli introiti o ricevuto dei benefici dall&#8217;uso di un&#8217;immagine per determinare se l&#8217;uso sia stato una violazione. Sebbene ricavare del denaro dall&#8217;uso dell&#8217;immagine possa aumentare l&#8217;ammontare dei danni, non \u00e8 necessario affinch\u00e9 il nostro cliente abbia diritto ad un risarcimento per l&#8217;uso non autorizzato del proprio lavoro.<\/p>\n<h3>Le organizzazioni senza scopo di lucro e gli enti di beneficenza sono esenti da copyright?<\/h3>\n<p>Un&#8217;organizzazione senza scopo di lucro o un ente di beneficenza deve seguire le stesse leggi sul diritto d\u2019autore di chiunque altro. PicRights \u00e8 sensibile alle circostanze delle organizzazioni senza scopo di lucro. Per consentirci di esaminare ulteriormente la questione, generalmente richiediamo la documentazione ufficiale che attesti la natura dell\u2019ente (quali ad esempio lo statuto dell\u2019associazione o dell\u2019ente) a supporto di una riduzione della tariffa stimata.<\/p>\n<p>Per essere chiari, sar\u00e0 comunque richiesto un pagamento per la risoluzione del reclamo.<\/p>\n<h3>Come sono calcolate le tariffe di licenza per l\u2019uso di immagini protette da diritto d\u2019autore?<\/h3>\n<p>Gli importi relativi alle foto d\u2019archivio variano sensibilmente a seconda che si tratti di immagini Rights-Managed (RM) o Royalty-Free (RF).<\/p>\n<h3>Qual \u00e8 la differenza tra immagini Rights-Managed (RM) e Royalty-Free (RF)?<\/h3>\n<p>Prima di tutto spetta al proprietario dei diritti determinare quale licenza attribuire all\u2019immagine, tra RM e RF.<\/p>\n<p>Le <strong>immagini RM <\/strong> sono soggette al pagamento di una licenza in funzione dell\u2019utilizzo specifico. I fattori possono essere: il tipo di supporto su cui l\u2019immagine \u00e8 riprodotta e diffusa, il periodo di utilizzo, il territorio di pubblicazione, il numero di riproduzioni, le dimensioni e il rilievo dato all\u2019immagine per l\u2019utilizzo finale (ad es. pagina principale o secondaria di un sito web) nonch\u00e9 la concessione o meno dell\u2019esclusiva. Gli importi possono variare notevolmente in funzione dell\u2019ambito dei diritti ceduti, anche per la medesima immagine. Fondamentalmente, quanto maggiore o rilevante \u00e8 l\u2019uso di un\u2019immagine RM, tanto pi\u00f9 sar\u00e0 alto il prezzo.<\/p>\n<p>Le <strong>immagini RF<\/strong> hanno invece un prezzo che varia, generalmente, in funzione delle dimensioni del file utilizzato. I diritti concessi sono pi\u00f9 ampi e possono consentire l\u2019utilizzo per un numero illimitato di applicazioni, a tempo indeterminato, e ad un prezzo fisso. Solitamente, la licenza prevede comunque alcune restrizioni. Esistono ampie differenze di prezzo tra le diverse raccolte di immagini RF e molte raccolte sono disponibili a prezzi molto bassi, il che le rende vantaggiose per gli utenti con un budget ridotto per l\u2019acquisto di immagini.<\/p>\n<p><strong>PicRights rappresenta solo immagini RM &#8211; non rappresentiamo alcuna raccolta di immagini RF.<\/strong>[\/vc_column_text][\/vc_column][\/vc_row]<\/p>\n\n<p><\/p>\n<\/div>","protected":false},"excerpt":{"rendered":"<p>[vc_row][vc_column][vc_column_text] Domande frequenti Perch\u00e9 ho ricevuto un avviso da parte di PicRights? Come spiegato nella nostra lettera, hai usato una o pi\u00f9 immagini di propriet\u00e0 di, o gestite in esclusiva da, uno dei nostri clienti. Al nostro cliente non risulta alcuna licenza emessa a tuo favore per l\u2019uso individuato, sembra [&hellip;]<\/p>\n","protected":false},"author":5,"featured_media":30495,"parent":0,"menu_order":0,"comment_status":"closed","ping_status":"closed","template":"","meta":{"footnotes":""},"class_list":["post-30494","page","type-page","status-publish","has-post-thumbnail","hentry"],"yoast_head":"<!-- This site is optimized with the Yoast SEO plugin v27.3 - https:\/\/yoast.com\/product\/yoast-seo-wordpress\/ -->\n<title>FAQ - PicRights<\/title>\n<meta name=\"robots\" content=\"index, follow, max-snippet:-1, max-image-preview:large, max-video-preview:-1\" \/>\n<link rel=\"canonical\" href=\"https:\/\/picrights.com\/it\/faqs\/\" \/>\n<meta property=\"og:locale\" content=\"it_IT\" \/>\n<meta property=\"og:type\" content=\"article\" \/>\n<meta property=\"og:title\" content=\"FAQ - PicRights\" \/>\n<meta property=\"og:description\" content=\"[vc_row][vc_column][vc_column_text] Domande frequenti Perch\u00e9 ho ricevuto un avviso da parte di PicRights? Come spiegato nella nostra lettera, hai usato una o pi\u00f9 immagini di propriet\u00e0 di, o gestite in esclusiva da, uno dei nostri clienti. Al nostro cliente non risulta alcuna licenza emessa a tuo favore per l\u2019uso individuato, sembra [&hellip;]\" \/>\n<meta property=\"og:url\" content=\"https:\/\/picrights.com\/it\/faqs\/\" \/>\n<meta property=\"og:site_name\" content=\"PicRights\" \/>\n<meta property=\"article:modified_time\" content=\"2021-04-30T19:04:14+00:00\" \/>\n<meta property=\"og:image\" content=\"https:\/\/picrights.com\/wp-content\/uploads\/2019\/08\/6113-09159932s.jpg\" \/>\n\t<meta property=\"og:image:width\" content=\"1982\" \/>\n\t<meta property=\"og:image:height\" content=\"1041\" \/>\n\t<meta property=\"og:image:type\" content=\"image\/jpeg\" \/>\n<meta name=\"twitter:card\" content=\"summary_large_image\" \/>\n<meta name=\"twitter:label1\" content=\"Tempo di lettura stimato\" \/>\n\t<meta name=\"twitter:data1\" content=\"7 minuti\" \/>\n<script type=\"application\/ld+json\" class=\"yoast-schema-graph\">{\"@context\":\"https:\\\/\\\/schema.org\",\"@graph\":[{\"@type\":\"WebPage\",\"@id\":\"https:\\\/\\\/picrights.com\\\/it\\\/faqs\\\/\",\"url\":\"https:\\\/\\\/picrights.com\\\/it\\\/faqs\\\/\",\"name\":\"FAQ - PicRights\",\"isPartOf\":{\"@id\":\"https:\\\/\\\/picrights.com\\\/#website\"},\"primaryImageOfPage\":{\"@id\":\"https:\\\/\\\/picrights.com\\\/it\\\/faqs\\\/#primaryimage\"},\"image\":{\"@id\":\"https:\\\/\\\/picrights.com\\\/it\\\/faqs\\\/#primaryimage\"},\"thumbnailUrl\":\"https:\\\/\\\/picrights.com\\\/wp-content\\\/uploads\\\/2019\\\/08\\\/6113-09159932s.jpg\",\"datePublished\":\"2019-07-18T19:33:09+00:00\",\"dateModified\":\"2021-04-30T19:04:14+00:00\",\"breadcrumb\":{\"@id\":\"https:\\\/\\\/picrights.com\\\/it\\\/faqs\\\/#breadcrumb\"},\"inLanguage\":\"it-IT\",\"potentialAction\":[{\"@type\":\"ReadAction\",\"target\":[\"https:\\\/\\\/picrights.com\\\/it\\\/faqs\\\/\"]}]},{\"@type\":\"ImageObject\",\"inLanguage\":\"it-IT\",\"@id\":\"https:\\\/\\\/picrights.com\\\/it\\\/faqs\\\/#primaryimage\",\"url\":\"https:\\\/\\\/picrights.com\\\/wp-content\\\/uploads\\\/2019\\\/08\\\/6113-09159932s.jpg\",\"contentUrl\":\"https:\\\/\\\/picrights.com\\\/wp-content\\\/uploads\\\/2019\\\/08\\\/6113-09159932s.jpg\",\"width\":1982,\"height\":1041},{\"@type\":\"BreadcrumbList\",\"@id\":\"https:\\\/\\\/picrights.com\\\/it\\\/faqs\\\/#breadcrumb\",\"itemListElement\":[{\"@type\":\"ListItem\",\"position\":1,\"name\":\"Home\",\"item\":\"https:\\\/\\\/picrights.com\\\/it\\\/\"},{\"@type\":\"ListItem\",\"position\":2,\"name\":\"FAQ\"}]},{\"@type\":\"WebSite\",\"@id\":\"https:\\\/\\\/picrights.com\\\/#website\",\"url\":\"https:\\\/\\\/picrights.com\\\/\",\"name\":\"PicRights\",\"description\":\"Copyright Compliance\",\"publisher\":{\"@id\":\"https:\\\/\\\/picrights.com\\\/#organization\"},\"potentialAction\":[{\"@type\":\"SearchAction\",\"target\":{\"@type\":\"EntryPoint\",\"urlTemplate\":\"https:\\\/\\\/picrights.com\\\/?s={search_term_string}\"},\"query-input\":{\"@type\":\"PropertyValueSpecification\",\"valueRequired\":true,\"valueName\":\"search_term_string\"}}],\"inLanguage\":\"it-IT\"},{\"@type\":\"Organization\",\"@id\":\"https:\\\/\\\/picrights.com\\\/#organization\",\"name\":\"PicRights GmbH\",\"url\":\"https:\\\/\\\/picrights.com\\\/\",\"logo\":{\"@type\":\"ImageObject\",\"inLanguage\":\"it-IT\",\"@id\":\"https:\\\/\\\/picrights.com\\\/#\\\/schema\\\/logo\\\/image\\\/\",\"url\":\"https:\\\/\\\/picrights.com\\\/wp-content\\\/uploads\\\/2019\\\/08\\\/PicRightsLogo_rev1.png\",\"contentUrl\":\"https:\\\/\\\/picrights.com\\\/wp-content\\\/uploads\\\/2019\\\/08\\\/PicRightsLogo_rev1.png\",\"width\":146,\"height\":151,\"caption\":\"PicRights GmbH\"},\"image\":{\"@id\":\"https:\\\/\\\/picrights.com\\\/#\\\/schema\\\/logo\\\/image\\\/\"},\"sameAs\":[\"https:\\\/\\\/www.linkedin.com\\\/company\\\/picrights\"]}]}<\/script>\n<!-- \/ Yoast SEO plugin. -->","yoast_head_json":{"title":"FAQ - PicRights","robots":{"index":"index","follow":"follow","max-snippet":"max-snippet:-1","max-image-preview":"max-image-preview:large","max-video-preview":"max-video-preview:-1"},"canonical":"https:\/\/picrights.com\/it\/faqs\/","og_locale":"it_IT","og_type":"article","og_title":"FAQ - PicRights","og_description":"[vc_row][vc_column][vc_column_text] Domande frequenti Perch\u00e9 ho ricevuto un avviso da parte di PicRights? Come spiegato nella nostra lettera, hai usato una o pi\u00f9 immagini di propriet\u00e0 di, o gestite in esclusiva da, uno dei nostri clienti. Al nostro cliente non risulta alcuna licenza emessa a tuo favore per l\u2019uso individuato, sembra [&hellip;]","og_url":"https:\/\/picrights.com\/it\/faqs\/","og_site_name":"PicRights","article_modified_time":"2021-04-30T19:04:14+00:00","og_image":[{"width":1982,"height":1041,"url":"https:\/\/picrights.com\/wp-content\/uploads\/2019\/08\/6113-09159932s.jpg","type":"image\/jpeg"}],"twitter_card":"summary_large_image","twitter_misc":{"Tempo di lettura stimato":"7 minuti"},"schema":{"@context":"https:\/\/schema.org","@graph":[{"@type":"WebPage","@id":"https:\/\/picrights.com\/it\/faqs\/","url":"https:\/\/picrights.com\/it\/faqs\/","name":"FAQ - PicRights","isPartOf":{"@id":"https:\/\/picrights.com\/#website"},"primaryImageOfPage":{"@id":"https:\/\/picrights.com\/it\/faqs\/#primaryimage"},"image":{"@id":"https:\/\/picrights.com\/it\/faqs\/#primaryimage"},"thumbnailUrl":"https:\/\/picrights.com\/wp-content\/uploads\/2019\/08\/6113-09159932s.jpg","datePublished":"2019-07-18T19:33:09+00:00","dateModified":"2021-04-30T19:04:14+00:00","breadcrumb":{"@id":"https:\/\/picrights.com\/it\/faqs\/#breadcrumb"},"inLanguage":"it-IT","potentialAction":[{"@type":"ReadAction","target":["https:\/\/picrights.com\/it\/faqs\/"]}]},{"@type":"ImageObject","inLanguage":"it-IT","@id":"https:\/\/picrights.com\/it\/faqs\/#primaryimage","url":"https:\/\/picrights.com\/wp-content\/uploads\/2019\/08\/6113-09159932s.jpg","contentUrl":"https:\/\/picrights.com\/wp-content\/uploads\/2019\/08\/6113-09159932s.jpg","width":1982,"height":1041},{"@type":"BreadcrumbList","@id":"https:\/\/picrights.com\/it\/faqs\/#breadcrumb","itemListElement":[{"@type":"ListItem","position":1,"name":"Home","item":"https:\/\/picrights.com\/it\/"},{"@type":"ListItem","position":2,"name":"FAQ"}]},{"@type":"WebSite","@id":"https:\/\/picrights.com\/#website","url":"https:\/\/picrights.com\/","name":"PicRights","description":"Copyright Compliance","publisher":{"@id":"https:\/\/picrights.com\/#organization"},"potentialAction":[{"@type":"SearchAction","target":{"@type":"EntryPoint","urlTemplate":"https:\/\/picrights.com\/?s={search_term_string}"},"query-input":{"@type":"PropertyValueSpecification","valueRequired":true,"valueName":"search_term_string"}}],"inLanguage":"it-IT"},{"@type":"Organization","@id":"https:\/\/picrights.com\/#organization","name":"PicRights GmbH","url":"https:\/\/picrights.com\/","logo":{"@type":"ImageObject","inLanguage":"it-IT","@id":"https:\/\/picrights.com\/#\/schema\/logo\/image\/","url":"https:\/\/picrights.com\/wp-content\/uploads\/2019\/08\/PicRightsLogo_rev1.png","contentUrl":"https:\/\/picrights.com\/wp-content\/uploads\/2019\/08\/PicRightsLogo_rev1.png","width":146,"height":151,"caption":"PicRights GmbH"},"image":{"@id":"https:\/\/picrights.com\/#\/schema\/logo\/image\/"},"sameAs":["https:\/\/www.linkedin.com\/company\/picrights"]}]}},"_links":{"self":[{"href":"https:\/\/picrights.com\/it\/wp-json\/wp\/v2\/pages\/30494","targetHints":{"allow":["GET"]}}],"collection":[{"href":"https:\/\/picrights.com\/it\/wp-json\/wp\/v2\/pages"}],"about":[{"href":"https:\/\/picrights.com\/it\/wp-json\/wp\/v2\/types\/page"}],"author":[{"embeddable":true,"href":"https:\/\/picrights.com\/it\/wp-json\/wp\/v2\/users\/5"}],"replies":[{"embeddable":true,"href":"https:\/\/picrights.com\/it\/wp-json\/wp\/v2\/comments?post=30494"}],"version-history":[{"count":0,"href":"https:\/\/picrights.com\/it\/wp-json\/wp\/v2\/pages\/30494\/revisions"}],"wp:featuredmedia":[{"embeddable":true,"href":"https:\/\/picrights.com\/it\/wp-json\/wp\/v2\/media\/30495"}],"wp:attachment":[{"href":"https:\/\/picrights.com\/it\/wp-json\/wp\/v2\/media?parent=30494"}],"curies":[{"name":"wp","href":"https:\/\/api.w.org\/{rel}","templated":true}]}}