{"id":30438,"date":"2019-07-18T19:39:38","date_gmt":"2019-07-18T19:39:38","guid":{"rendered":"http:\/\/wemadethisapp.com\/claims\/"},"modified":"2020-11-23T00:49:22","modified_gmt":"2020-11-23T00:49:22","slug":"claims","status":"publish","type":"page","link":"https:\/\/picrights.com\/no\/claims\/","title":{"rendered":"Kravside"},"content":{"rendered":"<h3>Jeg har f\u00e5tt et varsel om brudd p\u00e5 opphavsretten. Hva n\u00e5?<\/h3>\n<h5>M\u00e5let til PicRights er \u00e5 l\u00f8se brudd p\u00e5 opphavsretten raskt og rettferdig \u2013 uten \u00e5 ty til domstolene. V\u00e5re opphavsrettsansvarlige har mange \u00e5rs erfaring med \u00e5 l\u00f8se opphavsrettskrav og st\u00f8ttes av intern juridisk r\u00e5dgivning.<\/h5>\n<p>Har du f\u00e5tt et varsel om brudd p\u00e5 opphavsretten fra oss?. Ta kontakt med den opphavsrettsansvarlige i varselet ditt for \u00e5 diskutere hva som skjer videre. F\u00f8r det kan du referere til <a href=\"http:\/\/picrights.com\/no\/faqs\/\">Ofte stilte sp\u00f8rsm\u00e5l<\/a> og v\u00e5re <a href=\"http:\/\/picrights.com\/no\/copyright\/\">Opphavsrett og urett<\/a> for informasjon om opphavsrett, inkludert rettferdig bruk, offentlig domene, DMCA-varsel om fjerning og mer.<\/p>\n<p>Kort sagt, bruk av opphavsrettslig beskyttede bilder krever en lisens som dekker all bruk, uansett om du visste at bildet var et opphavsrettslig beskyttet verk. Betaling av en tilbakevirkende avgift er p\u00e5krevd og kan avtales med din opphavsrettsansvarlige. <a href=\"https:\/\/resolve.picrights.com\/\">Er du klar for \u00e5 l\u00f8se dette n\u00e5? Ha referansenummeret ditt tilgjengelig og bes\u00f8k portalen.<\/a><\/p>\n<p>For \u00e5 beskytte deg og s\u00f8rge for en endelig l\u00f8sning vil kravoppgj\u00f8r registreres skriftlig og signeres av b\u00e5de deg og en PicRights-ansvarlig. Hvis vi ikke klarer \u00e5 l\u00f8se et krav ved bruk av internt personell, engasjerer PicRights ekstern juridisk r\u00e5dgivning i [land] som spesialiserer seg p\u00e5 opphavsrett.<\/p>\n<h4>M\u00e5 jeg ta kontakt med en advokat?<\/h4>\n<p>Vi gir informasjon p\u00e5 dette nettstedet som en informasjonskilde, men det kvalifiserer ikke som juridisk r\u00e5dgivning. Vi anbefaler p\u00e5 det sterkeste at du snakker med en kvalifisert advokat hvis du har juridiske sp\u00f8rsm\u00e5l om brevet du fikk fra oss eller om opphavsrett generelt. Du er imidlertid ikke p\u00e5lagt \u00e5 engasjere en advokat for \u00e5 l\u00f8se et krav med en av v\u00e5re opphavsrettsansvarlige.<\/p>\n<h4>Hva skal jeg gj\u00f8re n\u00e5?<\/h4>\n<p>Kontakt oss enten personlig eller gjennom en juridisk representant. PicRights er alltid villig til \u00e5 samarbeide for \u00e5 l\u00f8se denne saken p\u00e5 en rettferdig og rimelig m\u00e5te. Selv om v\u00e5r klient vil g\u00e5 til sak p\u00e5 dette opphavsrettsbruddet om n\u00f8dvendig, vil det f\u00f8rst skje etter at vi har pr\u00f8vd alle andre muligheter for \u00e5 l\u00f8se denne saken med deg.<\/p>\n","protected":false},"excerpt":{"rendered":"<p>Jeg har f\u00e5tt et varsel om brudd p\u00e5 opphavsretten. Hva n\u00e5? M\u00e5let til PicRights er \u00e5 l\u00f8se brudd p\u00e5 opphavsretten raskt og rettferdig \u2013 uten \u00e5 ty til domstolene. V\u00e5re opphavsrettsansvarlige har mange \u00e5rs erfaring med \u00e5 l\u00f8se opphavsrettskrav og st\u00f8ttes av intern juridisk r\u00e5dgivning. Har du f\u00e5tt et varsel [&hellip;]<\/p>\n","protected":false},"author":5,"featured_media":31254,"parent":0,"menu_order":0,"comment_status":"closed","ping_status":"closed","template":"","meta":{"footnotes":""},"class_list":["post-30438","page","type-page","status-publish","has-post-thumbnail","hentry"],"yoast_head":"<!-- This site is optimized with the Yoast SEO plugin v27.1.1 - https:\/\/yoast.com\/product\/yoast-seo-wordpress\/ -->\n<title>Kravside - PicRights<\/title>\n<meta name=\"robots\" content=\"index, follow, max-snippet:-1, max-image-preview:large, max-video-preview:-1\" \/>\n<link rel=\"canonical\" href=\"https:\/\/picrights.com\/no\/claims\/\" \/>\n<meta property=\"og:locale\" content=\"en_US\" \/>\n<meta property=\"og:type\" content=\"article\" \/>\n<meta property=\"og:title\" content=\"Kravside - PicRights\" \/>\n<meta property=\"og:description\" content=\"Jeg har f\u00e5tt et varsel om brudd p\u00e5 opphavsretten. Hva n\u00e5? M\u00e5let til PicRights er \u00e5 l\u00f8se brudd p\u00e5 opphavsretten raskt og rettferdig \u2013 uten \u00e5 ty til domstolene. V\u00e5re opphavsrettsansvarlige har mange \u00e5rs erfaring med \u00e5 l\u00f8se opphavsrettskrav og st\u00f8ttes av intern juridisk r\u00e5dgivning. Har du f\u00e5tt et varsel [&hellip;]\" \/>\n<meta property=\"og:url\" content=\"https:\/\/picrights.com\/no\/claims\/\" \/>\n<meta property=\"og:site_name\" content=\"PicRights\" \/>\n<meta property=\"article:modified_time\" content=\"2020-11-23T00:49:22+00:00\" \/>\n<meta property=\"og:image\" content=\"https:\/\/picrights.com\/wp-content\/uploads\/2019\/07\/6113-08105434.jpg\" \/>\n\t<meta property=\"og:image:width\" content=\"2000\" \/>\n\t<meta property=\"og:image:height\" content=\"1150\" \/>\n\t<meta property=\"og:image:type\" content=\"image\/jpeg\" \/>\n<meta name=\"twitter:card\" content=\"summary_large_image\" \/>\n<meta name=\"twitter:label1\" content=\"Est. reading time\" \/>\n\t<meta name=\"twitter:data1\" content=\"2 minutes\" \/>\n<script type=\"application\/ld+json\" class=\"yoast-schema-graph\">{\"@context\":\"https:\/\/schema.org\",\"@graph\":[{\"@type\":\"WebPage\",\"@id\":\"https:\/\/picrights.com\/no\/claims\/\",\"url\":\"https:\/\/picrights.com\/no\/claims\/\",\"name\":\"Kravside - PicRights\",\"isPartOf\":{\"@id\":\"https:\/\/picrights.com\/#website\"},\"primaryImageOfPage\":{\"@id\":\"https:\/\/picrights.com\/no\/claims\/#primaryimage\"},\"image\":{\"@id\":\"https:\/\/picrights.com\/no\/claims\/#primaryimage\"},\"thumbnailUrl\":\"https:\/\/picrights.com\/wp-content\/uploads\/2019\/07\/6113-08105434.jpg\",\"datePublished\":\"2019-07-18T19:39:38+00:00\",\"dateModified\":\"2020-11-23T00:49:22+00:00\",\"breadcrumb\":{\"@id\":\"https:\/\/picrights.com\/no\/claims\/#breadcrumb\"},\"inLanguage\":\"en-NO\",\"potentialAction\":[{\"@type\":\"ReadAction\",\"target\":[\"https:\/\/picrights.com\/no\/claims\/\"]}]},{\"@type\":\"ImageObject\",\"inLanguage\":\"en-NO\",\"@id\":\"https:\/\/picrights.com\/no\/claims\/#primaryimage\",\"url\":\"https:\/\/picrights.com\/wp-content\/uploads\/2019\/07\/6113-08105434.jpg\",\"contentUrl\":\"https:\/\/picrights.com\/wp-content\/uploads\/2019\/07\/6113-08105434.jpg\",\"width\":2000,\"height\":1150},{\"@type\":\"BreadcrumbList\",\"@id\":\"https:\/\/picrights.com\/no\/claims\/#breadcrumb\",\"itemListElement\":[{\"@type\":\"ListItem\",\"position\":1,\"name\":\"Home\",\"item\":\"https:\/\/picrights.com\/no\/\"},{\"@type\":\"ListItem\",\"position\":2,\"name\":\"Kravside\"}]},{\"@type\":\"WebSite\",\"@id\":\"https:\/\/picrights.com\/#website\",\"url\":\"https:\/\/picrights.com\/\",\"name\":\"PicRights\",\"description\":\"Copyright Compliance\",\"publisher\":{\"@id\":\"https:\/\/picrights.com\/#organization\"},\"potentialAction\":[{\"@type\":\"SearchAction\",\"target\":{\"@type\":\"EntryPoint\",\"urlTemplate\":\"https:\/\/picrights.com\/?s={search_term_string}\"},\"query-input\":{\"@type\":\"PropertyValueSpecification\",\"valueRequired\":true,\"valueName\":\"search_term_string\"}}],\"inLanguage\":\"en-NO\"},{\"@type\":\"Organization\",\"@id\":\"https:\/\/picrights.com\/#organization\",\"name\":\"PicRights GmbH\",\"url\":\"https:\/\/picrights.com\/\",\"logo\":{\"@type\":\"ImageObject\",\"inLanguage\":\"en-NO\",\"@id\":\"https:\/\/picrights.com\/#\/schema\/logo\/image\/\",\"url\":\"https:\/\/picrights.com\/wp-content\/uploads\/2019\/08\/PicRightsLogo_rev1.png\",\"contentUrl\":\"https:\/\/picrights.com\/wp-content\/uploads\/2019\/08\/PicRightsLogo_rev1.png\",\"width\":146,\"height\":151,\"caption\":\"PicRights GmbH\"},\"image\":{\"@id\":\"https:\/\/picrights.com\/#\/schema\/logo\/image\/\"},\"sameAs\":[\"https:\/\/www.linkedin.com\/company\/picrights\"]}]}<\/script>\n<!-- \/ Yoast SEO plugin. -->","yoast_head_json":{"title":"Kravside - PicRights","robots":{"index":"index","follow":"follow","max-snippet":"max-snippet:-1","max-image-preview":"max-image-preview:large","max-video-preview":"max-video-preview:-1"},"canonical":"https:\/\/picrights.com\/no\/claims\/","og_locale":"en_US","og_type":"article","og_title":"Kravside - PicRights","og_description":"Jeg har f\u00e5tt et varsel om brudd p\u00e5 opphavsretten. Hva n\u00e5? M\u00e5let til PicRights er \u00e5 l\u00f8se brudd p\u00e5 opphavsretten raskt og rettferdig \u2013 uten \u00e5 ty til domstolene. V\u00e5re opphavsrettsansvarlige har mange \u00e5rs erfaring med \u00e5 l\u00f8se opphavsrettskrav og st\u00f8ttes av intern juridisk r\u00e5dgivning. Har du f\u00e5tt et varsel [&hellip;]","og_url":"https:\/\/picrights.com\/no\/claims\/","og_site_name":"PicRights","article_modified_time":"2020-11-23T00:49:22+00:00","og_image":[{"width":2000,"height":1150,"url":"https:\/\/picrights.com\/wp-content\/uploads\/2019\/07\/6113-08105434.jpg","type":"image\/jpeg"}],"twitter_card":"summary_large_image","twitter_misc":{"Est. reading time":"2 minutes"},"schema":{"@context":"https:\/\/schema.org","@graph":[{"@type":"WebPage","@id":"https:\/\/picrights.com\/no\/claims\/","url":"https:\/\/picrights.com\/no\/claims\/","name":"Kravside - PicRights","isPartOf":{"@id":"https:\/\/picrights.com\/#website"},"primaryImageOfPage":{"@id":"https:\/\/picrights.com\/no\/claims\/#primaryimage"},"image":{"@id":"https:\/\/picrights.com\/no\/claims\/#primaryimage"},"thumbnailUrl":"https:\/\/picrights.com\/wp-content\/uploads\/2019\/07\/6113-08105434.jpg","datePublished":"2019-07-18T19:39:38+00:00","dateModified":"2020-11-23T00:49:22+00:00","breadcrumb":{"@id":"https:\/\/picrights.com\/no\/claims\/#breadcrumb"},"inLanguage":"en-NO","potentialAction":[{"@type":"ReadAction","target":["https:\/\/picrights.com\/no\/claims\/"]}]},{"@type":"ImageObject","inLanguage":"en-NO","@id":"https:\/\/picrights.com\/no\/claims\/#primaryimage","url":"https:\/\/picrights.com\/wp-content\/uploads\/2019\/07\/6113-08105434.jpg","contentUrl":"https:\/\/picrights.com\/wp-content\/uploads\/2019\/07\/6113-08105434.jpg","width":2000,"height":1150},{"@type":"BreadcrumbList","@id":"https:\/\/picrights.com\/no\/claims\/#breadcrumb","itemListElement":[{"@type":"ListItem","position":1,"name":"Home","item":"https:\/\/picrights.com\/no\/"},{"@type":"ListItem","position":2,"name":"Kravside"}]},{"@type":"WebSite","@id":"https:\/\/picrights.com\/#website","url":"https:\/\/picrights.com\/","name":"PicRights","description":"Copyright Compliance","publisher":{"@id":"https:\/\/picrights.com\/#organization"},"potentialAction":[{"@type":"SearchAction","target":{"@type":"EntryPoint","urlTemplate":"https:\/\/picrights.com\/?s={search_term_string}"},"query-input":{"@type":"PropertyValueSpecification","valueRequired":true,"valueName":"search_term_string"}}],"inLanguage":"en-NO"},{"@type":"Organization","@id":"https:\/\/picrights.com\/#organization","name":"PicRights GmbH","url":"https:\/\/picrights.com\/","logo":{"@type":"ImageObject","inLanguage":"en-NO","@id":"https:\/\/picrights.com\/#\/schema\/logo\/image\/","url":"https:\/\/picrights.com\/wp-content\/uploads\/2019\/08\/PicRightsLogo_rev1.png","contentUrl":"https:\/\/picrights.com\/wp-content\/uploads\/2019\/08\/PicRightsLogo_rev1.png","width":146,"height":151,"caption":"PicRights GmbH"},"image":{"@id":"https:\/\/picrights.com\/#\/schema\/logo\/image\/"},"sameAs":["https:\/\/www.linkedin.com\/company\/picrights"]}]}},"_links":{"self":[{"href":"https:\/\/picrights.com\/no\/wp-json\/wp\/v2\/pages\/30438","targetHints":{"allow":["GET"]}}],"collection":[{"href":"https:\/\/picrights.com\/no\/wp-json\/wp\/v2\/pages"}],"about":[{"href":"https:\/\/picrights.com\/no\/wp-json\/wp\/v2\/types\/page"}],"author":[{"embeddable":true,"href":"https:\/\/picrights.com\/no\/wp-json\/wp\/v2\/users\/5"}],"replies":[{"embeddable":true,"href":"https:\/\/picrights.com\/no\/wp-json\/wp\/v2\/comments?post=30438"}],"version-history":[{"count":0,"href":"https:\/\/picrights.com\/no\/wp-json\/wp\/v2\/pages\/30438\/revisions"}],"wp:featuredmedia":[{"embeddable":true,"href":"https:\/\/picrights.com\/no\/wp-json\/wp\/v2\/media\/31254"}],"wp:attachment":[{"href":"https:\/\/picrights.com\/no\/wp-json\/wp\/v2\/media?parent=30438"}],"curies":[{"name":"wp","href":"https:\/\/api.w.org\/{rel}","templated":true}]}}