{"id":30496,"date":"2019-07-18T19:33:09","date_gmt":"2019-07-18T19:33:09","guid":{"rendered":"http:\/\/wemadethisapp.com\/faqs\/"},"modified":"2021-10-20T18:11:55","modified_gmt":"2021-10-20T18:11:55","slug":"faqs","status":"publish","type":"page","link":"https:\/\/picrights.com\/no\/faqs\/","title":{"rendered":"Ofte stilte sp\u00f8rsm\u00e5l"},"content":{"rendered":"<div class=\"wpb-content-wrapper\"><p>[vc_row][vc_column][vc_column_text]<\/p>\n<h1>Ofte stilte sp\u00f8rsm\u00e5l<\/h1>\n<h3>Hvorfor har jeg f\u00e5tt et varsel fra PicRights?<\/h3>\n<p>Som vi forklarte i brevet v\u00e5rt, har du brukt ett eller flere bilder som eies eller representeres av en av v\u00e5re kunder. Kunden v\u00e5r kan ikke finne noen opptegnelse over at du er gitt en lisens til \u00e5 bruke dette eller disse bildene, s\u00e5 det ser ut til at du har krenket opphavsretten til kunden. Kunden v\u00e5r har bedt oss om \u00e5 kontakte deg for \u00e5 l\u00f8se saken. <a href=\"http:\/\/picrights.com\/claims\/\">Les mer<\/a><\/p>\n<h3>M\u00e5 jeg ta kontakt med en advokat?<\/h3>\n<p>Vi gir informasjon p\u00e5 dette nettstedet som en informasjonskilde, men det kvalifiserer ikke som juridisk r\u00e5dgivning. Vi anbefaler p\u00e5 det sterkeste at du snakker med en kvalifisert advokat hvis du har juridiske sp\u00f8rsm\u00e5l om brevet du fikk fra oss eller om opphavsrett generelt. Du er imidlertid ikke p\u00e5lagt \u00e5 engasjere en advokat for \u00e5 l\u00f8se et krav med en av v\u00e5re opphavsrettsansvarlige.<\/p>\n<h3>Hva er opphavsrett?<\/h3>\n<p>Opphavsrett er eneretten til \u00e5 reprodusere, tilpasse, bruke, distribuere og vise et originalt forfatterverk, for eksempel fotografi.<\/p>\n<h3 id=\"designer\">L\u00f8ses problemet hvis jeg fjerner bildet?<\/h3>\n<p>Nei. N\u00e5r du fjerner bildet, reduseres ansvaret ditt, men det l\u00f8ser ikke problemet. Bruk av opphavsrettslig beskyttede bilder krever riktig lisensiering for \u00e5 dekke all og enhver bruk. Derfor kreves betaling av lisensavgift for \u00e5 l\u00f8se saken helt.<\/p>\n<h3 id=\"template\">Hva hvis jeg har hyret noen til \u00e5 lage nettstedet mitt?<\/h3>\n<p>I henhold til \u00e5ndsverkloven spiller det ingen rolle hvem som har designet nettstedet ditt, eller om du forsettlig har brutt opphavsretten eller ikke. Som sluttbruker er du ansvarlig for overtredelsen og for \u00e5 betale de aktuelle lisensgebyrene. Vi kontakter ikke designeren for \u00e5 komme til et forlik, med mindre designeren godtar \u00e5 p\u00e5ta seg ansvaret for overtredelsen og har midlene til \u00e5 gj\u00f8re det. Hvis du mener at designeren er ansvarlig, p\u00e5hviler det deg \u00e5 kontakte designeren.<\/p>\n<h3>Hva om jeg kj\u00f8pte bildet som en del av en designmal?<\/h3>\n<p>I henhold til \u00e5ndsverkloven er du til syvende og sist ansvarlig for \u00e5 sikre at du har tillatelse til \u00e5 bruke bildet. Hvis du kj\u00f8pte eller ervervet bilder fra en abonnementstjeneste eller et nettsted som har maler, er du fortsatt ansvarlig for brudd p\u00e5 opphavsretten hvis selskapet ikke korrekt har lisensierte bildet slik at du kan bruke det.<\/p>\n<h3>Hva om jeg ikke visste at bildet m\u00e5tte lisensieres?<\/h3>\n<p>Brudd p\u00e5 opphavsretten blir referert til som et brudd p\u00e5 &#8220;objektivt ansvar&#8221;. Dette betyr at det ikke betyr noe om du ved et uhell har krenket andres opphavsrett eller ikke visste at bildet var opphavsrettslig beskyttet og trengte en lisens. Din manglende kunnskap fritar deg ikke ansvaret for uautorisert bruk, og fraskriver deg heller ikke lisensavgiftene du m\u00e5 betale for bruk av bildet.<\/p>\n<h3>Hva om jeg fant bildet p\u00e5 internett og det ikke var noen merknad om opphavsrett eller vannmerke?<\/h3>\n<p>I henhold til \u00e5ndsverkloven betyr ikke frav\u00e6r av merknad om opphavsrett eller vannmerke at det ikke er opphavsrettslig beskyttet. Et bilde er beskyttet av opphavsrett fra det \u00f8yeblikket det ble opprettet, enten det er publisert eller ikke, og uansett om det ledsages eller ikke av en opphavsrettslig erkl\u00e6ring eller vannmerke. Et bilde er ikke i offentlig domene bare fordi det vises p\u00e5 internett, selv om du fant det gjennom en s\u00f8kemotor som f.eks. Google. Uttrykket &#8220;offentlig domene&#8221; er et snevert definert unntak fra \u00e5ndsverksloven som spesifikt omhandler verk der opphavsretten har utl\u00f8pt, eller der rettighetshaveren har avgitt en klar erkl\u00e6ring om at verket ikke er underlagt opphavsrett.<\/p>\n<h3>Hva om jeg ikke tjente noen penger p\u00e5 bildet?<\/h3>\n<p>\u00c5 tjene penger p\u00e5 bruk av et bilde er irrelevant n\u00e5r man skal avgj\u00f8re om bruken var en overtredelse. Rettighetshaveren kan kreve tilbake erstatning selv om du tapte penger n\u00e5r du brukte bildet uten tillatelse. \u00c5 tjene penger p\u00e5 bruken av bildet kan \u00f8ke st\u00f8rrelsen p\u00e5 erstatningen, men det er ikke p\u00e5krevd, selv ikke for \u00e5 inndrive lovbestemt erstatning.<\/p>\n<h3>Hvordan beregnes gebyrer?<\/h3>\n<p>Gebyr for lagerfoto varierer sterkt avhengig av om bildet er royaltyfritt (RF) eller rettighetsstyrt (RM).<\/p>\n<h3>Hva er forskjellen mellom rettighetsstyrte (RM) og royaltyfrie (RF) bilder?<\/h3>\n<p>Om et bilde er lisensiert som RM eller RF er f\u00f8rst og fremst helt opp til rettighetshaveren.<\/p>\n<p><strong>RM-bilder<\/strong> er lisensiert for gebyrer basert p\u00e5 hvordan et bilde skal brukes. Faktorer inkluderer media hvor et bilde vises, bruksvarighet, i hvilket territorium det publiseres, antall reproduksjoner, st\u00f8rrelse og fremtredende bilde av den endelige bruken (f.eks. p\u00e5 hjemmesiden eller sekund\u00e6rsiden til et nettsted) og hvorvidt enhver eksklusivitet gis til sluttbrukeren. Prisene kan variere sterkt basert p\u00e5 omfanget av rettighetene som tildeles \u2013 selv for det samme bildet. I all vesentlighet blir prisen p\u00e5 et bilde h\u00f8yere jo mer du gj\u00f8r med det.<\/p>\n<p><strong>RF-bilder<\/strong> er vanligvis priset basert p\u00e5 filst\u00f8rrelsen p\u00e5 bildet som brukes. Rettighetene er vanligvis veldig generelle, og tillater bruk i ubegrenset antall anvendelsesomr\u00e5der i en ubegrenset periode til en fast avgift. Noen lisensbegrensninger pleier \u00e5 gjelde. Det er store prisforskjeller mellom &#8220;microstock&#8221;-samlinger (som PicRights ikke representerer) og profesjonelle samlinger med RF-bilder (som vi representerer). [\/vc_column_text][\/vc_column][\/vc_row]<\/p>\n\n<p><\/p>\n<\/div>","protected":false},"excerpt":{"rendered":"<p>[vc_row][vc_column][vc_column_text] Ofte stilte sp\u00f8rsm\u00e5l Hvorfor har jeg f\u00e5tt et varsel fra PicRights? Som vi forklarte i brevet v\u00e5rt, har du brukt ett eller flere bilder som eies eller representeres av en av v\u00e5re kunder. Kunden v\u00e5r kan ikke finne noen opptegnelse over at du er gitt en lisens til \u00e5 [&hellip;]<\/p>\n","protected":false},"author":5,"featured_media":30497,"parent":0,"menu_order":0,"comment_status":"closed","ping_status":"closed","template":"","meta":{"footnotes":""},"class_list":["post-30496","page","type-page","status-publish","has-post-thumbnail","hentry"],"yoast_head":"<!-- This site is optimized with the Yoast SEO plugin v27.3 - https:\/\/yoast.com\/product\/yoast-seo-wordpress\/ -->\n<title>Ofte stilte sp\u00f8rsm\u00e5l - PicRights<\/title>\n<meta name=\"robots\" content=\"index, follow, max-snippet:-1, max-image-preview:large, max-video-preview:-1\" \/>\n<link rel=\"canonical\" href=\"https:\/\/picrights.com\/no\/faqs\/\" \/>\n<meta property=\"og:locale\" content=\"en_US\" \/>\n<meta property=\"og:type\" content=\"article\" \/>\n<meta property=\"og:title\" content=\"Ofte stilte sp\u00f8rsm\u00e5l - PicRights\" \/>\n<meta property=\"og:description\" content=\"[vc_row][vc_column][vc_column_text] Ofte stilte sp\u00f8rsm\u00e5l Hvorfor har jeg f\u00e5tt et varsel fra PicRights? Som vi forklarte i brevet v\u00e5rt, har du brukt ett eller flere bilder som eies eller representeres av en av v\u00e5re kunder. Kunden v\u00e5r kan ikke finne noen opptegnelse over at du er gitt en lisens til \u00e5 [&hellip;]\" \/>\n<meta property=\"og:url\" content=\"https:\/\/picrights.com\/no\/faqs\/\" \/>\n<meta property=\"og:site_name\" content=\"PicRights\" \/>\n<meta property=\"article:modified_time\" content=\"2021-10-20T18:11:55+00:00\" \/>\n<meta property=\"og:image\" content=\"https:\/\/picrights.com\/wp-content\/uploads\/2019\/08\/6113-09159932s.jpg\" \/>\n\t<meta property=\"og:image:width\" content=\"1982\" \/>\n\t<meta property=\"og:image:height\" content=\"1041\" \/>\n\t<meta property=\"og:image:type\" content=\"image\/jpeg\" \/>\n<meta name=\"twitter:card\" content=\"summary_large_image\" \/>\n<meta name=\"twitter:label1\" content=\"Est. reading time\" \/>\n\t<meta name=\"twitter:data1\" content=\"4 minutes\" \/>\n<script type=\"application\/ld+json\" class=\"yoast-schema-graph\">{\"@context\":\"https:\\\/\\\/schema.org\",\"@graph\":[{\"@type\":\"WebPage\",\"@id\":\"https:\\\/\\\/picrights.com\\\/no\\\/faqs\\\/\",\"url\":\"https:\\\/\\\/picrights.com\\\/no\\\/faqs\\\/\",\"name\":\"Ofte stilte sp\u00f8rsm\u00e5l - PicRights\",\"isPartOf\":{\"@id\":\"https:\\\/\\\/picrights.com\\\/#website\"},\"primaryImageOfPage\":{\"@id\":\"https:\\\/\\\/picrights.com\\\/no\\\/faqs\\\/#primaryimage\"},\"image\":{\"@id\":\"https:\\\/\\\/picrights.com\\\/no\\\/faqs\\\/#primaryimage\"},\"thumbnailUrl\":\"https:\\\/\\\/picrights.com\\\/wp-content\\\/uploads\\\/2019\\\/08\\\/6113-09159932s.jpg\",\"datePublished\":\"2019-07-18T19:33:09+00:00\",\"dateModified\":\"2021-10-20T18:11:55+00:00\",\"breadcrumb\":{\"@id\":\"https:\\\/\\\/picrights.com\\\/no\\\/faqs\\\/#breadcrumb\"},\"inLanguage\":\"en-NO\",\"potentialAction\":[{\"@type\":\"ReadAction\",\"target\":[\"https:\\\/\\\/picrights.com\\\/no\\\/faqs\\\/\"]}]},{\"@type\":\"ImageObject\",\"inLanguage\":\"en-NO\",\"@id\":\"https:\\\/\\\/picrights.com\\\/no\\\/faqs\\\/#primaryimage\",\"url\":\"https:\\\/\\\/picrights.com\\\/wp-content\\\/uploads\\\/2019\\\/08\\\/6113-09159932s.jpg\",\"contentUrl\":\"https:\\\/\\\/picrights.com\\\/wp-content\\\/uploads\\\/2019\\\/08\\\/6113-09159932s.jpg\",\"width\":1982,\"height\":1041},{\"@type\":\"BreadcrumbList\",\"@id\":\"https:\\\/\\\/picrights.com\\\/no\\\/faqs\\\/#breadcrumb\",\"itemListElement\":[{\"@type\":\"ListItem\",\"position\":1,\"name\":\"Home\",\"item\":\"https:\\\/\\\/picrights.com\\\/no\\\/\"},{\"@type\":\"ListItem\",\"position\":2,\"name\":\"Ofte stilte sp\u00f8rsm\u00e5l\"}]},{\"@type\":\"WebSite\",\"@id\":\"https:\\\/\\\/picrights.com\\\/#website\",\"url\":\"https:\\\/\\\/picrights.com\\\/\",\"name\":\"PicRights\",\"description\":\"Copyright Compliance\",\"publisher\":{\"@id\":\"https:\\\/\\\/picrights.com\\\/#organization\"},\"potentialAction\":[{\"@type\":\"SearchAction\",\"target\":{\"@type\":\"EntryPoint\",\"urlTemplate\":\"https:\\\/\\\/picrights.com\\\/?s={search_term_string}\"},\"query-input\":{\"@type\":\"PropertyValueSpecification\",\"valueRequired\":true,\"valueName\":\"search_term_string\"}}],\"inLanguage\":\"en-NO\"},{\"@type\":\"Organization\",\"@id\":\"https:\\\/\\\/picrights.com\\\/#organization\",\"name\":\"PicRights GmbH\",\"url\":\"https:\\\/\\\/picrights.com\\\/\",\"logo\":{\"@type\":\"ImageObject\",\"inLanguage\":\"en-NO\",\"@id\":\"https:\\\/\\\/picrights.com\\\/#\\\/schema\\\/logo\\\/image\\\/\",\"url\":\"https:\\\/\\\/picrights.com\\\/wp-content\\\/uploads\\\/2019\\\/08\\\/PicRightsLogo_rev1.png\",\"contentUrl\":\"https:\\\/\\\/picrights.com\\\/wp-content\\\/uploads\\\/2019\\\/08\\\/PicRightsLogo_rev1.png\",\"width\":146,\"height\":151,\"caption\":\"PicRights GmbH\"},\"image\":{\"@id\":\"https:\\\/\\\/picrights.com\\\/#\\\/schema\\\/logo\\\/image\\\/\"},\"sameAs\":[\"https:\\\/\\\/www.linkedin.com\\\/company\\\/picrights\"]}]}<\/script>\n<!-- \/ Yoast SEO plugin. -->","yoast_head_json":{"title":"Ofte stilte sp\u00f8rsm\u00e5l - PicRights","robots":{"index":"index","follow":"follow","max-snippet":"max-snippet:-1","max-image-preview":"max-image-preview:large","max-video-preview":"max-video-preview:-1"},"canonical":"https:\/\/picrights.com\/no\/faqs\/","og_locale":"en_US","og_type":"article","og_title":"Ofte stilte sp\u00f8rsm\u00e5l - PicRights","og_description":"[vc_row][vc_column][vc_column_text] Ofte stilte sp\u00f8rsm\u00e5l Hvorfor har jeg f\u00e5tt et varsel fra PicRights? Som vi forklarte i brevet v\u00e5rt, har du brukt ett eller flere bilder som eies eller representeres av en av v\u00e5re kunder. Kunden v\u00e5r kan ikke finne noen opptegnelse over at du er gitt en lisens til \u00e5 [&hellip;]","og_url":"https:\/\/picrights.com\/no\/faqs\/","og_site_name":"PicRights","article_modified_time":"2021-10-20T18:11:55+00:00","og_image":[{"width":1982,"height":1041,"url":"https:\/\/picrights.com\/wp-content\/uploads\/2019\/08\/6113-09159932s.jpg","type":"image\/jpeg"}],"twitter_card":"summary_large_image","twitter_misc":{"Est. reading time":"4 minutes"},"schema":{"@context":"https:\/\/schema.org","@graph":[{"@type":"WebPage","@id":"https:\/\/picrights.com\/no\/faqs\/","url":"https:\/\/picrights.com\/no\/faqs\/","name":"Ofte stilte sp\u00f8rsm\u00e5l - PicRights","isPartOf":{"@id":"https:\/\/picrights.com\/#website"},"primaryImageOfPage":{"@id":"https:\/\/picrights.com\/no\/faqs\/#primaryimage"},"image":{"@id":"https:\/\/picrights.com\/no\/faqs\/#primaryimage"},"thumbnailUrl":"https:\/\/picrights.com\/wp-content\/uploads\/2019\/08\/6113-09159932s.jpg","datePublished":"2019-07-18T19:33:09+00:00","dateModified":"2021-10-20T18:11:55+00:00","breadcrumb":{"@id":"https:\/\/picrights.com\/no\/faqs\/#breadcrumb"},"inLanguage":"en-NO","potentialAction":[{"@type":"ReadAction","target":["https:\/\/picrights.com\/no\/faqs\/"]}]},{"@type":"ImageObject","inLanguage":"en-NO","@id":"https:\/\/picrights.com\/no\/faqs\/#primaryimage","url":"https:\/\/picrights.com\/wp-content\/uploads\/2019\/08\/6113-09159932s.jpg","contentUrl":"https:\/\/picrights.com\/wp-content\/uploads\/2019\/08\/6113-09159932s.jpg","width":1982,"height":1041},{"@type":"BreadcrumbList","@id":"https:\/\/picrights.com\/no\/faqs\/#breadcrumb","itemListElement":[{"@type":"ListItem","position":1,"name":"Home","item":"https:\/\/picrights.com\/no\/"},{"@type":"ListItem","position":2,"name":"Ofte stilte sp\u00f8rsm\u00e5l"}]},{"@type":"WebSite","@id":"https:\/\/picrights.com\/#website","url":"https:\/\/picrights.com\/","name":"PicRights","description":"Copyright Compliance","publisher":{"@id":"https:\/\/picrights.com\/#organization"},"potentialAction":[{"@type":"SearchAction","target":{"@type":"EntryPoint","urlTemplate":"https:\/\/picrights.com\/?s={search_term_string}"},"query-input":{"@type":"PropertyValueSpecification","valueRequired":true,"valueName":"search_term_string"}}],"inLanguage":"en-NO"},{"@type":"Organization","@id":"https:\/\/picrights.com\/#organization","name":"PicRights GmbH","url":"https:\/\/picrights.com\/","logo":{"@type":"ImageObject","inLanguage":"en-NO","@id":"https:\/\/picrights.com\/#\/schema\/logo\/image\/","url":"https:\/\/picrights.com\/wp-content\/uploads\/2019\/08\/PicRightsLogo_rev1.png","contentUrl":"https:\/\/picrights.com\/wp-content\/uploads\/2019\/08\/PicRightsLogo_rev1.png","width":146,"height":151,"caption":"PicRights GmbH"},"image":{"@id":"https:\/\/picrights.com\/#\/schema\/logo\/image\/"},"sameAs":["https:\/\/www.linkedin.com\/company\/picrights"]}]}},"_links":{"self":[{"href":"https:\/\/picrights.com\/no\/wp-json\/wp\/v2\/pages\/30496","targetHints":{"allow":["GET"]}}],"collection":[{"href":"https:\/\/picrights.com\/no\/wp-json\/wp\/v2\/pages"}],"about":[{"href":"https:\/\/picrights.com\/no\/wp-json\/wp\/v2\/types\/page"}],"author":[{"embeddable":true,"href":"https:\/\/picrights.com\/no\/wp-json\/wp\/v2\/users\/5"}],"replies":[{"embeddable":true,"href":"https:\/\/picrights.com\/no\/wp-json\/wp\/v2\/comments?post=30496"}],"version-history":[{"count":2,"href":"https:\/\/picrights.com\/no\/wp-json\/wp\/v2\/pages\/30496\/revisions"}],"predecessor-version":[{"id":35925,"href":"https:\/\/picrights.com\/no\/wp-json\/wp\/v2\/pages\/30496\/revisions\/35925"}],"wp:featuredmedia":[{"embeddable":true,"href":"https:\/\/picrights.com\/no\/wp-json\/wp\/v2\/media\/30497"}],"wp:attachment":[{"href":"https:\/\/picrights.com\/no\/wp-json\/wp\/v2\/media?parent=30496"}],"curies":[{"name":"wp","href":"https:\/\/api.w.org\/{rel}","templated":true}]}}