{"id":32968,"date":"2020-06-22T16:00:16","date_gmt":"2020-06-22T16:00:16","guid":{"rendered":"https:\/\/picrights.com\/strona-roszczen\/"},"modified":"2020-06-22T20:56:26","modified_gmt":"2020-06-22T20:56:26","slug":"strona-roszczen","status":"publish","type":"page","link":"https:\/\/picrights.com\/pl\/strona-roszczen\/","title":{"rendered":"Strona roszcze\u0144"},"content":{"rendered":"<h3>Otrzyma\u0142em(-am) zawiadomienie o naruszeniu praw autorskich. Co robi\u0107?<\/h3>\n<h5 class=\"tagline\">Celem PicRights jest szybkie i sprawiedliwe rozwi\u0105zywanie spor\u00f3w dotycz\u0105cych narusze\u0144 praw autorskich bez konieczno\u015bci anga\u017cowania s\u0105d\u00f3w. Nasi specjali\u015bci ds. zgodno\u015bci z przepisami dysponuj\u0105 wieloletnim do\u015bwiadczeniem w rozwi\u0105zywaniu spor\u00f3w w zakresie praw autorskich i wsparciem firmowego radcy prawnego.<\/h5>\n<p>Czy otrzymali Pa\u0144stwo od nas zawiadomienie o naruszeniu praw autorskich? Prosimy o kontakt ze specjalist\u0105 ds. przestrzegania praw autorskich w sprawie tego pisma, aby om\u00f3wi\u0107 dalsze post\u0119powanie. Przedtem polecamy zapoznanie si\u0119 z sekcjami <a href=\"http:\/\/picrights.com\/pl\/faqs\/\">cz\u0119sto zadawane pytania<\/a> oraz <a href=\"http:\/\/picrights.com\/pl\/copyright\/\">prawa autorskie i naruszenia<\/a> aby uzyska\u0107 wi\u0119cej informacji o prawach autorskich, w tym o uczciwym u\u017cytkowaniu, domenie publicznej, zawiadomieniach DMCA o zdj\u0119ciu materia\u0142\u00f3w ze strony lub odebraniu dost\u0119pu do nich itd.<\/p>\n<p>Innymi s\u0142owy: korzystanie z obraz\u00f3w obj\u0119tych prawami autorskimi wymaga licencji obejmuj\u0105cej dowolne wykorzystanie, niezale\u017cnie, czy u\u017cytkownik by\u0142 \u015bwiadom, \u017ce dany obraz stanowi dzie\u0142o nimi chronione, czy nie. Niezb\u0119dne jest uiszczenie op\u0142aty wstecznej, kt\u00f3r\u0105 mo\u017cna uzgodni\u0107 z przydzielonym do Pa\u0144stwa sprawy specjalist\u0105 ds. zgodno\u015bci. <a href=\"https:\/\/resolve.picrights.com\/\">Czy s\u0105 Pa\u0144stwo gotowi na rozwi\u0105zanie sprawy ju\u017c teraz? Prosimy przygotowa\u0107 sw\u00f3j numer referencyjny i odwiedzi\u0107 portal.<\/a><\/p>\n<p>Dla Pa\u0144stwa bezpiecze\u0144stwa i w celu zapewnienia ostatecznego rozstrzygni\u0119cia sprawy, rozliczenia roszcze\u0144 z tytu\u0142u opublikowanych materia\u0142\u00f3w s\u0105 rejestrowane na pi\u015bmie, a nast\u0119pnie podpisywane przez Pa\u0144stwa i specjalist\u0119 z PicRights. Je\u015bli nie uda si\u0119 nam rozstrzygn\u0105\u0107 danej sprawy z pomoc\u0105 naszych pracownik\u00f3w, PicRights zatrudnia zewn\u0119trznych doradc\u00f3w prawnych, kt\u00f3rzy specjalizuj\u0105 si\u0119 w roszczeniach dotycz\u0105cych praw autorskich.<\/p>\n<h4>Czy musz\u0119 zasi\u0119gn\u0105\u0107 porady prawnika?<\/h4>\n<p>Informacje na tej stronie s\u0142u\u017c\u0105 jako materia\u0142y edukacyjne, ale nie nale\u017cy ich traktowa\u0107 jako porady prawne. W przypadku pyta\u0144 natury prawnej dotycz\u0105cych naszego pisma lub og\u00f3lnie praw autorskich zalecamy konsultacj\u0119 z wykwalifikowanym prawnikiem. Jednak nie musz\u0105 Pa\u0144stwo zatrudnia\u0107 prawnika, aby rozwi\u0105za\u0107 spraw\u0119 z pomoc\u0105 naszego specjalisty ds. przestrzegania praw autorskich.<\/p>\n<h4>Co mam teraz zrobi\u0107?<\/h4>\n<p>Prosimy o kontakt osobi\u015bcie lub poprzez przedstawiciela prawnego. PicRights zawsze b\u0119dzie ch\u0119tnie wsp\u00f3\u0142pracowa\u0107 z Pa\u0144stwem, aby rozwi\u0105za\u0107 t\u0119 spraw\u0119 sprawiedliwie i rozs\u0105dnie. Oczywi\u015bcie nasz klient w razie konieczno\u015bci mo\u017ce podj\u0105\u0107 kroki s\u0105dowe o naruszenie praw autorskich, ale stanie si\u0119 to dopiero po wyczerpaniu przez nas wszystkich mo\u017cliwo\u015bci rozwi\u0105zania sprawy wsp\u00f3lnie z Pa\u0144stwem.<\/p>\n","protected":false},"excerpt":{"rendered":"<p>Otrzyma\u0142em(-am) zawiadomienie o naruszeniu praw autorskich. Co robi\u0107? Celem PicRights jest szybkie i sprawiedliwe rozwi\u0105zywanie spor\u00f3w dotycz\u0105cych narusze\u0144 praw autorskich bez konieczno\u015bci anga\u017cowania s\u0105d\u00f3w. Nasi specjali\u015bci ds. zgodno\u015bci z przepisami dysponuj\u0105 wieloletnim do\u015bwiadczeniem w rozwi\u0105zywaniu spor\u00f3w w zakresie praw autorskich i wsparciem firmowego radcy prawnego. Czy otrzymali Pa\u0144stwo od nas [&hellip;]<\/p>\n","protected":false},"author":5,"featured_media":32969,"parent":0,"menu_order":0,"comment_status":"closed","ping_status":"closed","template":"","meta":{"footnotes":""},"class_list":["post-32968","page","type-page","status-publish","has-post-thumbnail","hentry"],"yoast_head":"<!-- This site is optimized with the Yoast SEO plugin v27.5 - https:\/\/yoast.com\/product\/yoast-seo-wordpress\/ -->\n<title>Strona roszcze\u0144 - PicRights<\/title>\n<meta name=\"robots\" content=\"index, follow, max-snippet:-1, max-image-preview:large, max-video-preview:-1\" \/>\n<link rel=\"canonical\" href=\"https:\/\/picrights.com\/pl\/strona-roszczen\/\" \/>\n<meta property=\"og:locale\" content=\"pl_PL\" \/>\n<meta property=\"og:type\" content=\"article\" \/>\n<meta property=\"og:title\" content=\"Strona roszcze\u0144 - PicRights\" \/>\n<meta property=\"og:description\" content=\"Otrzyma\u0142em(-am) zawiadomienie o naruszeniu praw autorskich. Co robi\u0107? Celem PicRights jest szybkie i sprawiedliwe rozwi\u0105zywanie spor\u00f3w dotycz\u0105cych narusze\u0144 praw autorskich bez konieczno\u015bci anga\u017cowania s\u0105d\u00f3w. Nasi specjali\u015bci ds. zgodno\u015bci z przepisami dysponuj\u0105 wieloletnim do\u015bwiadczeniem w rozwi\u0105zywaniu spor\u00f3w w zakresie praw autorskich i wsparciem firmowego radcy prawnego. Czy otrzymali Pa\u0144stwo od nas [&hellip;]\" \/>\n<meta property=\"og:url\" content=\"https:\/\/picrights.com\/pl\/strona-roszczen\/\" \/>\n<meta property=\"og:site_name\" content=\"PicRights\" \/>\n<meta property=\"article:modified_time\" content=\"2020-06-22T20:56:26+00:00\" \/>\n<meta property=\"og:image\" content=\"https:\/\/picrights.com\/wp-content\/uploads\/2019\/07\/6113-08105434.jpg\" \/>\n\t<meta property=\"og:image:width\" content=\"2000\" \/>\n\t<meta property=\"og:image:height\" content=\"1150\" \/>\n\t<meta property=\"og:image:type\" content=\"image\/jpeg\" \/>\n<meta name=\"twitter:card\" content=\"summary_large_image\" \/>\n<meta name=\"twitter:label1\" content=\"Szacowany czas czytania\" \/>\n\t<meta name=\"twitter:data1\" content=\"2 minuty\" \/>\n<script type=\"application\/ld+json\" class=\"yoast-schema-graph\">{\"@context\":\"https:\\\/\\\/schema.org\",\"@graph\":[{\"@type\":\"WebPage\",\"@id\":\"https:\\\/\\\/picrights.com\\\/pl\\\/strona-roszczen\\\/\",\"url\":\"https:\\\/\\\/picrights.com\\\/pl\\\/strona-roszczen\\\/\",\"name\":\"Strona roszcze\u0144 - PicRights\",\"isPartOf\":{\"@id\":\"https:\\\/\\\/picrights.com\\\/#website\"},\"primaryImageOfPage\":{\"@id\":\"https:\\\/\\\/picrights.com\\\/pl\\\/strona-roszczen\\\/#primaryimage\"},\"image\":{\"@id\":\"https:\\\/\\\/picrights.com\\\/pl\\\/strona-roszczen\\\/#primaryimage\"},\"thumbnailUrl\":\"https:\\\/\\\/picrights.com\\\/wp-content\\\/uploads\\\/2019\\\/07\\\/6113-08105434.jpg\",\"datePublished\":\"2020-06-22T16:00:16+00:00\",\"dateModified\":\"2020-06-22T20:56:26+00:00\",\"breadcrumb\":{\"@id\":\"https:\\\/\\\/picrights.com\\\/pl\\\/strona-roszczen\\\/#breadcrumb\"},\"inLanguage\":\"pl-PL\",\"potentialAction\":[{\"@type\":\"ReadAction\",\"target\":[\"https:\\\/\\\/picrights.com\\\/pl\\\/strona-roszczen\\\/\"]}]},{\"@type\":\"ImageObject\",\"inLanguage\":\"pl-PL\",\"@id\":\"https:\\\/\\\/picrights.com\\\/pl\\\/strona-roszczen\\\/#primaryimage\",\"url\":\"https:\\\/\\\/picrights.com\\\/wp-content\\\/uploads\\\/2019\\\/07\\\/6113-08105434.jpg\",\"contentUrl\":\"https:\\\/\\\/picrights.com\\\/wp-content\\\/uploads\\\/2019\\\/07\\\/6113-08105434.jpg\",\"width\":2000,\"height\":1150},{\"@type\":\"BreadcrumbList\",\"@id\":\"https:\\\/\\\/picrights.com\\\/pl\\\/strona-roszczen\\\/#breadcrumb\",\"itemListElement\":[{\"@type\":\"ListItem\",\"position\":1,\"name\":\"Home\",\"item\":\"https:\\\/\\\/picrights.com\\\/pl\\\/\"},{\"@type\":\"ListItem\",\"position\":2,\"name\":\"Strona roszcze\u0144\"}]},{\"@type\":\"WebSite\",\"@id\":\"https:\\\/\\\/picrights.com\\\/#website\",\"url\":\"https:\\\/\\\/picrights.com\\\/\",\"name\":\"PicRights\",\"description\":\"Copyright Compliance\",\"publisher\":{\"@id\":\"https:\\\/\\\/picrights.com\\\/#organization\"},\"potentialAction\":[{\"@type\":\"SearchAction\",\"target\":{\"@type\":\"EntryPoint\",\"urlTemplate\":\"https:\\\/\\\/picrights.com\\\/?s={search_term_string}\"},\"query-input\":{\"@type\":\"PropertyValueSpecification\",\"valueRequired\":true,\"valueName\":\"search_term_string\"}}],\"inLanguage\":\"pl-PL\"},{\"@type\":\"Organization\",\"@id\":\"https:\\\/\\\/picrights.com\\\/#organization\",\"name\":\"PicRights GmbH\",\"url\":\"https:\\\/\\\/picrights.com\\\/\",\"logo\":{\"@type\":\"ImageObject\",\"inLanguage\":\"pl-PL\",\"@id\":\"https:\\\/\\\/picrights.com\\\/#\\\/schema\\\/logo\\\/image\\\/\",\"url\":\"https:\\\/\\\/picrights.com\\\/wp-content\\\/uploads\\\/2019\\\/08\\\/PicRightsLogo_rev1.png\",\"contentUrl\":\"https:\\\/\\\/picrights.com\\\/wp-content\\\/uploads\\\/2019\\\/08\\\/PicRightsLogo_rev1.png\",\"width\":146,\"height\":151,\"caption\":\"PicRights GmbH\"},\"image\":{\"@id\":\"https:\\\/\\\/picrights.com\\\/#\\\/schema\\\/logo\\\/image\\\/\"},\"sameAs\":[\"https:\\\/\\\/www.linkedin.com\\\/company\\\/picrights\"]}]}<\/script>\n<!-- \/ Yoast SEO plugin. -->","yoast_head_json":{"title":"Strona roszcze\u0144 - PicRights","robots":{"index":"index","follow":"follow","max-snippet":"max-snippet:-1","max-image-preview":"max-image-preview:large","max-video-preview":"max-video-preview:-1"},"canonical":"https:\/\/picrights.com\/pl\/strona-roszczen\/","og_locale":"pl_PL","og_type":"article","og_title":"Strona roszcze\u0144 - PicRights","og_description":"Otrzyma\u0142em(-am) zawiadomienie o naruszeniu praw autorskich. Co robi\u0107? Celem PicRights jest szybkie i sprawiedliwe rozwi\u0105zywanie spor\u00f3w dotycz\u0105cych narusze\u0144 praw autorskich bez konieczno\u015bci anga\u017cowania s\u0105d\u00f3w. Nasi specjali\u015bci ds. zgodno\u015bci z przepisami dysponuj\u0105 wieloletnim do\u015bwiadczeniem w rozwi\u0105zywaniu spor\u00f3w w zakresie praw autorskich i wsparciem firmowego radcy prawnego. Czy otrzymali Pa\u0144stwo od nas [&hellip;]","og_url":"https:\/\/picrights.com\/pl\/strona-roszczen\/","og_site_name":"PicRights","article_modified_time":"2020-06-22T20:56:26+00:00","og_image":[{"width":2000,"height":1150,"url":"https:\/\/picrights.com\/wp-content\/uploads\/2019\/07\/6113-08105434.jpg","type":"image\/jpeg"}],"twitter_card":"summary_large_image","twitter_misc":{"Szacowany czas czytania":"2 minuty"},"schema":{"@context":"https:\/\/schema.org","@graph":[{"@type":"WebPage","@id":"https:\/\/picrights.com\/pl\/strona-roszczen\/","url":"https:\/\/picrights.com\/pl\/strona-roszczen\/","name":"Strona roszcze\u0144 - PicRights","isPartOf":{"@id":"https:\/\/picrights.com\/#website"},"primaryImageOfPage":{"@id":"https:\/\/picrights.com\/pl\/strona-roszczen\/#primaryimage"},"image":{"@id":"https:\/\/picrights.com\/pl\/strona-roszczen\/#primaryimage"},"thumbnailUrl":"https:\/\/picrights.com\/wp-content\/uploads\/2019\/07\/6113-08105434.jpg","datePublished":"2020-06-22T16:00:16+00:00","dateModified":"2020-06-22T20:56:26+00:00","breadcrumb":{"@id":"https:\/\/picrights.com\/pl\/strona-roszczen\/#breadcrumb"},"inLanguage":"pl-PL","potentialAction":[{"@type":"ReadAction","target":["https:\/\/picrights.com\/pl\/strona-roszczen\/"]}]},{"@type":"ImageObject","inLanguage":"pl-PL","@id":"https:\/\/picrights.com\/pl\/strona-roszczen\/#primaryimage","url":"https:\/\/picrights.com\/wp-content\/uploads\/2019\/07\/6113-08105434.jpg","contentUrl":"https:\/\/picrights.com\/wp-content\/uploads\/2019\/07\/6113-08105434.jpg","width":2000,"height":1150},{"@type":"BreadcrumbList","@id":"https:\/\/picrights.com\/pl\/strona-roszczen\/#breadcrumb","itemListElement":[{"@type":"ListItem","position":1,"name":"Home","item":"https:\/\/picrights.com\/pl\/"},{"@type":"ListItem","position":2,"name":"Strona roszcze\u0144"}]},{"@type":"WebSite","@id":"https:\/\/picrights.com\/#website","url":"https:\/\/picrights.com\/","name":"PicRights","description":"Copyright Compliance","publisher":{"@id":"https:\/\/picrights.com\/#organization"},"potentialAction":[{"@type":"SearchAction","target":{"@type":"EntryPoint","urlTemplate":"https:\/\/picrights.com\/?s={search_term_string}"},"query-input":{"@type":"PropertyValueSpecification","valueRequired":true,"valueName":"search_term_string"}}],"inLanguage":"pl-PL"},{"@type":"Organization","@id":"https:\/\/picrights.com\/#organization","name":"PicRights GmbH","url":"https:\/\/picrights.com\/","logo":{"@type":"ImageObject","inLanguage":"pl-PL","@id":"https:\/\/picrights.com\/#\/schema\/logo\/image\/","url":"https:\/\/picrights.com\/wp-content\/uploads\/2019\/08\/PicRightsLogo_rev1.png","contentUrl":"https:\/\/picrights.com\/wp-content\/uploads\/2019\/08\/PicRightsLogo_rev1.png","width":146,"height":151,"caption":"PicRights GmbH"},"image":{"@id":"https:\/\/picrights.com\/#\/schema\/logo\/image\/"},"sameAs":["https:\/\/www.linkedin.com\/company\/picrights"]}]}},"_links":{"self":[{"href":"https:\/\/picrights.com\/pl\/wp-json\/wp\/v2\/pages\/32968","targetHints":{"allow":["GET"]}}],"collection":[{"href":"https:\/\/picrights.com\/pl\/wp-json\/wp\/v2\/pages"}],"about":[{"href":"https:\/\/picrights.com\/pl\/wp-json\/wp\/v2\/types\/page"}],"author":[{"embeddable":true,"href":"https:\/\/picrights.com\/pl\/wp-json\/wp\/v2\/users\/5"}],"replies":[{"embeddable":true,"href":"https:\/\/picrights.com\/pl\/wp-json\/wp\/v2\/comments?post=32968"}],"version-history":[{"count":0,"href":"https:\/\/picrights.com\/pl\/wp-json\/wp\/v2\/pages\/32968\/revisions"}],"wp:featuredmedia":[{"embeddable":true,"href":"https:\/\/picrights.com\/pl\/wp-json\/wp\/v2\/media\/32969"}],"wp:attachment":[{"href":"https:\/\/picrights.com\/pl\/wp-json\/wp\/v2\/media?parent=32968"}],"curies":[{"name":"wp","href":"https:\/\/api.w.org\/{rel}","templated":true}]}}