{"id":30439,"date":"2019-07-18T19:39:38","date_gmt":"2019-07-18T19:39:38","guid":{"rendered":"http:\/\/wemadethisapp.com\/claims\/"},"modified":"2020-01-30T15:30:31","modified_gmt":"2020-01-30T15:30:31","slug":"claims","status":"publish","type":"page","link":"https:\/\/picrights.com\/pt-br\/claims\/","title":{"rendered":"Reclama\u00e7\u00f5es"},"content":{"rendered":"<h3>Recebi um advert\u00eancia de viola\u00e7\u00e3o de direitos autorais. E agora?<\/h3>\n<h5 class=\"tagline\">O objetivo do PicRights \u00e9 resolver viola\u00e7\u00f5es de direitos autorais de forma r\u00e1pida e justa e sem recorrer aos tribunais. Nossos diretores de conformidade t\u00eam anos de experi\u00eancia na resolu\u00e7\u00e3o de reivindica\u00e7\u00f5es de direitos autorais e s\u00e3o apoiados por consultores jur\u00eddicos internos.<\/h5>\n<p>Recebeu um advert\u00eancia nossa de viola\u00e7\u00e3o de direitos autorais? Contate o Respons\u00e1vel pela Conformidade com os Direitos Autorais na sua carta para tratar dos pr\u00f3ximos passos. Antes disso, pode consultar as nossas <a href=\"http:\/\/picrights.com\/pt-br\/faqs\/\">Perguntas Frequentes<\/a> e os nossos <a href=\"http:\/\/picrights.com\/pt-br\/copyright\/\">Direitos Autorais e Erros<\/a> para obter informa\u00e7\u00f5es sobre direitos autorais, incluindo uso justo, dom\u00ednio p\u00fablico, aviso de remo\u00e7\u00e3o da DMCA e outros.<\/p>\n<p>Em suma, o uso de imagens protegidas por direitos autorais exige uma licen\u00e7a que cubra qualquer uso, mesmo que voc\u00ea n\u00e3o soubesse que a imagem era uma obra protegida por direitos autorais. O pagamento de uma taxa retroativa \u00e9 necess\u00e1rio e pode ser combinado com o seu respons\u00e1vel pela conformidade. <a href=\"https:\/\/resolve.picrights.com\/\">Est\u00e1 pronto(a) para resolver agora? Tenha o seu n\u00famero de refer\u00eancia \u00e0 m\u00e3o e visite o portal.<\/a><\/p>\n<p>Para sua prote\u00e7\u00e3o e garantia de uma resolu\u00e7\u00e3o final, os acordos de reivindica\u00e7\u00e3o de libera\u00e7\u00e3o s\u00e3o registrados por escrito e assinados por voc\u00ea e um funcion\u00e1rio do PicRights. Se n\u00e3o for poss\u00edvel resolver as reivindica\u00e7\u00f5es por meio de nossa equipe interna, a PicRights contratar\u00e1 consultores jur\u00eddicos externos especializados na resolu\u00e7\u00e3o de reivindica\u00e7\u00f5es de direitos autorais.<\/p>\n<h4>Preciso falar com um advogado?<\/h4>\n<p>Iremos fornecer informa\u00e7\u00f5es neste site como um recurso educacional, mas estas n\u00e3o se qualificam como consultoria jur\u00eddica. \u00c9 altamente recomend\u00e1vel que fale com um advogado qualificado se tiver perguntas legais sobre a carta que recebeu de n\u00f3s ou sobre direitos autorais em geral. No entanto, voc\u00ea n\u00e3o \u00e9 obrigado(a) a contratar um advogado para resolver uma reclama\u00e7\u00e3o com um dos nossos Diretores de Conformidade com os Direitos Autorais.<\/p>\n<h4>O que devo saber?<\/h4>\n<p>Entre em contacto conosco pessoalmente ou por meio do seu representante legal. A PicRights est\u00e1 sempre disposta a trabalhar consigo para resolver esse problema de forma justa e razo\u00e1vel. Embora o nosso cliente litigue essa viola\u00e7\u00e3o de direitos autorais, se for necess\u00e1rio, isso s\u00f3 acontecer\u00e1 se tivermos esgotado todos os esfor\u00e7os na tentativa de resolver esse problema consigo.<\/p>\n","protected":false},"excerpt":{"rendered":"<p>Recebi um advert\u00eancia de viola\u00e7\u00e3o de direitos autorais. E agora? O objetivo do PicRights \u00e9 resolver viola\u00e7\u00f5es de direitos autorais de forma r\u00e1pida e justa e sem recorrer aos tribunais. Nossos diretores de conformidade t\u00eam anos de experi\u00eancia na resolu\u00e7\u00e3o de reivindica\u00e7\u00f5es de direitos autorais e s\u00e3o apoiados por consultores [&hellip;]<\/p>\n","protected":false},"author":5,"featured_media":31275,"parent":0,"menu_order":0,"comment_status":"closed","ping_status":"closed","template":"","meta":{"footnotes":""},"class_list":["post-30439","page","type-page","status-publish","has-post-thumbnail","hentry"],"yoast_head":"<!-- This site is optimized with the Yoast SEO plugin v27.5 - https:\/\/yoast.com\/product\/yoast-seo-wordpress\/ -->\n<title>Reclama\u00e7\u00f5es - PicRights<\/title>\n<meta name=\"robots\" content=\"index, follow, max-snippet:-1, max-image-preview:large, max-video-preview:-1\" \/>\n<link rel=\"canonical\" href=\"https:\/\/picrights.com\/pt-br\/claims\/\" \/>\n<meta property=\"og:locale\" content=\"pt_BR\" \/>\n<meta property=\"og:type\" content=\"article\" \/>\n<meta property=\"og:title\" content=\"Reclama\u00e7\u00f5es - PicRights\" \/>\n<meta property=\"og:description\" content=\"Recebi um advert\u00eancia de viola\u00e7\u00e3o de direitos autorais. E agora? O objetivo do PicRights \u00e9 resolver viola\u00e7\u00f5es de direitos autorais de forma r\u00e1pida e justa e sem recorrer aos tribunais. Nossos diretores de conformidade t\u00eam anos de experi\u00eancia na resolu\u00e7\u00e3o de reivindica\u00e7\u00f5es de direitos autorais e s\u00e3o apoiados por consultores [&hellip;]\" \/>\n<meta property=\"og:url\" content=\"https:\/\/picrights.com\/pt-br\/claims\/\" \/>\n<meta property=\"og:site_name\" content=\"PicRights\" \/>\n<meta property=\"article:modified_time\" content=\"2020-01-30T15:30:31+00:00\" \/>\n<meta property=\"og:image\" content=\"https:\/\/picrights.com\/wp-content\/uploads\/2019\/07\/6113-08105434.jpg\" \/>\n\t<meta property=\"og:image:width\" content=\"2000\" \/>\n\t<meta property=\"og:image:height\" content=\"1150\" \/>\n\t<meta property=\"og:image:type\" content=\"image\/jpeg\" \/>\n<meta name=\"twitter:card\" content=\"summary_large_image\" \/>\n<meta name=\"twitter:label1\" content=\"Est. tempo de leitura\" \/>\n\t<meta name=\"twitter:data1\" content=\"2 minutos\" \/>\n<script type=\"application\/ld+json\" class=\"yoast-schema-graph\">{\"@context\":\"https:\\\/\\\/schema.org\",\"@graph\":[{\"@type\":\"WebPage\",\"@id\":\"https:\\\/\\\/picrights.com\\\/pt-br\\\/claims\\\/\",\"url\":\"https:\\\/\\\/picrights.com\\\/pt-br\\\/claims\\\/\",\"name\":\"Reclama\u00e7\u00f5es - PicRights\",\"isPartOf\":{\"@id\":\"https:\\\/\\\/picrights.com\\\/#website\"},\"primaryImageOfPage\":{\"@id\":\"https:\\\/\\\/picrights.com\\\/pt-br\\\/claims\\\/#primaryimage\"},\"image\":{\"@id\":\"https:\\\/\\\/picrights.com\\\/pt-br\\\/claims\\\/#primaryimage\"},\"thumbnailUrl\":\"https:\\\/\\\/picrights.com\\\/wp-content\\\/uploads\\\/2019\\\/07\\\/6113-08105434.jpg\",\"datePublished\":\"2019-07-18T19:39:38+00:00\",\"dateModified\":\"2020-01-30T15:30:31+00:00\",\"breadcrumb\":{\"@id\":\"https:\\\/\\\/picrights.com\\\/pt-br\\\/claims\\\/#breadcrumb\"},\"inLanguage\":\"pt-BR\",\"potentialAction\":[{\"@type\":\"ReadAction\",\"target\":[\"https:\\\/\\\/picrights.com\\\/pt-br\\\/claims\\\/\"]}]},{\"@type\":\"ImageObject\",\"inLanguage\":\"pt-BR\",\"@id\":\"https:\\\/\\\/picrights.com\\\/pt-br\\\/claims\\\/#primaryimage\",\"url\":\"https:\\\/\\\/picrights.com\\\/wp-content\\\/uploads\\\/2019\\\/07\\\/6113-08105434.jpg\",\"contentUrl\":\"https:\\\/\\\/picrights.com\\\/wp-content\\\/uploads\\\/2019\\\/07\\\/6113-08105434.jpg\",\"width\":2000,\"height\":1150},{\"@type\":\"BreadcrumbList\",\"@id\":\"https:\\\/\\\/picrights.com\\\/pt-br\\\/claims\\\/#breadcrumb\",\"itemListElement\":[{\"@type\":\"ListItem\",\"position\":1,\"name\":\"Home\",\"item\":\"https:\\\/\\\/picrights.com\\\/pt-br\\\/\"},{\"@type\":\"ListItem\",\"position\":2,\"name\":\"Reclama\u00e7\u00f5es\"}]},{\"@type\":\"WebSite\",\"@id\":\"https:\\\/\\\/picrights.com\\\/#website\",\"url\":\"https:\\\/\\\/picrights.com\\\/\",\"name\":\"PicRights\",\"description\":\"Copyright Compliance\",\"publisher\":{\"@id\":\"https:\\\/\\\/picrights.com\\\/#organization\"},\"potentialAction\":[{\"@type\":\"SearchAction\",\"target\":{\"@type\":\"EntryPoint\",\"urlTemplate\":\"https:\\\/\\\/picrights.com\\\/?s={search_term_string}\"},\"query-input\":{\"@type\":\"PropertyValueSpecification\",\"valueRequired\":true,\"valueName\":\"search_term_string\"}}],\"inLanguage\":\"pt-BR\"},{\"@type\":\"Organization\",\"@id\":\"https:\\\/\\\/picrights.com\\\/#organization\",\"name\":\"PicRights GmbH\",\"url\":\"https:\\\/\\\/picrights.com\\\/\",\"logo\":{\"@type\":\"ImageObject\",\"inLanguage\":\"pt-BR\",\"@id\":\"https:\\\/\\\/picrights.com\\\/#\\\/schema\\\/logo\\\/image\\\/\",\"url\":\"https:\\\/\\\/picrights.com\\\/wp-content\\\/uploads\\\/2019\\\/08\\\/PicRightsLogo_rev1.png\",\"contentUrl\":\"https:\\\/\\\/picrights.com\\\/wp-content\\\/uploads\\\/2019\\\/08\\\/PicRightsLogo_rev1.png\",\"width\":146,\"height\":151,\"caption\":\"PicRights GmbH\"},\"image\":{\"@id\":\"https:\\\/\\\/picrights.com\\\/#\\\/schema\\\/logo\\\/image\\\/\"},\"sameAs\":[\"https:\\\/\\\/www.linkedin.com\\\/company\\\/picrights\"]}]}<\/script>\n<!-- \/ Yoast SEO plugin. -->","yoast_head_json":{"title":"Reclama\u00e7\u00f5es - PicRights","robots":{"index":"index","follow":"follow","max-snippet":"max-snippet:-1","max-image-preview":"max-image-preview:large","max-video-preview":"max-video-preview:-1"},"canonical":"https:\/\/picrights.com\/pt-br\/claims\/","og_locale":"pt_BR","og_type":"article","og_title":"Reclama\u00e7\u00f5es - PicRights","og_description":"Recebi um advert\u00eancia de viola\u00e7\u00e3o de direitos autorais. E agora? O objetivo do PicRights \u00e9 resolver viola\u00e7\u00f5es de direitos autorais de forma r\u00e1pida e justa e sem recorrer aos tribunais. Nossos diretores de conformidade t\u00eam anos de experi\u00eancia na resolu\u00e7\u00e3o de reivindica\u00e7\u00f5es de direitos autorais e s\u00e3o apoiados por consultores [&hellip;]","og_url":"https:\/\/picrights.com\/pt-br\/claims\/","og_site_name":"PicRights","article_modified_time":"2020-01-30T15:30:31+00:00","og_image":[{"width":2000,"height":1150,"url":"https:\/\/picrights.com\/wp-content\/uploads\/2019\/07\/6113-08105434.jpg","type":"image\/jpeg"}],"twitter_card":"summary_large_image","twitter_misc":{"Est. tempo de leitura":"2 minutos"},"schema":{"@context":"https:\/\/schema.org","@graph":[{"@type":"WebPage","@id":"https:\/\/picrights.com\/pt-br\/claims\/","url":"https:\/\/picrights.com\/pt-br\/claims\/","name":"Reclama\u00e7\u00f5es - PicRights","isPartOf":{"@id":"https:\/\/picrights.com\/#website"},"primaryImageOfPage":{"@id":"https:\/\/picrights.com\/pt-br\/claims\/#primaryimage"},"image":{"@id":"https:\/\/picrights.com\/pt-br\/claims\/#primaryimage"},"thumbnailUrl":"https:\/\/picrights.com\/wp-content\/uploads\/2019\/07\/6113-08105434.jpg","datePublished":"2019-07-18T19:39:38+00:00","dateModified":"2020-01-30T15:30:31+00:00","breadcrumb":{"@id":"https:\/\/picrights.com\/pt-br\/claims\/#breadcrumb"},"inLanguage":"pt-BR","potentialAction":[{"@type":"ReadAction","target":["https:\/\/picrights.com\/pt-br\/claims\/"]}]},{"@type":"ImageObject","inLanguage":"pt-BR","@id":"https:\/\/picrights.com\/pt-br\/claims\/#primaryimage","url":"https:\/\/picrights.com\/wp-content\/uploads\/2019\/07\/6113-08105434.jpg","contentUrl":"https:\/\/picrights.com\/wp-content\/uploads\/2019\/07\/6113-08105434.jpg","width":2000,"height":1150},{"@type":"BreadcrumbList","@id":"https:\/\/picrights.com\/pt-br\/claims\/#breadcrumb","itemListElement":[{"@type":"ListItem","position":1,"name":"Home","item":"https:\/\/picrights.com\/pt-br\/"},{"@type":"ListItem","position":2,"name":"Reclama\u00e7\u00f5es"}]},{"@type":"WebSite","@id":"https:\/\/picrights.com\/#website","url":"https:\/\/picrights.com\/","name":"PicRights","description":"Copyright Compliance","publisher":{"@id":"https:\/\/picrights.com\/#organization"},"potentialAction":[{"@type":"SearchAction","target":{"@type":"EntryPoint","urlTemplate":"https:\/\/picrights.com\/?s={search_term_string}"},"query-input":{"@type":"PropertyValueSpecification","valueRequired":true,"valueName":"search_term_string"}}],"inLanguage":"pt-BR"},{"@type":"Organization","@id":"https:\/\/picrights.com\/#organization","name":"PicRights GmbH","url":"https:\/\/picrights.com\/","logo":{"@type":"ImageObject","inLanguage":"pt-BR","@id":"https:\/\/picrights.com\/#\/schema\/logo\/image\/","url":"https:\/\/picrights.com\/wp-content\/uploads\/2019\/08\/PicRightsLogo_rev1.png","contentUrl":"https:\/\/picrights.com\/wp-content\/uploads\/2019\/08\/PicRightsLogo_rev1.png","width":146,"height":151,"caption":"PicRights GmbH"},"image":{"@id":"https:\/\/picrights.com\/#\/schema\/logo\/image\/"},"sameAs":["https:\/\/www.linkedin.com\/company\/picrights"]}]}},"_links":{"self":[{"href":"https:\/\/picrights.com\/pt-br\/wp-json\/wp\/v2\/pages\/30439","targetHints":{"allow":["GET"]}}],"collection":[{"href":"https:\/\/picrights.com\/pt-br\/wp-json\/wp\/v2\/pages"}],"about":[{"href":"https:\/\/picrights.com\/pt-br\/wp-json\/wp\/v2\/types\/page"}],"author":[{"embeddable":true,"href":"https:\/\/picrights.com\/pt-br\/wp-json\/wp\/v2\/users\/5"}],"replies":[{"embeddable":true,"href":"https:\/\/picrights.com\/pt-br\/wp-json\/wp\/v2\/comments?post=30439"}],"version-history":[{"count":0,"href":"https:\/\/picrights.com\/pt-br\/wp-json\/wp\/v2\/pages\/30439\/revisions"}],"wp:featuredmedia":[{"embeddable":true,"href":"https:\/\/picrights.com\/pt-br\/wp-json\/wp\/v2\/media\/31275"}],"wp:attachment":[{"href":"https:\/\/picrights.com\/pt-br\/wp-json\/wp\/v2\/media?parent=30439"}],"curies":[{"name":"wp","href":"https:\/\/api.w.org\/{rel}","templated":true}]}}