{"id":30498,"date":"2019-07-18T19:33:09","date_gmt":"2019-07-18T19:33:09","guid":{"rendered":"http:\/\/wemadethisapp.com\/faqs\/"},"modified":"2021-10-20T17:28:24","modified_gmt":"2021-10-20T17:28:24","slug":"faqs","status":"publish","type":"page","link":"https:\/\/picrights.com\/pt-br\/faqs\/","title":{"rendered":"FAQs"},"content":{"rendered":"<div class=\"wpb-content-wrapper\"><p>[vc_row][vc_column][vc_column_text]<\/p>\n<h1>Perguntas Frequentes<\/h1>\n<h3>Por que recebi uma advert\u00eancia da PicRights?<\/h3>\n<p>Conforme explicamos na nossa carta, voc\u00ea usou uma ou mais imagens pertencentes ou representadas por um dos nossos clientes. O nosso cliente n\u00e3o est\u00e1 conseguindo encontrar nenhum registo de uma licen\u00e7a concedida para seu uso. Portanto, parece que voc\u00ea violou os direitos autorais do nosso cliente. O nosso cliente instruiu-nos para entrar em contato consigo de modo a resolver o problema. <a href=\"http:\/\/picrights.com\/pt-br\/claims\/\">Saiba mais<\/a><\/p>\n<h3>Preciso falar com um advogado?<\/h3>\n<p>Iremos fornecer informa\u00e7\u00f5es neste site como um recurso educacional, mas estas n\u00e3o se qualificam como consultoria jur\u00eddica. \u00c9 altamente recomend\u00e1vel que fale com um advogado qualificado se tiver perguntas legais sobre a carta que recebeu de n\u00f3s ou sobre direitos autorais em geral. No entanto, voc\u00ea n\u00e3o \u00e9 obrigado(a) a contratar um advogado para resolver uma reclama\u00e7\u00e3o com um dos nossos Diretores de Conformidade com os Direitos Autorais.<\/p>\n<h3>What is a copyright?<\/h3>\n<p>Copyright \u00e9 o direito exclusivo de reproduzir, adaptar, usar, distribuir e exibir uma obra de autoria original, como uma fotografia. Esse direito \u00e9 protegido pelos tratados e pelas leis do Brasil.<\/p>\n<h3 id=\"designer\">O problema fica resolvido se eu remover a imagem?<\/h3>\n<p>N\u00e3o. Embora a remo\u00e7\u00e3o da imagem diminua a sua responsabilidade, isso n\u00e3o resolve o problema. A utiliza\u00e7\u00e3o de imagens protegidas por direitos autorais requer licenciamento adequado para cobrir todo e qualquer uso. Portanto, \u00e9 necess\u00e1rio o pagamento de uma taxa de licen\u00e7a para resolver o problema completamente.<\/p>\n<h3 id=\"template\">E se eu contratasse algu\u00e9m para criar o meu site?<\/h3>\n<p>De acordo com a Lei de Direitos Autorais, n\u00e3o importa quem criou o seu site ou se cometeu uma viola\u00e7\u00e3o de direitos autorais intencionalmente. Como utilizador final, voc\u00ea \u00e9 respons\u00e1vel pela viola\u00e7\u00e3o e pelo pagamento das taxas de licen\u00e7a apropriadas. N\u00e3o entraremos em contato com o designer para chegar a um acordo, a menos que ele aceite assumir a responsabilidade pela infra\u00e7\u00e3o e tenha os meios para o fazer. Se acredita que o designer \u00e9 respons\u00e1vel, cabe-lhe a si entrar em contato com ele.<\/p>\n<h3>E se eu comprasse a imagem como parte de um modelo de design?<\/h3>\n<p>De acordo com a Lei de Direitos Autorais, voc\u00ea \u00e9, em \u00faltima an\u00e1lise, respons\u00e1vel por garantir a permiss\u00e3o para utilizar a imagem. Se comprou ou adquiriu imagens de um servi\u00e7o de assinatura ou de um site que fornece modelos, voc\u00ea ainda \u00e9 respons\u00e1vel pela viola\u00e7\u00e3o de direitos autorais, se a empresa n\u00e3o licenciou adequadamente a imagem para o seu uso.<\/p>\n<h3>E se eu n\u00e3o soubesse que a imagem precisava de ser licenciada?<\/h3>\n<p>A viola\u00e7\u00e3o de direitos autorais \u00e9 referida como uma viola\u00e7\u00e3o de &#8220;responsabilidade objetiva&#8221;. Isso significa que n\u00e3o importa se violou acidentalmente os direitos autorais de algu\u00e9m ou n\u00e3o sabia que a imagem estava protegida por direitos autorais e precisava de uma licen\u00e7a. A sua falta de conhecimento n\u00e3o justifica ou descarta o seu uso n\u00e3o autorizado, nem renuncia \u00e0s taxas de licen\u00e7a que precisa pagar pelo uso da imagem.<\/p>\n<h3>E se eu encontrasse a imagem na internet e n\u00e3o houvesse aviso de direitos autorais ou marca d&#8217;\u00e1gua?<\/h3>\n<p>De acordo com a Lei de Direitos Autorais, a falta de um aviso de direitos autorais ou marca d&#8217;\u00e1gua n\u00e3o significa que n\u00e3o h\u00e1 prote\u00e7\u00e3o de direitos autorais. Uma imagem \u00e9 protegida por direitos autorais a partir do momento em que \u00e9 criada, publicada ou n\u00e3o, registada ou n\u00e3o, e se um aviso de direitos autorais ou marca d&#8217;\u00e1gua a acompanha ou n\u00e3o. S\u00f3 porque uma imagem est\u00e1 na internet n\u00e3o significa que seja de dom\u00ednio p\u00fablico, mesmo que voc\u00ea a tenha encontrado num mecanismo de pesquisa como o Google. O termo &#8220;dom\u00ednio p\u00fablico&#8221; \u00e9 uma exce\u00e7\u00e3o estritamente definida \u00e0 Lei de Direitos Autorais, que trata especificamente de obras em que os direitos autorais expiraram ou onde o propriet\u00e1rio dos direitos autorais fez uma declara\u00e7\u00e3o clara de que a obra n\u00e3o est\u00e1 sujeita a direitos autorais.<\/p>\n<h3>E se eu n\u00e3o ganhasse dinheiro com a imagem?<\/h3>\n<p>Ganhar dinheiro com o uso de uma imagem \u00e9 irrelevante para determinar se o uso foi uma infra\u00e7\u00e3o. O propriet\u00e1rio dos direitos autorais pode recuperar os danos, mesmo se voc\u00ea tiver perdido dinheiro usando a imagem sem permiss\u00e3o. Ganhar dinheiro com o uso da foto pode aumentar a quantidade de danos, mas n\u00e3o \u00e9 necess\u00e1rio.<\/p>\n<h3>Como s\u00e3o calculadas as taxas?<\/h3>\n<p>As taxas das fotos variam muito, dependendo de a imagem ser isenta de direitos autorais (RF) ou gerida por direitos (RM).<\/p>\n<h3>Qual \u00e9 a diferen\u00e7a entre imagens geridas por direitos (RM) e isentas de direitos autorais (RF)?<\/h3>\n<p>Antes de tudo, se uma imagem \u00e9 licenciada como RM ou RF, cabe inteiramente ao propriet\u00e1rio dos direitos autorais.<\/p>\n<p><strong>As imagens RM<\/strong> s\u00e3o licenciadas por taxas com base em como uma imagem ser\u00e1 usada. Os fatores incluem a m\u00eddia no qual uma imagem aparece, a dura\u00e7\u00e3o do uso, o territ\u00f3rio da publica\u00e7\u00e3o, a quantidade de reprodu\u00e7\u00f5es, o tamanho e o destaque da imagem no uso final (por exemplo, na p\u00e1gina inicial ou na p\u00e1gina secund\u00e1ria de um site) e se \u00e9 ou n\u00e3o concedida qualquer exclusividade ao utilizador final. Os pre\u00e7os podem variar bastante com base no \u00e2mbito dos direitos concedidos, mesmo para a mesma imagem. Basicamente, quanto mais voc\u00ea faz com uma imagem RM, maior \u00e9 o pre\u00e7o.<\/p>\n<p><strong>As imagens RF<\/strong> geralmente t\u00eam pre\u00e7os baseados no tamanho do arquivo da imagem usada. Os direitos geralmente s\u00e3o muito amplos, permitindo o uso em aplica\u00e7\u00f5es ilimitadas durante um per\u00edodo ilimitado a com uma taxa fixa. Aplicam-se geralmente algumas restri\u00e7\u00f5es de licenciamento. Existem grandes diferen\u00e7as de pre\u00e7o entre as cole\u00e7\u00f5es de &#8220;microstock&#8221; com crowdsourcing (que o PicRights n\u00e3o representa) e as cole\u00e7\u00f5es profissionais de imagens de RF (o que fazemos).[\/vc_column_text][\/vc_column][\/vc_row]<\/p>\n\n<p><\/p>\n<\/div>","protected":false},"excerpt":{"rendered":"<p>[vc_row][vc_column][vc_column_text] Perguntas Frequentes Por que recebi uma advert\u00eancia da PicRights? Conforme explicamos na nossa carta, voc\u00ea usou uma ou mais imagens pertencentes ou representadas por um dos nossos clientes. O nosso cliente n\u00e3o est\u00e1 conseguindo encontrar nenhum registo de uma licen\u00e7a concedida para seu uso. Portanto, parece que voc\u00ea violou [&hellip;]<\/p>\n","protected":false},"author":5,"featured_media":30499,"parent":0,"menu_order":0,"comment_status":"closed","ping_status":"closed","template":"","meta":{"footnotes":""},"class_list":["post-30498","page","type-page","status-publish","has-post-thumbnail","hentry"],"yoast_head":"<!-- This site is optimized with the Yoast SEO plugin v27.3 - https:\/\/yoast.com\/product\/yoast-seo-wordpress\/ -->\n<title>FAQs - PicRights<\/title>\n<meta name=\"robots\" content=\"index, follow, max-snippet:-1, max-image-preview:large, max-video-preview:-1\" \/>\n<link rel=\"canonical\" href=\"https:\/\/picrights.com\/pt-br\/faqs\/\" \/>\n<meta property=\"og:locale\" content=\"pt_BR\" \/>\n<meta property=\"og:type\" content=\"article\" \/>\n<meta property=\"og:title\" content=\"FAQs - PicRights\" \/>\n<meta property=\"og:description\" content=\"[vc_row][vc_column][vc_column_text] Perguntas Frequentes Por que recebi uma advert\u00eancia da PicRights? Conforme explicamos na nossa carta, voc\u00ea usou uma ou mais imagens pertencentes ou representadas por um dos nossos clientes. O nosso cliente n\u00e3o est\u00e1 conseguindo encontrar nenhum registo de uma licen\u00e7a concedida para seu uso. Portanto, parece que voc\u00ea violou [&hellip;]\" \/>\n<meta property=\"og:url\" content=\"https:\/\/picrights.com\/pt-br\/faqs\/\" \/>\n<meta property=\"og:site_name\" content=\"PicRights\" \/>\n<meta property=\"article:modified_time\" content=\"2021-10-20T17:28:24+00:00\" \/>\n<meta property=\"og:image\" content=\"https:\/\/picrights.com\/wp-content\/uploads\/2019\/08\/6113-09159932s.jpg\" \/>\n\t<meta property=\"og:image:width\" content=\"1982\" \/>\n\t<meta property=\"og:image:height\" content=\"1041\" \/>\n\t<meta property=\"og:image:type\" content=\"image\/jpeg\" \/>\n<meta name=\"twitter:card\" content=\"summary_large_image\" \/>\n<meta name=\"twitter:label1\" content=\"Est. tempo de leitura\" \/>\n\t<meta name=\"twitter:data1\" content=\"5 minutos\" \/>\n<script type=\"application\/ld+json\" class=\"yoast-schema-graph\">{\"@context\":\"https:\\\/\\\/schema.org\",\"@graph\":[{\"@type\":\"WebPage\",\"@id\":\"https:\\\/\\\/picrights.com\\\/pt-br\\\/faqs\\\/\",\"url\":\"https:\\\/\\\/picrights.com\\\/pt-br\\\/faqs\\\/\",\"name\":\"FAQs - PicRights\",\"isPartOf\":{\"@id\":\"https:\\\/\\\/picrights.com\\\/#website\"},\"primaryImageOfPage\":{\"@id\":\"https:\\\/\\\/picrights.com\\\/pt-br\\\/faqs\\\/#primaryimage\"},\"image\":{\"@id\":\"https:\\\/\\\/picrights.com\\\/pt-br\\\/faqs\\\/#primaryimage\"},\"thumbnailUrl\":\"https:\\\/\\\/picrights.com\\\/wp-content\\\/uploads\\\/2019\\\/08\\\/6113-09159932s.jpg\",\"datePublished\":\"2019-07-18T19:33:09+00:00\",\"dateModified\":\"2021-10-20T17:28:24+00:00\",\"breadcrumb\":{\"@id\":\"https:\\\/\\\/picrights.com\\\/pt-br\\\/faqs\\\/#breadcrumb\"},\"inLanguage\":\"pt-BR\",\"potentialAction\":[{\"@type\":\"ReadAction\",\"target\":[\"https:\\\/\\\/picrights.com\\\/pt-br\\\/faqs\\\/\"]}]},{\"@type\":\"ImageObject\",\"inLanguage\":\"pt-BR\",\"@id\":\"https:\\\/\\\/picrights.com\\\/pt-br\\\/faqs\\\/#primaryimage\",\"url\":\"https:\\\/\\\/picrights.com\\\/wp-content\\\/uploads\\\/2019\\\/08\\\/6113-09159932s.jpg\",\"contentUrl\":\"https:\\\/\\\/picrights.com\\\/wp-content\\\/uploads\\\/2019\\\/08\\\/6113-09159932s.jpg\",\"width\":1982,\"height\":1041},{\"@type\":\"BreadcrumbList\",\"@id\":\"https:\\\/\\\/picrights.com\\\/pt-br\\\/faqs\\\/#breadcrumb\",\"itemListElement\":[{\"@type\":\"ListItem\",\"position\":1,\"name\":\"Home\",\"item\":\"https:\\\/\\\/picrights.com\\\/pt-br\\\/\"},{\"@type\":\"ListItem\",\"position\":2,\"name\":\"FAQs\"}]},{\"@type\":\"WebSite\",\"@id\":\"https:\\\/\\\/picrights.com\\\/#website\",\"url\":\"https:\\\/\\\/picrights.com\\\/\",\"name\":\"PicRights\",\"description\":\"Copyright Compliance\",\"publisher\":{\"@id\":\"https:\\\/\\\/picrights.com\\\/#organization\"},\"potentialAction\":[{\"@type\":\"SearchAction\",\"target\":{\"@type\":\"EntryPoint\",\"urlTemplate\":\"https:\\\/\\\/picrights.com\\\/?s={search_term_string}\"},\"query-input\":{\"@type\":\"PropertyValueSpecification\",\"valueRequired\":true,\"valueName\":\"search_term_string\"}}],\"inLanguage\":\"pt-BR\"},{\"@type\":\"Organization\",\"@id\":\"https:\\\/\\\/picrights.com\\\/#organization\",\"name\":\"PicRights GmbH\",\"url\":\"https:\\\/\\\/picrights.com\\\/\",\"logo\":{\"@type\":\"ImageObject\",\"inLanguage\":\"pt-BR\",\"@id\":\"https:\\\/\\\/picrights.com\\\/#\\\/schema\\\/logo\\\/image\\\/\",\"url\":\"https:\\\/\\\/picrights.com\\\/wp-content\\\/uploads\\\/2019\\\/08\\\/PicRightsLogo_rev1.png\",\"contentUrl\":\"https:\\\/\\\/picrights.com\\\/wp-content\\\/uploads\\\/2019\\\/08\\\/PicRightsLogo_rev1.png\",\"width\":146,\"height\":151,\"caption\":\"PicRights GmbH\"},\"image\":{\"@id\":\"https:\\\/\\\/picrights.com\\\/#\\\/schema\\\/logo\\\/image\\\/\"},\"sameAs\":[\"https:\\\/\\\/www.linkedin.com\\\/company\\\/picrights\"]}]}<\/script>\n<!-- \/ Yoast SEO plugin. -->","yoast_head_json":{"title":"FAQs - PicRights","robots":{"index":"index","follow":"follow","max-snippet":"max-snippet:-1","max-image-preview":"max-image-preview:large","max-video-preview":"max-video-preview:-1"},"canonical":"https:\/\/picrights.com\/pt-br\/faqs\/","og_locale":"pt_BR","og_type":"article","og_title":"FAQs - PicRights","og_description":"[vc_row][vc_column][vc_column_text] Perguntas Frequentes Por que recebi uma advert\u00eancia da PicRights? Conforme explicamos na nossa carta, voc\u00ea usou uma ou mais imagens pertencentes ou representadas por um dos nossos clientes. O nosso cliente n\u00e3o est\u00e1 conseguindo encontrar nenhum registo de uma licen\u00e7a concedida para seu uso. Portanto, parece que voc\u00ea violou [&hellip;]","og_url":"https:\/\/picrights.com\/pt-br\/faqs\/","og_site_name":"PicRights","article_modified_time":"2021-10-20T17:28:24+00:00","og_image":[{"width":1982,"height":1041,"url":"https:\/\/picrights.com\/wp-content\/uploads\/2019\/08\/6113-09159932s.jpg","type":"image\/jpeg"}],"twitter_card":"summary_large_image","twitter_misc":{"Est. tempo de leitura":"5 minutos"},"schema":{"@context":"https:\/\/schema.org","@graph":[{"@type":"WebPage","@id":"https:\/\/picrights.com\/pt-br\/faqs\/","url":"https:\/\/picrights.com\/pt-br\/faqs\/","name":"FAQs - PicRights","isPartOf":{"@id":"https:\/\/picrights.com\/#website"},"primaryImageOfPage":{"@id":"https:\/\/picrights.com\/pt-br\/faqs\/#primaryimage"},"image":{"@id":"https:\/\/picrights.com\/pt-br\/faqs\/#primaryimage"},"thumbnailUrl":"https:\/\/picrights.com\/wp-content\/uploads\/2019\/08\/6113-09159932s.jpg","datePublished":"2019-07-18T19:33:09+00:00","dateModified":"2021-10-20T17:28:24+00:00","breadcrumb":{"@id":"https:\/\/picrights.com\/pt-br\/faqs\/#breadcrumb"},"inLanguage":"pt-BR","potentialAction":[{"@type":"ReadAction","target":["https:\/\/picrights.com\/pt-br\/faqs\/"]}]},{"@type":"ImageObject","inLanguage":"pt-BR","@id":"https:\/\/picrights.com\/pt-br\/faqs\/#primaryimage","url":"https:\/\/picrights.com\/wp-content\/uploads\/2019\/08\/6113-09159932s.jpg","contentUrl":"https:\/\/picrights.com\/wp-content\/uploads\/2019\/08\/6113-09159932s.jpg","width":1982,"height":1041},{"@type":"BreadcrumbList","@id":"https:\/\/picrights.com\/pt-br\/faqs\/#breadcrumb","itemListElement":[{"@type":"ListItem","position":1,"name":"Home","item":"https:\/\/picrights.com\/pt-br\/"},{"@type":"ListItem","position":2,"name":"FAQs"}]},{"@type":"WebSite","@id":"https:\/\/picrights.com\/#website","url":"https:\/\/picrights.com\/","name":"PicRights","description":"Copyright Compliance","publisher":{"@id":"https:\/\/picrights.com\/#organization"},"potentialAction":[{"@type":"SearchAction","target":{"@type":"EntryPoint","urlTemplate":"https:\/\/picrights.com\/?s={search_term_string}"},"query-input":{"@type":"PropertyValueSpecification","valueRequired":true,"valueName":"search_term_string"}}],"inLanguage":"pt-BR"},{"@type":"Organization","@id":"https:\/\/picrights.com\/#organization","name":"PicRights GmbH","url":"https:\/\/picrights.com\/","logo":{"@type":"ImageObject","inLanguage":"pt-BR","@id":"https:\/\/picrights.com\/#\/schema\/logo\/image\/","url":"https:\/\/picrights.com\/wp-content\/uploads\/2019\/08\/PicRightsLogo_rev1.png","contentUrl":"https:\/\/picrights.com\/wp-content\/uploads\/2019\/08\/PicRightsLogo_rev1.png","width":146,"height":151,"caption":"PicRights GmbH"},"image":{"@id":"https:\/\/picrights.com\/#\/schema\/logo\/image\/"},"sameAs":["https:\/\/www.linkedin.com\/company\/picrights"]}]}},"_links":{"self":[{"href":"https:\/\/picrights.com\/pt-br\/wp-json\/wp\/v2\/pages\/30498","targetHints":{"allow":["GET"]}}],"collection":[{"href":"https:\/\/picrights.com\/pt-br\/wp-json\/wp\/v2\/pages"}],"about":[{"href":"https:\/\/picrights.com\/pt-br\/wp-json\/wp\/v2\/types\/page"}],"author":[{"embeddable":true,"href":"https:\/\/picrights.com\/pt-br\/wp-json\/wp\/v2\/users\/5"}],"replies":[{"embeddable":true,"href":"https:\/\/picrights.com\/pt-br\/wp-json\/wp\/v2\/comments?post=30498"}],"version-history":[{"count":2,"href":"https:\/\/picrights.com\/pt-br\/wp-json\/wp\/v2\/pages\/30498\/revisions"}],"predecessor-version":[{"id":35906,"href":"https:\/\/picrights.com\/pt-br\/wp-json\/wp\/v2\/pages\/30498\/revisions\/35906"}],"wp:featuredmedia":[{"embeddable":true,"href":"https:\/\/picrights.com\/pt-br\/wp-json\/wp\/v2\/media\/30499"}],"wp:attachment":[{"href":"https:\/\/picrights.com\/pt-br\/wp-json\/wp\/v2\/media?parent=30498"}],"curies":[{"name":"wp","href":"https:\/\/api.w.org\/{rel}","templated":true}]}}