{"id":31624,"date":"2019-07-18T19:33:09","date_gmt":"2019-07-18T19:33:09","guid":{"rendered":"https:\/\/picrights.com\/faqs\/"},"modified":"2021-10-20T18:17:07","modified_gmt":"2021-10-20T18:17:07","slug":"faqs","status":"publish","type":"page","link":"https:\/\/picrights.com\/sk\/faqs\/","title":{"rendered":"\u010cast\u00e9 dotazy"},"content":{"rendered":"<div class=\"wpb-content-wrapper\"><p>[vc_row][vc_column][vc_column_text]<\/p>\n<h1>\u010cast\u00e9 dotazy<\/h1>\n<h3 id=\"imageremoval\">Pro\u010d jsem dostal(a) upozorn\u011bn\u00ed od spole\u010dnosti PicRights?<\/h3>\n<p>Jak jsme vysv\u011btlili v zaslan\u00e9m dopise, pou\u017eil(a) jste jeden \u010di v\u00edce obr\u00e1zk\u016f, kter\u00e9 vlastn\u00ed nebo zastupuje n\u011bkter\u00fd z na\u0161ich klient\u016f. N\u00e1\u0161 klient neeviduje licenci, kter\u00e1 by V\u00e1m byla ud\u011blena pro pou\u017e\u00edv\u00e1n\u00ed, tak\u017ee se zd\u00e1, \u017ee jste poru\u0161il(a) jeho autorsk\u00e9 pr\u00e1vo. N\u00e1\u0161 klient n\u00e1m dal pokyn, abychom se s V\u00e1mi spojili a v\u011bc \u0159e\u0161ili. <a href=\"http:\/\/picrights.com\/sk\/claims\/\">Dal\u0161\u00ed informace<\/a><\/p>\n<h3>Mus\u00edm z\u00e1le\u017eitost konzultovat s pr\u00e1vn\u00edkem?<\/h3>\n<p>Na t\u011bchto internetov\u00fdch str\u00e1nk\u00e1ch poskytujeme informace, kter\u00e9 zaji\u0161\u0165uj\u00ed osv\u011btu, ale nelze je pova\u017eovat za pr\u00e1vn\u00ed poradenstv\u00ed. D\u016frazn\u011b V\u00e1m doporu\u010dujeme, abyste v p\u0159\u00edpad\u011b, \u017ee m\u00e1te pr\u00e1vn\u00ed dotazy k dopisu, kter\u00fd jste od n\u00e1s dostal(a), nebo k autorsk\u00fdm pr\u00e1v\u016fm obecn\u011b, v\u011bc zkonzultoval(a) s kompetentn\u00edm pr\u00e1vn\u00edkem. Nen\u00ed v\u0161ak nutn\u00e9, abyste si pro \u0159e\u0161en\u00ed n\u00e1roku s jedn\u00edm z na\u0161ich mana\u017eer\u016f pro autorsk\u00e1 pr\u00e1va naj\u00edmal(a) advok\u00e1ta.<\/p>\n<h3 id=\"designer\">Co je autorsk\u00e9 pr\u00e1vo?<\/h3>\n<p>Autorsk\u00e9 pr\u00e1vo je v\u00fdhradn\u00ed pr\u00e1vo na reprodukci, \u00fapravu, u\u017e\u00edv\u00e1n\u00ed, \u0161\u00ed\u0159en\u00ed a zobrazen\u00ed p\u016fvodn\u00edho autorsk\u00e9ho d\u00edla, jako je nap\u0159. fotografie. Toto pr\u00e1vo je chr\u00e1n\u011bno smlouvami a z\u00e1kony \u010cesk\u00e9 republiky a Evropsk\u00e9 unie.<\/p>\n<h3 id=\"template\">Bude probl\u00e9m vy\u0159e\u0161en t\u00edm, \u017ee obr\u00e1zek odstran\u00edm?<\/h3>\n<p>Ne. I kdy\u017e se odstran\u011bn\u00edm obr\u00e1zku V\u00e1\u0161 z\u00e1vazek sn\u00ed\u017e\u00ed, ne\u0159e\u0161\u00ed to probl\u00e9m. Pou\u017eit\u00ed obr\u00e1zk\u016f chr\u00e1n\u011bn\u00fdch autorsk\u00fdmi pr\u00e1vy vy\u017eaduje \u0159\u00e1dnou licenci pro ve\u0161ker\u00e9 \u00fa\u010dely. Aby tedy v\u011bc byla \u00fapln\u011b vy\u0159e\u0161ena, je t\u0159eba uhradit licen\u010dn\u00ed poplatek.<\/p>\n<h3>Co kdy\u017e jsem si n\u011bkoho najal(a), aby mi webov\u00e9 str\u00e1nky vytvo\u0159il?<\/h3>\n<p>Podle z\u00e1kona o ochran\u011b autorsk\u00fdch pr\u00e1v nez\u00e1le\u017e\u00ed na tom, kdo navrhl Va\u0161e webov\u00e9 str\u00e1nky nebo zda jste autorsk\u00e1 pr\u00e1va poru\u0161il(a) \u00famysln\u011b. Jako koncov\u00fd u\u017eivatel odpov\u00edd\u00e1te za poru\u0161en\u00ed a \u00fahradu p\u0159\u00edslu\u0161n\u00fdch licen\u010dn\u00edch poplatk\u016f. Nebudeme kontaktovat tv\u016frce webov\u00fdch str\u00e1nek, abychom dos\u00e1hli dohody, leda\u017ee by se zav\u00e1zal k p\u0159evzet\u00ed odpov\u011bdnosti za poru\u0161en\u00ed a m\u011bl k tomu prost\u0159edky. Pokud se domn\u00edv\u00e1te, \u017ee odpov\u011bdnost nese tv\u016frce, mus\u00edte ho kontaktovat s\u00e1m\/sama.<\/p>\n<h3>Co kdy\u017e jsem si obr\u00e1zek koupil(a) jako sou\u010d\u00e1st \u0161ablony n\u00e1vrhu?<\/h3>\n<p>Podle z\u00e1kona o ochran\u011b autorsk\u00fdch pr\u00e1v nesete kone\u010dnou odpov\u011bdnost za zaji\u0161t\u011bn\u00ed licence k pou\u017e\u00edv\u00e1n\u00ed obr\u00e1zku. Pokud jste obr\u00e1zky koupil(a) nebo z\u00edskal(a) p\u0159es slu\u017ebu p\u0159edplatn\u00e9ho nebo z webov\u00e9 str\u00e1nky, kter\u00e1 nab\u00edz\u00ed \u0161ablony, i tak odpov\u00edd\u00e1te poru\u0161en\u00ed autorsk\u00e9ho pr\u00e1va, jestli\u017ee V\u00e1m p\u0159\u00edslu\u0161n\u00e1 spole\u010dnost \u0159\u00e1dn\u011b neposkytla licenci k tomu, abyste mohl(a) obr\u00e1zek pou\u017e\u00edvat.<\/p>\n<h3>Co kdy\u017e jsem obr\u00e1zek na\u0161el\/na\u0161la na internetu a nebylo u n\u011bj upozorn\u011bn\u00ed na autorsk\u00e1 pr\u00e1va ani vodoznak?<\/h3>\n<p>Podle z\u00e1kona o ochran\u011b autorsk\u00fdch pr\u00e1v neznamen\u00e1 neuveden\u00ed upozorn\u011bn\u00ed na autorsk\u00e1 pr\u00e1va \u010di vodoznaku, \u017ee neexistuje ochrana autorsk\u00fdmi pr\u00e1vy. Obr\u00e1zek je chr\u00e1n\u011bn autorsk\u00fdm pr\u00e1vem od okam\u017eiku, kdy je vytvo\u0159en, nehled\u011b na to, zda je zve\u0159ejn\u011bn \u010di zaregistrov\u00e1n nebo zda je k n\u011bmu p\u0159ipojeno upozorn\u011bn\u00ed na autorsk\u00e1 pr\u00e1va \u010di vodoznak. To, \u017ee je obr\u00e1zek zve\u0159ejn\u011bn na internetu, neznamen\u00e1, \u017ee pat\u0159\u00ed do ve\u0159ejn\u00e9 dom\u00e9ny, i kdy\u017e jste ho na\u0161el\/na\u0161la prost\u0159ednictv\u00edm vyhled\u00e1va\u010de, jako je Google. Pojem \u201eve\u0159ejn\u00e1 dom\u00e9na\u201c je \u00fazce definovan\u00e1 v\u00fdjimka ze z\u00e1kona o ochran\u011b autorsk\u00fdch pr\u00e1v, kter\u00e1 se t\u00fdk\u00e1 konkr\u00e9tn\u011b d\u011bl, u nich\u017e skon\u010dila platnost autorsk\u00e9ho pr\u00e1va nebo u nich\u017e vlastn\u00edk autorsk\u00e9ho pr\u00e1va u\u010dinil jasn\u00e9 prohl\u00e1\u0161en\u00ed, \u017ee d\u00edlo nepodl\u00e9h\u00e1 autorsk\u00e9mu pr\u00e1vu.<\/p>\n<h3>Co kdy\u017e jsem nev\u011bd\u011bl(a), \u017ee na obr\u00e1zek mus\u00edm m\u00edt licenci?<\/h3>\n<p>Na poru\u0161en\u00ed autorsk\u00fdch pr\u00e1v se vztahuje tzv. objektivn\u00ed odpov\u011bdnost. To znamen\u00e1, \u017ee nez\u00e1le\u017e\u00ed na tom, zda jste n\u011b\u010d\u00ed autorsk\u00e1 pr\u00e1va poru\u0161il(a) n\u00e1hodn\u011b nebo nev\u011bd\u011bl(a), \u017ee je obr\u00e1zek chr\u00e1n\u011bn autorsk\u00fdm pr\u00e1vem a je zapot\u0159eb\u00ed licence. Va\u0161e neznalost V\u00e1s neomlouv\u00e1 a nezpro\u0161\u0165uje odpov\u011bdnosti za neopr\u00e1vn\u011bn\u00e9 pou\u017eit\u00ed, ani se na jej\u00edm z\u00e1klad\u011b neupou\u0161t\u00ed od licen\u010dn\u00edch poplatk\u016f, kter\u00e9 mus\u00edte za pou\u017eit\u00ed obr\u00e1zku uhradit.<\/p>\n<h3>Co kdy\u017e jsem z obr\u00e1zku nez\u00edskal(a) \u017e\u00e1dn\u00e9 pen\u00edze?<\/h3>\n<p>Z\u00edsk\u00e1n\u00ed pen\u011bz z pou\u017eit\u00ed obr\u00e1zku je pro ur\u010den\u00ed, zda jeho pou\u017eit\u00edm do\u0161lo k poru\u0161en\u00ed z\u00e1kona, nepodstatn\u00e9. Vlastn\u00edk autorsk\u00e9ho pr\u00e1va m\u016f\u017ee vym\u00e1hat n\u00e1hradu \u0161kody, i kdybyste pou\u017eit\u00edm obr\u00e1zku bez povolen\u00ed prod\u011blal(a). Zisk z pou\u017eit\u00ed fotografie m\u016f\u017ee zv\u00fd\u0161it \u010d\u00e1stku n\u00e1hrady \u0161kody, ale nen\u00ed to podm\u00ednkou.<\/p>\n<h3>Jak se po\u010d\u00edtaj\u00ed poplatky se zp\u011btnou \u00fa\u010dinnost\u00ed?<\/h3>\n<p>Poplatky za fotky v datab\u00e1zi se do zna\u010dn\u00e9 m\u00edry li\u0161\u00ed v z\u00e1vislosti na tom, zda je obr\u00e1zek bez autorsk\u00e9ho poplatku (RF), nebo zda se u n\u011bj jedn\u00e1 o spr\u00e1vu pr\u00e1v (RM).<\/p>\n<h3>Jak\u00fd je rozd\u00edl mezi obr\u00e1zky se spr\u00e1vou pr\u00e1v (RM) a obr\u00e1zky bez autorsk\u00e9ho poplatku (RF)?<\/h3>\n<p>V prvn\u00ed \u0159ad\u011b plat\u00ed, \u017ee to, zda je obr\u00e1zek licencov\u00e1n se spr\u00e1vou pr\u00e1v, nebo jako obr\u00e1zek bez autorsk\u00e9ho poplatku, je zcela na vlastn\u00edkovi autorsk\u00e9ho pr\u00e1va.<\/p>\n<p><strong>Na obr\u00e1zky se spr\u00e1vou pr\u00e1v<\/strong> jsou poskytov\u00e1ny licence za poplatek na z\u00e1klad\u011b zam\u00fd\u0161len\u00e9ho pou\u017eit\u00ed. Ke krit\u00e9ri\u00edm v tomto p\u0159\u00edpad\u011b pat\u0159\u00ed m\u00e9dia, v nich\u017e se obr\u00e1zek objev\u00ed, doba pou\u017eit\u00ed, \u00fazem\u00ed, na n\u011bm\u017e bude zve\u0159ejn\u011bn, mno\u017estv\u00ed reprodukc\u00ed, velikost a um\u00edst\u011bn\u00ed obr\u00e1zku p\u0159i kone\u010dn\u00e9m pou\u017eit\u00ed (nap\u0159. zda je zve\u0159ejn\u011bn na \u00favodn\u00ed str\u00e1nce nebo na sekund\u00e1rn\u00ed str\u00e1nce webu) a to, zda je koncov\u00e9mu u\u017eivateli ud\u011blena exkluzivita. Ceny se v\u00fdrazn\u011b li\u0161\u00ed podle rozsahu ud\u011blen\u00fdch pr\u00e1v \u2013 i u stejn\u00e9ho obr\u00e1zku. V z\u00e1sad\u011b plat\u00ed, \u017ee \u010d\u00edm intenzivn\u011bji obr\u00e1zek se spr\u00e1vou pr\u00e1v pou\u017e\u00edv\u00e1te, t\u00edm vy\u0161\u0161\u00ed je cena.<\/p>\n<p>Ceny za <strong>obr\u00e1zky bez autorsk\u00e9ho poplatku<\/strong> se obecn\u011b stanovuj\u00ed na z\u00e1klad\u011b velikosti souboru s pou\u017eit\u00fdm obr\u00e1zkem. Pr\u00e1va jsou obvykle velmi \u0161irok\u00e1, tak\u017ee umo\u017e\u0148uj\u00ed neomezen\u00e9 pou\u017e\u00edv\u00e1n\u00ed po neomezenou dobu za pevn\u00fd poplatek. Obvykle plat\u00ed ur\u010dit\u00e1 omezen\u00ed licencov\u00e1n\u00ed. Jsou velk\u00e9 cenov\u00e9 rozd\u00edly mezi crowdsourcovan\u00fdmi kolekcemi v \u201emikrodatab\u00e1z\u00edch\u201c (kter\u00e9 spole\u010dnost PicRights nezastupuje) a profesion\u00e1ln\u00edmi kolekcemi obr\u00e1zk\u016f bez autorsk\u00e9ho poplatku (kter\u00e9 zastupujeme).<\/p>\n<p>[\/vc_column_text][\/vc_column][\/vc_row]<\/p>\n\n<p><\/p>\n<\/div>","protected":false},"excerpt":{"rendered":"<p>[vc_row][vc_column][vc_column_text] \u010cast\u00e9 dotazy Pro\u010d jsem dostal(a) upozorn\u011bn\u00ed od spole\u010dnosti PicRights? Jak jsme vysv\u011btlili v zaslan\u00e9m dopise, pou\u017eil(a) jste jeden \u010di v\u00edce obr\u00e1zk\u016f, kter\u00e9 vlastn\u00ed nebo zastupuje n\u011bkter\u00fd z na\u0161ich klient\u016f. N\u00e1\u0161 klient neeviduje licenci, kter\u00e1 by V\u00e1m byla ud\u011blena pro pou\u017e\u00edv\u00e1n\u00ed, tak\u017ee se zd\u00e1, \u017ee jste poru\u0161il(a) jeho autorsk\u00e9 pr\u00e1vo. [&hellip;]<\/p>\n","protected":false},"author":5,"featured_media":31625,"parent":0,"menu_order":0,"comment_status":"closed","ping_status":"closed","template":"","meta":{"footnotes":""},"class_list":["post-31624","page","type-page","status-publish","has-post-thumbnail","hentry"],"yoast_head":"<!-- This site is optimized with the Yoast SEO plugin v27.1.1 - https:\/\/yoast.com\/product\/yoast-seo-wordpress\/ -->\n<title>\u010cast\u00e9 dotazy - PicRights<\/title>\n<meta name=\"robots\" content=\"index, follow, max-snippet:-1, max-image-preview:large, max-video-preview:-1\" \/>\n<link rel=\"canonical\" href=\"https:\/\/picrights.com\/sk\/faqs\/\" \/>\n<meta property=\"og:locale\" content=\"sk_SK\" \/>\n<meta property=\"og:type\" content=\"article\" \/>\n<meta property=\"og:title\" content=\"\u010cast\u00e9 dotazy - PicRights\" \/>\n<meta property=\"og:description\" content=\"[vc_row][vc_column][vc_column_text] \u010cast\u00e9 dotazy Pro\u010d jsem dostal(a) upozorn\u011bn\u00ed od spole\u010dnosti PicRights? Jak jsme vysv\u011btlili v zaslan\u00e9m dopise, pou\u017eil(a) jste jeden \u010di v\u00edce obr\u00e1zk\u016f, kter\u00e9 vlastn\u00ed nebo zastupuje n\u011bkter\u00fd z na\u0161ich klient\u016f. N\u00e1\u0161 klient neeviduje licenci, kter\u00e1 by V\u00e1m byla ud\u011blena pro pou\u017e\u00edv\u00e1n\u00ed, tak\u017ee se zd\u00e1, \u017ee jste poru\u0161il(a) jeho autorsk\u00e9 pr\u00e1vo. [&hellip;]\" \/>\n<meta property=\"og:url\" content=\"https:\/\/picrights.com\/sk\/faqs\/\" \/>\n<meta property=\"og:site_name\" content=\"PicRights\" \/>\n<meta property=\"article:modified_time\" content=\"2021-10-20T18:17:07+00:00\" \/>\n<meta property=\"og:image\" content=\"https:\/\/picrights.com\/wp-content\/uploads\/2019\/08\/6113-09159932s.jpg\" \/>\n\t<meta property=\"og:image:width\" content=\"1982\" \/>\n\t<meta property=\"og:image:height\" content=\"1041\" \/>\n\t<meta property=\"og:image:type\" content=\"image\/jpeg\" \/>\n<meta name=\"twitter:card\" content=\"summary_large_image\" \/>\n<meta name=\"twitter:label1\" content=\"Predpokladan\u00fd \u010das \u010d\u00edtania\" \/>\n\t<meta name=\"twitter:data1\" content=\"6 min\u00fat\" \/>\n<script type=\"application\/ld+json\" class=\"yoast-schema-graph\">{\"@context\":\"https:\/\/schema.org\",\"@graph\":[{\"@type\":\"WebPage\",\"@id\":\"https:\/\/picrights.com\/sk\/faqs\/\",\"url\":\"https:\/\/picrights.com\/sk\/faqs\/\",\"name\":\"\u010cast\u00e9 dotazy - PicRights\",\"isPartOf\":{\"@id\":\"https:\/\/picrights.com\/#website\"},\"primaryImageOfPage\":{\"@id\":\"https:\/\/picrights.com\/sk\/faqs\/#primaryimage\"},\"image\":{\"@id\":\"https:\/\/picrights.com\/sk\/faqs\/#primaryimage\"},\"thumbnailUrl\":\"https:\/\/picrights.com\/wp-content\/uploads\/2019\/08\/6113-09159932s.jpg\",\"datePublished\":\"2019-07-18T19:33:09+00:00\",\"dateModified\":\"2021-10-20T18:17:07+00:00\",\"breadcrumb\":{\"@id\":\"https:\/\/picrights.com\/sk\/faqs\/#breadcrumb\"},\"inLanguage\":\"sk-SK\",\"potentialAction\":[{\"@type\":\"ReadAction\",\"target\":[\"https:\/\/picrights.com\/sk\/faqs\/\"]}]},{\"@type\":\"ImageObject\",\"inLanguage\":\"sk-SK\",\"@id\":\"https:\/\/picrights.com\/sk\/faqs\/#primaryimage\",\"url\":\"https:\/\/picrights.com\/wp-content\/uploads\/2019\/08\/6113-09159932s.jpg\",\"contentUrl\":\"https:\/\/picrights.com\/wp-content\/uploads\/2019\/08\/6113-09159932s.jpg\",\"width\":1982,\"height\":1041},{\"@type\":\"BreadcrumbList\",\"@id\":\"https:\/\/picrights.com\/sk\/faqs\/#breadcrumb\",\"itemListElement\":[{\"@type\":\"ListItem\",\"position\":1,\"name\":\"Home\",\"item\":\"https:\/\/picrights.com\/sk\/\"},{\"@type\":\"ListItem\",\"position\":2,\"name\":\"\u010cast\u00e9 dotazy\"}]},{\"@type\":\"WebSite\",\"@id\":\"https:\/\/picrights.com\/#website\",\"url\":\"https:\/\/picrights.com\/\",\"name\":\"PicRights\",\"description\":\"Copyright Compliance\",\"publisher\":{\"@id\":\"https:\/\/picrights.com\/#organization\"},\"potentialAction\":[{\"@type\":\"SearchAction\",\"target\":{\"@type\":\"EntryPoint\",\"urlTemplate\":\"https:\/\/picrights.com\/?s={search_term_string}\"},\"query-input\":{\"@type\":\"PropertyValueSpecification\",\"valueRequired\":true,\"valueName\":\"search_term_string\"}}],\"inLanguage\":\"sk-SK\"},{\"@type\":\"Organization\",\"@id\":\"https:\/\/picrights.com\/#organization\",\"name\":\"PicRights GmbH\",\"url\":\"https:\/\/picrights.com\/\",\"logo\":{\"@type\":\"ImageObject\",\"inLanguage\":\"sk-SK\",\"@id\":\"https:\/\/picrights.com\/#\/schema\/logo\/image\/\",\"url\":\"https:\/\/picrights.com\/wp-content\/uploads\/2019\/08\/PicRightsLogo_rev1.png\",\"contentUrl\":\"https:\/\/picrights.com\/wp-content\/uploads\/2019\/08\/PicRightsLogo_rev1.png\",\"width\":146,\"height\":151,\"caption\":\"PicRights GmbH\"},\"image\":{\"@id\":\"https:\/\/picrights.com\/#\/schema\/logo\/image\/\"},\"sameAs\":[\"https:\/\/www.linkedin.com\/company\/picrights\"]}]}<\/script>\n<!-- \/ Yoast SEO plugin. -->","yoast_head_json":{"title":"\u010cast\u00e9 dotazy - PicRights","robots":{"index":"index","follow":"follow","max-snippet":"max-snippet:-1","max-image-preview":"max-image-preview:large","max-video-preview":"max-video-preview:-1"},"canonical":"https:\/\/picrights.com\/sk\/faqs\/","og_locale":"sk_SK","og_type":"article","og_title":"\u010cast\u00e9 dotazy - PicRights","og_description":"[vc_row][vc_column][vc_column_text] \u010cast\u00e9 dotazy Pro\u010d jsem dostal(a) upozorn\u011bn\u00ed od spole\u010dnosti PicRights? Jak jsme vysv\u011btlili v zaslan\u00e9m dopise, pou\u017eil(a) jste jeden \u010di v\u00edce obr\u00e1zk\u016f, kter\u00e9 vlastn\u00ed nebo zastupuje n\u011bkter\u00fd z na\u0161ich klient\u016f. N\u00e1\u0161 klient neeviduje licenci, kter\u00e1 by V\u00e1m byla ud\u011blena pro pou\u017e\u00edv\u00e1n\u00ed, tak\u017ee se zd\u00e1, \u017ee jste poru\u0161il(a) jeho autorsk\u00e9 pr\u00e1vo. [&hellip;]","og_url":"https:\/\/picrights.com\/sk\/faqs\/","og_site_name":"PicRights","article_modified_time":"2021-10-20T18:17:07+00:00","og_image":[{"width":1982,"height":1041,"url":"https:\/\/picrights.com\/wp-content\/uploads\/2019\/08\/6113-09159932s.jpg","type":"image\/jpeg"}],"twitter_card":"summary_large_image","twitter_misc":{"Predpokladan\u00fd \u010das \u010d\u00edtania":"6 min\u00fat"},"schema":{"@context":"https:\/\/schema.org","@graph":[{"@type":"WebPage","@id":"https:\/\/picrights.com\/sk\/faqs\/","url":"https:\/\/picrights.com\/sk\/faqs\/","name":"\u010cast\u00e9 dotazy - PicRights","isPartOf":{"@id":"https:\/\/picrights.com\/#website"},"primaryImageOfPage":{"@id":"https:\/\/picrights.com\/sk\/faqs\/#primaryimage"},"image":{"@id":"https:\/\/picrights.com\/sk\/faqs\/#primaryimage"},"thumbnailUrl":"https:\/\/picrights.com\/wp-content\/uploads\/2019\/08\/6113-09159932s.jpg","datePublished":"2019-07-18T19:33:09+00:00","dateModified":"2021-10-20T18:17:07+00:00","breadcrumb":{"@id":"https:\/\/picrights.com\/sk\/faqs\/#breadcrumb"},"inLanguage":"sk-SK","potentialAction":[{"@type":"ReadAction","target":["https:\/\/picrights.com\/sk\/faqs\/"]}]},{"@type":"ImageObject","inLanguage":"sk-SK","@id":"https:\/\/picrights.com\/sk\/faqs\/#primaryimage","url":"https:\/\/picrights.com\/wp-content\/uploads\/2019\/08\/6113-09159932s.jpg","contentUrl":"https:\/\/picrights.com\/wp-content\/uploads\/2019\/08\/6113-09159932s.jpg","width":1982,"height":1041},{"@type":"BreadcrumbList","@id":"https:\/\/picrights.com\/sk\/faqs\/#breadcrumb","itemListElement":[{"@type":"ListItem","position":1,"name":"Home","item":"https:\/\/picrights.com\/sk\/"},{"@type":"ListItem","position":2,"name":"\u010cast\u00e9 dotazy"}]},{"@type":"WebSite","@id":"https:\/\/picrights.com\/#website","url":"https:\/\/picrights.com\/","name":"PicRights","description":"Copyright Compliance","publisher":{"@id":"https:\/\/picrights.com\/#organization"},"potentialAction":[{"@type":"SearchAction","target":{"@type":"EntryPoint","urlTemplate":"https:\/\/picrights.com\/?s={search_term_string}"},"query-input":{"@type":"PropertyValueSpecification","valueRequired":true,"valueName":"search_term_string"}}],"inLanguage":"sk-SK"},{"@type":"Organization","@id":"https:\/\/picrights.com\/#organization","name":"PicRights GmbH","url":"https:\/\/picrights.com\/","logo":{"@type":"ImageObject","inLanguage":"sk-SK","@id":"https:\/\/picrights.com\/#\/schema\/logo\/image\/","url":"https:\/\/picrights.com\/wp-content\/uploads\/2019\/08\/PicRightsLogo_rev1.png","contentUrl":"https:\/\/picrights.com\/wp-content\/uploads\/2019\/08\/PicRightsLogo_rev1.png","width":146,"height":151,"caption":"PicRights GmbH"},"image":{"@id":"https:\/\/picrights.com\/#\/schema\/logo\/image\/"},"sameAs":["https:\/\/www.linkedin.com\/company\/picrights"]}]}},"_links":{"self":[{"href":"https:\/\/picrights.com\/sk\/wp-json\/wp\/v2\/pages\/31624","targetHints":{"allow":["GET"]}}],"collection":[{"href":"https:\/\/picrights.com\/sk\/wp-json\/wp\/v2\/pages"}],"about":[{"href":"https:\/\/picrights.com\/sk\/wp-json\/wp\/v2\/types\/page"}],"author":[{"embeddable":true,"href":"https:\/\/picrights.com\/sk\/wp-json\/wp\/v2\/users\/5"}],"replies":[{"embeddable":true,"href":"https:\/\/picrights.com\/sk\/wp-json\/wp\/v2\/comments?post=31624"}],"version-history":[{"count":6,"href":"https:\/\/picrights.com\/sk\/wp-json\/wp\/v2\/pages\/31624\/revisions"}],"predecessor-version":[{"id":35933,"href":"https:\/\/picrights.com\/sk\/wp-json\/wp\/v2\/pages\/31624\/revisions\/35933"}],"wp:featuredmedia":[{"embeddable":true,"href":"https:\/\/picrights.com\/sk\/wp-json\/wp\/v2\/media\/31625"}],"wp:attachment":[{"href":"https:\/\/picrights.com\/sk\/wp-json\/wp\/v2\/media?parent=31624"}],"curies":[{"name":"wp","href":"https:\/\/api.w.org\/{rel}","templated":true}]}}