{"id":34946,"date":"2021-02-19T17:52:31","date_gmt":"2021-02-19T17:52:31","guid":{"rendered":"https:\/\/picrights.com\/pogosto-zastavljena-vprasanja\/"},"modified":"2021-10-20T18:13:10","modified_gmt":"2021-10-20T18:13:10","slug":"pogosto-zastavljena-vprasanja","status":"publish","type":"page","link":"https:\/\/picrights.com\/sl\/pogosto-zastavljena-vprasanja\/","title":{"rendered":"Pogosto zastavljena vpra\u0161anja"},"content":{"rendered":"<div class=\"wpb-content-wrapper\"><p>[vc_row][vc_column][vc_column_text]<\/p>\n<h1>Pogosto zastavljena vpra\u0161anja<\/h1>\n<h3>Zakaj sem prejel obvestilo od PicRights?<\/h3>\n<p>Kot smo pojasnili v na\u0161em dopisu, ste uporabili eno ali ve\u010d slik, ki jih ima v lasti ali zastopa ena od na\u0161ih strank. Na\u0161a stranka nima evidence o tem, da bi vam podelila dovoljenje za uporabo vsebine, torej ste kr\u0161ili avtorske pravice na\u0161e stranke. Na\u0161a stranka nam je naro\u010dila, da stopimo v stik z vami in re\u0161imo zadevo. <a href=\"http:\/\/picrights.com\/claims\/\">Ve\u010d informacij<\/a><\/p>\n<h3>Ali se moram pogovoriti z odvetnikom?<\/h3>\n<p>Informacije na tem spletnem mestu so namenjene obve\u0161\u010danju in ne \u0161tejejo za pravni nasvet. Toplo priporo\u010damo, da se pogovorite z usposobljenim odvetnikom, \u010de imate pravna vpra\u0161anja glede na\u0161ega dopisa ali avtorskih pravic na splo\u0161no. Ni pa vam treba najeti odvetnika za re\u0161evanje zahtevka skupaj z na\u0161im nadzornikom za skladnost z avtorskimi pravicami.<\/p>\n<h3>Kaj so avtorske pravice?<\/h3>\n<p>Avtorske pravice pomenijo izklju\u010dno pravico za razmno\u017eevanje, spreminjanje, uporabo in prikazovanje originalnega avtorskega dela, kot je na primer fotografija. Avtorske pravice so za\u0161\u010ditene s pogodbami Evropske unije. Za ve\u010d informacij glejte:<\/p>\n<p><a href=\"https:\/\/ec.europa.eu\/digital-single-market\/en\/eu-copyright-legislation\" target=\"_blank\" rel=\"noopener\">Zakonodaja EU o avtorskih pravicah (v angle\u0161\u010dini)<\/a><\/p>\n<h3 id=\"designer\">Ali je te\u017eava odpravljena, \u010de sliko odstranim?<\/h3>\n<p>Ne. \u010ce sliko odstranite, to sicer zmanj\u0161uje va\u0161o odgovornost, a ne re\u0161i te\u017eave. Za uporabo avtorsko za\u0161\u010ditene slike potrebujete ustrezno licenco, ki dovoljuje uporabo za\u0161\u010ditenega dela. Zato morate pla\u010dati licen\u010dnino, da je zadeva re\u0161ena v celoti.<\/p>\n<h3 id=\"template\">Kaj pa, \u010de sem za izdelavo svojega spletnega mesta najel izvajalca?<\/h3>\n<p>V skladu z Zakonom o avtorskih pravicah ni pomembno, kdo je oblikoval va\u0161e spletno mesto in ali ste namerno kr\u0161ili avtorske pravice. Kot kon\u010dni uporabnik ste odgovorni za kr\u0161itev in pla\u010dilo ustreznih licen\u010dnin. Za sklenitev poravnave ne bomo stopili v stik z oblikovalcem, razen \u010de se ta strinja, da bo prevzel odgovornost za kr\u0161itev in ima sredstva za to. \u010ce menite, da je za kr\u0161itev odgovoren oblikovalec, morate sami stopiti v stik z njim.<\/p>\n<h3>Kaj, \u010de sem sliko kupil kot del oblikovalske predloge?<\/h3>\n<p>V skladu z Zakonom o avtorskih pravicah vi nosite kon\u010dno odgovornost za pridobitev dovoljenja za uporabo slike. \u010ce ste slike kupili ali pridobili od ponudnika naro\u010dni\u0161kih storitev ali na spletnem mestu, ki ponuja predloge, ste \u0161e vedno odgovorni za kr\u0161itev avtorskih pravic, \u010de to podjetje ni pridobilo ustrezne licence za uporabo slike.<\/p>\n<h3>Kaj, \u010de nisem vedel, da je treba pridobiti licenco za uporabo slike?<\/h3>\n<p>Kr\u0161itev avtorskih pravic \u0161teje za kr\u0161itev \u00bbobjektivne odgovornosti\u00ab. To pomeni, da ni pomembno, ali ste pomotoma kr\u0161ili avtorske pravice ali niste vedeli, da je slika za\u0161\u010ditena z avtorskimi pravicami in je za njeno uporabo potrebno dovoljenje. Pomanjkanje znanja ne opravi\u010duje ali odpravlja kr\u0161itve, prav tako ne odpravlja potrebe po pla\u010dilu licen\u010dnine, ki je zahtevana za uporabo slike.<\/p>\n<h3>Kaj, \u010de sem sliko na\u0161el v internetu in ob njej ni bilo obvestila o avtorskih pravicah ali vodnega \u017eiga?<\/h3>\n<p>V skladu z Zakonom o avtorskih pravicah odsotnost obvestila o avtorskih pravicah ali vodnega \u017eiga ne pomeni, da avtorske pravice ne veljajo. Slika je z avtorskimi pravicami za\u0161\u010ditena od trenutka, ko je ustvarjena, \u010de je bila objavljena ali ne, registrirana ali ne, \u010de je objavljena slika opremljena z obvestilom o avtorskih pravicah oziroma vodnim \u017eigom ali ne. Samo zato, ker je slika prikazana v internetu, \u0161e ne pomeni, da je v javni domeni, tudi \u010de ste jo na\u0161li z iskalnikom, kot je Google. Izraz \u00bbjavna domena\u00ab je natan\u010dno opredeljen v Zakonu o avtorskih pravicah in se posebej nana\u0161a na dela, katerih avtorske pravice so potekle ali za katera je lastnik avtorskih pravic izrecno izjavil, da delo ni za\u0161\u010diteno z avtorskimi pravicami.<\/p>\n<h3>Kaj, \u010de z uporabo slike nisem ni\u010desar zaslu\u017eil?<\/h3>\n<p>\u010ce ste z uporabo slike zaslu\u017eili ali ne, ni pomembno pri vpra\u0161anju, ali uporaba predstavlja kr\u0161itev avtorskih pravic. Lastnik avtorskih pravic lahko zahteva od\u0161kodnino tudi, \u010de ste med nedovoljeno uporabo izgubili denar. \u010ce ste zaslu\u017eili z uporabo fotografije, lahko to pove\u010da od\u0161kodnino, ni pa pogoj za terjanje od\u0161kodnine, niti zakonsko predpisane.<\/p>\n<h3>Kako se izra\u010dunajo nadomestila?<\/h3>\n<p>Nadomestila za uporabo fotografije so razli\u010dna, glede na to, ali gre za slike brez licen\u010dnin (RF) ali slike, ki jih upravljajo pravice (RM).<\/p>\n<h3>Kak\u0161na je razlika med slikami, ki jih upravljajo pravice (RM), in slikami brez licen\u010dnin (RF)?<\/h3>\n<p>Ali se slika licencira kot RM- ali RF-slika, je v celoti odvisno od lastnika avtorskih pravic.<\/p>\n<p><strong>RM-slike<\/strong> se licencirajo za nadomestila, ki so odvisna od na\u010dina uporabe slike. Pri tem so bistveni dejavniki, kot so, v katerem mediju se slika pojavi, trajanje uporabe, obmo\u010dje objave, \u0161tevilo reprodukcij, velikost in izpostavljenost slike v kon\u010dni uporabi (npr. na prvi ali drugi strani spletnega mesta) ter ali je kon\u010dnemu uporabniku podeljena izklju\u010dna pravica ali ne. Cene so zelo razli\u010dne in so odvisne od obsega podeljenih pravic \u2013 tudi za isto sliko. Na\u010deloma dr\u017ei, da ve\u010d ko naredite z RM-sliko, vi\u0161ja bo cena.<\/p>\n<p>Cene <strong>RF-slik<\/strong> so na\u010deloma odvisne od velikosti datoteke uporabljene slike. Pravice so obi\u010dajno zelo ob\u0161irne in za dolo\u010den znesek omogo\u010dajo neomejeno uporabo za neomejeno obdobje. Obi\u010dajno veljajo dolo\u010dene licen\u010dne omejitve. Cene se zalo razlikujejo, \u010de gre za majhne zbirke slik, ki jih prispeva veliko \u0161tevilo ljudi (PicRights ne zastopa tak\u0161nih primerov), ali poklicne zbirke RF-slik (ki jih zastopamo).[\/vc_column_text][\/vc_column][\/vc_row]<\/p>\n\n<p><\/p>\n<\/div>","protected":false},"excerpt":{"rendered":"<p>[vc_row][vc_column][vc_column_text] Pogosto zastavljena vpra\u0161anja Zakaj sem prejel obvestilo od PicRights? Kot smo pojasnili v na\u0161em dopisu, ste uporabili eno ali ve\u010d slik, ki jih ima v lasti ali zastopa ena od na\u0161ih strank. Na\u0161a stranka nima evidence o tem, da bi vam podelila dovoljenje za uporabo vsebine, torej ste kr\u0161ili [&hellip;]<\/p>\n","protected":false},"author":5,"featured_media":34949,"parent":0,"menu_order":0,"comment_status":"closed","ping_status":"closed","template":"","meta":{"footnotes":""},"class_list":["post-34946","page","type-page","status-publish","has-post-thumbnail","hentry"],"yoast_head":"<!-- This site is optimized with the Yoast SEO plugin v27.3 - https:\/\/yoast.com\/product\/yoast-seo-wordpress\/ -->\n<title>Pogosto zastavljena vpra\u0161anja - PicRights<\/title>\n<meta name=\"robots\" content=\"index, follow, max-snippet:-1, max-image-preview:large, max-video-preview:-1\" \/>\n<link rel=\"canonical\" href=\"https:\/\/picrights.com\/sl\/pogosto-zastavljena-vprasanja\/\" \/>\n<meta property=\"og:locale\" content=\"sl_SI\" \/>\n<meta property=\"og:type\" content=\"article\" \/>\n<meta property=\"og:title\" content=\"Pogosto zastavljena vpra\u0161anja - PicRights\" \/>\n<meta property=\"og:description\" content=\"[vc_row][vc_column][vc_column_text] Pogosto zastavljena vpra\u0161anja Zakaj sem prejel obvestilo od PicRights? Kot smo pojasnili v na\u0161em dopisu, ste uporabili eno ali ve\u010d slik, ki jih ima v lasti ali zastopa ena od na\u0161ih strank. Na\u0161a stranka nima evidence o tem, da bi vam podelila dovoljenje za uporabo vsebine, torej ste kr\u0161ili [&hellip;]\" \/>\n<meta property=\"og:url\" content=\"https:\/\/picrights.com\/sl\/pogosto-zastavljena-vprasanja\/\" \/>\n<meta property=\"og:site_name\" content=\"PicRights\" \/>\n<meta property=\"article:modified_time\" content=\"2021-10-20T18:13:10+00:00\" \/>\n<meta name=\"twitter:card\" content=\"summary_large_image\" \/>\n<meta name=\"twitter:label1\" content=\"Est. reading time\" \/>\n\t<meta name=\"twitter:data1\" content=\"5 minut\" \/>\n<script type=\"application\/ld+json\" class=\"yoast-schema-graph\">{\"@context\":\"https:\\\/\\\/schema.org\",\"@graph\":[{\"@type\":\"WebPage\",\"@id\":\"https:\\\/\\\/picrights.com\\\/sl\\\/pogosto-zastavljena-vprasanja\\\/\",\"url\":\"https:\\\/\\\/picrights.com\\\/sl\\\/pogosto-zastavljena-vprasanja\\\/\",\"name\":\"Pogosto zastavljena vpra\u0161anja - PicRights\",\"isPartOf\":{\"@id\":\"https:\\\/\\\/picrights.com\\\/#website\"},\"primaryImageOfPage\":{\"@id\":\"https:\\\/\\\/picrights.com\\\/sl\\\/pogosto-zastavljena-vprasanja\\\/#primaryimage\"},\"image\":{\"@id\":\"https:\\\/\\\/picrights.com\\\/sl\\\/pogosto-zastavljena-vprasanja\\\/#primaryimage\"},\"thumbnailUrl\":\"https:\\\/\\\/picrights.com\\\/wp-content\\\/uploads\\\/2019\\\/08\\\/6113-09159932s.jpg\",\"datePublished\":\"2021-02-19T17:52:31+00:00\",\"dateModified\":\"2021-10-20T18:13:10+00:00\",\"breadcrumb\":{\"@id\":\"https:\\\/\\\/picrights.com\\\/sl\\\/pogosto-zastavljena-vprasanja\\\/#breadcrumb\"},\"inLanguage\":\"sl-SI\",\"potentialAction\":[{\"@type\":\"ReadAction\",\"target\":[\"https:\\\/\\\/picrights.com\\\/sl\\\/pogosto-zastavljena-vprasanja\\\/\"]}]},{\"@type\":\"ImageObject\",\"inLanguage\":\"sl-SI\",\"@id\":\"https:\\\/\\\/picrights.com\\\/sl\\\/pogosto-zastavljena-vprasanja\\\/#primaryimage\",\"url\":\"https:\\\/\\\/picrights.com\\\/wp-content\\\/uploads\\\/2019\\\/08\\\/6113-09159932s.jpg\",\"contentUrl\":\"https:\\\/\\\/picrights.com\\\/wp-content\\\/uploads\\\/2019\\\/08\\\/6113-09159932s.jpg\",\"width\":1982,\"height\":1041},{\"@type\":\"BreadcrumbList\",\"@id\":\"https:\\\/\\\/picrights.com\\\/sl\\\/pogosto-zastavljena-vprasanja\\\/#breadcrumb\",\"itemListElement\":[{\"@type\":\"ListItem\",\"position\":1,\"name\":\"Home\",\"item\":\"https:\\\/\\\/picrights.com\\\/sl\\\/\"},{\"@type\":\"ListItem\",\"position\":2,\"name\":\"Pogosto zastavljena vpra\u0161anja\"}]},{\"@type\":\"WebSite\",\"@id\":\"https:\\\/\\\/picrights.com\\\/#website\",\"url\":\"https:\\\/\\\/picrights.com\\\/\",\"name\":\"PicRights\",\"description\":\"Copyright Compliance\",\"publisher\":{\"@id\":\"https:\\\/\\\/picrights.com\\\/#organization\"},\"potentialAction\":[{\"@type\":\"SearchAction\",\"target\":{\"@type\":\"EntryPoint\",\"urlTemplate\":\"https:\\\/\\\/picrights.com\\\/?s={search_term_string}\"},\"query-input\":{\"@type\":\"PropertyValueSpecification\",\"valueRequired\":true,\"valueName\":\"search_term_string\"}}],\"inLanguage\":\"sl-SI\"},{\"@type\":\"Organization\",\"@id\":\"https:\\\/\\\/picrights.com\\\/#organization\",\"name\":\"PicRights GmbH\",\"url\":\"https:\\\/\\\/picrights.com\\\/\",\"logo\":{\"@type\":\"ImageObject\",\"inLanguage\":\"sl-SI\",\"@id\":\"https:\\\/\\\/picrights.com\\\/#\\\/schema\\\/logo\\\/image\\\/\",\"url\":\"https:\\\/\\\/picrights.com\\\/wp-content\\\/uploads\\\/2019\\\/08\\\/PicRightsLogo_rev1.png\",\"contentUrl\":\"https:\\\/\\\/picrights.com\\\/wp-content\\\/uploads\\\/2019\\\/08\\\/PicRightsLogo_rev1.png\",\"width\":146,\"height\":151,\"caption\":\"PicRights GmbH\"},\"image\":{\"@id\":\"https:\\\/\\\/picrights.com\\\/#\\\/schema\\\/logo\\\/image\\\/\"},\"sameAs\":[\"https:\\\/\\\/www.linkedin.com\\\/company\\\/picrights\"]}]}<\/script>\n<!-- \/ Yoast SEO plugin. -->","yoast_head_json":{"title":"Pogosto zastavljena vpra\u0161anja - PicRights","robots":{"index":"index","follow":"follow","max-snippet":"max-snippet:-1","max-image-preview":"max-image-preview:large","max-video-preview":"max-video-preview:-1"},"canonical":"https:\/\/picrights.com\/sl\/pogosto-zastavljena-vprasanja\/","og_locale":"sl_SI","og_type":"article","og_title":"Pogosto zastavljena vpra\u0161anja - PicRights","og_description":"[vc_row][vc_column][vc_column_text] Pogosto zastavljena vpra\u0161anja Zakaj sem prejel obvestilo od PicRights? Kot smo pojasnili v na\u0161em dopisu, ste uporabili eno ali ve\u010d slik, ki jih ima v lasti ali zastopa ena od na\u0161ih strank. Na\u0161a stranka nima evidence o tem, da bi vam podelila dovoljenje za uporabo vsebine, torej ste kr\u0161ili [&hellip;]","og_url":"https:\/\/picrights.com\/sl\/pogosto-zastavljena-vprasanja\/","og_site_name":"PicRights","article_modified_time":"2021-10-20T18:13:10+00:00","twitter_card":"summary_large_image","twitter_misc":{"Est. reading time":"5 minut"},"schema":{"@context":"https:\/\/schema.org","@graph":[{"@type":"WebPage","@id":"https:\/\/picrights.com\/sl\/pogosto-zastavljena-vprasanja\/","url":"https:\/\/picrights.com\/sl\/pogosto-zastavljena-vprasanja\/","name":"Pogosto zastavljena vpra\u0161anja - PicRights","isPartOf":{"@id":"https:\/\/picrights.com\/#website"},"primaryImageOfPage":{"@id":"https:\/\/picrights.com\/sl\/pogosto-zastavljena-vprasanja\/#primaryimage"},"image":{"@id":"https:\/\/picrights.com\/sl\/pogosto-zastavljena-vprasanja\/#primaryimage"},"thumbnailUrl":"https:\/\/picrights.com\/wp-content\/uploads\/2019\/08\/6113-09159932s.jpg","datePublished":"2021-02-19T17:52:31+00:00","dateModified":"2021-10-20T18:13:10+00:00","breadcrumb":{"@id":"https:\/\/picrights.com\/sl\/pogosto-zastavljena-vprasanja\/#breadcrumb"},"inLanguage":"sl-SI","potentialAction":[{"@type":"ReadAction","target":["https:\/\/picrights.com\/sl\/pogosto-zastavljena-vprasanja\/"]}]},{"@type":"ImageObject","inLanguage":"sl-SI","@id":"https:\/\/picrights.com\/sl\/pogosto-zastavljena-vprasanja\/#primaryimage","url":"https:\/\/picrights.com\/wp-content\/uploads\/2019\/08\/6113-09159932s.jpg","contentUrl":"https:\/\/picrights.com\/wp-content\/uploads\/2019\/08\/6113-09159932s.jpg","width":1982,"height":1041},{"@type":"BreadcrumbList","@id":"https:\/\/picrights.com\/sl\/pogosto-zastavljena-vprasanja\/#breadcrumb","itemListElement":[{"@type":"ListItem","position":1,"name":"Home","item":"https:\/\/picrights.com\/sl\/"},{"@type":"ListItem","position":2,"name":"Pogosto zastavljena vpra\u0161anja"}]},{"@type":"WebSite","@id":"https:\/\/picrights.com\/#website","url":"https:\/\/picrights.com\/","name":"PicRights","description":"Copyright Compliance","publisher":{"@id":"https:\/\/picrights.com\/#organization"},"potentialAction":[{"@type":"SearchAction","target":{"@type":"EntryPoint","urlTemplate":"https:\/\/picrights.com\/?s={search_term_string}"},"query-input":{"@type":"PropertyValueSpecification","valueRequired":true,"valueName":"search_term_string"}}],"inLanguage":"sl-SI"},{"@type":"Organization","@id":"https:\/\/picrights.com\/#organization","name":"PicRights GmbH","url":"https:\/\/picrights.com\/","logo":{"@type":"ImageObject","inLanguage":"sl-SI","@id":"https:\/\/picrights.com\/#\/schema\/logo\/image\/","url":"https:\/\/picrights.com\/wp-content\/uploads\/2019\/08\/PicRightsLogo_rev1.png","contentUrl":"https:\/\/picrights.com\/wp-content\/uploads\/2019\/08\/PicRightsLogo_rev1.png","width":146,"height":151,"caption":"PicRights GmbH"},"image":{"@id":"https:\/\/picrights.com\/#\/schema\/logo\/image\/"},"sameAs":["https:\/\/www.linkedin.com\/company\/picrights"]}]}},"_links":{"self":[{"href":"https:\/\/picrights.com\/sl\/wp-json\/wp\/v2\/pages\/34946","targetHints":{"allow":["GET"]}}],"collection":[{"href":"https:\/\/picrights.com\/sl\/wp-json\/wp\/v2\/pages"}],"about":[{"href":"https:\/\/picrights.com\/sl\/wp-json\/wp\/v2\/types\/page"}],"author":[{"embeddable":true,"href":"https:\/\/picrights.com\/sl\/wp-json\/wp\/v2\/users\/5"}],"replies":[{"embeddable":true,"href":"https:\/\/picrights.com\/sl\/wp-json\/wp\/v2\/comments?post=34946"}],"version-history":[{"count":2,"href":"https:\/\/picrights.com\/sl\/wp-json\/wp\/v2\/pages\/34946\/revisions"}],"predecessor-version":[{"id":35929,"href":"https:\/\/picrights.com\/sl\/wp-json\/wp\/v2\/pages\/34946\/revisions\/35929"}],"wp:featuredmedia":[{"embeddable":true,"href":"https:\/\/picrights.com\/sl\/wp-json\/wp\/v2\/media\/34949"}],"wp:attachment":[{"href":"https:\/\/picrights.com\/sl\/wp-json\/wp\/v2\/media?parent=34946"}],"curies":[{"name":"wp","href":"https:\/\/api.w.org\/{rel}","templated":true}]}}