{"id":30442,"date":"2019-07-18T19:39:38","date_gmt":"2019-07-18T19:39:38","guid":{"rendered":"http:\/\/wemadethisapp.com\/claims\/"},"modified":"2020-11-23T01:31:22","modified_gmt":"2020-11-23T01:31:22","slug":"claims","status":"publish","type":"page","link":"https:\/\/picrights.com\/sv\/claims\/","title":{"rendered":"Upphovsr\u00e4ttsintr\u00e5ng"},"content":{"rendered":"<h3>Jag har f\u00e5tt en anm\u00e4lan om upphovsr\u00e4ttsintr\u00e5ng. Vad h\u00e4nder nu?<\/h3>\n<h5>PicRights har som m\u00e5l att snabbt och r\u00e4ttvist l\u00f6sa fr\u00e5gor om upphovsr\u00e4ttsintr\u00e5ng \u2013 utan att det ska beh\u00f6va g\u00e5 genom en domstol. V\u00e5r personal som arbetar med regelefterlevnad har m\u00e5nga \u00e5rs erfarenhet av att med st\u00f6d av interna juridiska r\u00e5dgivare l\u00f6sa konflikter kring upphovsr\u00e4ttsliga fr\u00e5gor.<\/h5>\n<p>Har du f\u00e5tt en anm\u00e4lan om upphovsr\u00e4ttsintr\u00e5ng av oss? Kontakta upphovsr\u00e4ttsansvarig som anges i brevet f\u00f6r att diskutera n\u00e4sta steg. Under tiden kan du ta en titt p\u00e5 <a href=\"http:\/\/picrights.com\/sv\/faqs\/\">Vanliga fr\u00e5gor<\/a> och dokument kring <a href=\"http:\/\/picrights.com\/sv\/copyright\/\">upphovsr\u00e4tt &#038; \u00f6vertr\u00e4delser<\/a> f\u00f6r mer information om upphovsr\u00e4tt, inklusive fair use, public domain, DMCA-anm\u00e4lan om borttagning och mer.<\/p>\n<p>Kort sagt, anv\u00e4ndningen av upphovsr\u00e4ttsskyddade bilder kr\u00e4ver en licens som t\u00e4cker all anv\u00e4ndning, oavsett om du visste att bilden var upphovsr\u00e4ttsskyddad eller ej. Betalning av en retroaktiv avgift kr\u00e4vs och kan ordnas med hj\u00e4lp av ansvarig f\u00f6r regelefterlevnad. <a href=\"https:\/\/resolve.picrights.com\/\">Redo att l\u00f6sa en upphovsr\u00e4ttslig konflikt nu? Bes\u00f6k portalen och h\u00e5ll ditt referensnummer redo.<\/a><\/p>\n<p>Uppg\u00f6relser i form av f\u00f6rlikning sparas i skriftlig form, undertecknad av b\u00e5de dig och en anst\u00e4lld hos PicRights f\u00f6r din s\u00e4kerhet och en f\u00f6rs\u00e4kran om ett slutgiltigt beslut. Om en konflikt inte g\u00e5r att l\u00f6sa med hj\u00e4lp av v\u00e5r interna personal involverar PicRights externa juridiska r\u00e5dgivare som \u00e4r specialiserade p\u00e5 l\u00f6sning av upphovsr\u00e4ttsliga konflikter.<\/p>\n<h4>M\u00e5ste jag tala med en advokat?<\/h4>\n<p>Vi erbjuder information p\u00e5 denna hemsida som en utbildningsresurs men det kr\u00e4ver inte juridisk r\u00e5dgivning. Vi rekommenderar starkt att du talar med en kvalificerad advokat om du har r\u00e4ttsliga fr\u00e5gor om brevet du fick fr\u00e5n oss eller om upphovsr\u00e4tt i allm\u00e4nhet. Du beh\u00f6ver dock inte anlita en advokat f\u00f6r att l\u00f6sa en konflikt med en av v\u00e5ra ansvariga f\u00f6r regelefterlevnad.<\/p>\n<h4>Vad ska jag g\u00f6ra nu?<\/h4>\n<p>Kontakta oss personligen eller via ditt juridiska ombud. PicRights \u00e4r alltid beredda att arbeta tillsammans med dig f\u00f6r att l\u00f6sa problemet p\u00e5 ett r\u00e4ttvist och rimligt s\u00e4tt. V\u00e5r kund kommer att tvista om intr\u00e5nget i upphovsr\u00e4tten om det kr\u00e4vs, men f\u00f6rst efter att vi p\u00e5 alla s\u00e4tt f\u00f6rs\u00f6kt l\u00f6sa problemet tillsammans med dig.<\/p>\n","protected":false},"excerpt":{"rendered":"<p>Jag har f\u00e5tt en anm\u00e4lan om upphovsr\u00e4ttsintr\u00e5ng. Vad h\u00e4nder nu? PicRights har som m\u00e5l att snabbt och r\u00e4ttvist l\u00f6sa fr\u00e5gor om upphovsr\u00e4ttsintr\u00e5ng \u2013 utan att det ska beh\u00f6va g\u00e5 genom en domstol. V\u00e5r personal som arbetar med regelefterlevnad har m\u00e5nga \u00e5rs erfarenhet av att med st\u00f6d av interna juridiska r\u00e5dgivare [&hellip;]<\/p>\n","protected":false},"author":5,"featured_media":31338,"parent":0,"menu_order":0,"comment_status":"closed","ping_status":"closed","template":"","meta":{"footnotes":""},"class_list":["post-30442","page","type-page","status-publish","has-post-thumbnail","hentry"],"yoast_head":"<!-- This site is optimized with the Yoast SEO plugin v27.3 - https:\/\/yoast.com\/product\/yoast-seo-wordpress\/ -->\n<title>Upphovsr\u00e4ttsintr\u00e5ng - PicRights<\/title>\n<meta name=\"robots\" content=\"index, follow, max-snippet:-1, max-image-preview:large, max-video-preview:-1\" \/>\n<link rel=\"canonical\" href=\"https:\/\/picrights.com\/sv\/claims\/\" \/>\n<meta property=\"og:locale\" content=\"en_US\" \/>\n<meta property=\"og:type\" content=\"article\" \/>\n<meta property=\"og:title\" content=\"Upphovsr\u00e4ttsintr\u00e5ng - PicRights\" \/>\n<meta property=\"og:description\" content=\"Jag har f\u00e5tt en anm\u00e4lan om upphovsr\u00e4ttsintr\u00e5ng. Vad h\u00e4nder nu? PicRights har som m\u00e5l att snabbt och r\u00e4ttvist l\u00f6sa fr\u00e5gor om upphovsr\u00e4ttsintr\u00e5ng \u2013 utan att det ska beh\u00f6va g\u00e5 genom en domstol. V\u00e5r personal som arbetar med regelefterlevnad har m\u00e5nga \u00e5rs erfarenhet av att med st\u00f6d av interna juridiska r\u00e5dgivare [&hellip;]\" \/>\n<meta property=\"og:url\" content=\"https:\/\/picrights.com\/sv\/claims\/\" \/>\n<meta property=\"og:site_name\" content=\"PicRights\" \/>\n<meta property=\"article:modified_time\" content=\"2020-11-23T01:31:22+00:00\" \/>\n<meta property=\"og:image\" content=\"https:\/\/picrights.com\/wp-content\/uploads\/2019\/07\/6113-08105434.jpg\" \/>\n\t<meta property=\"og:image:width\" content=\"2000\" \/>\n\t<meta property=\"og:image:height\" content=\"1150\" \/>\n\t<meta property=\"og:image:type\" content=\"image\/jpeg\" \/>\n<meta name=\"twitter:card\" content=\"summary_large_image\" \/>\n<meta name=\"twitter:label1\" content=\"Est. reading time\" \/>\n\t<meta name=\"twitter:data1\" content=\"2 minutes\" \/>\n<script type=\"application\/ld+json\" class=\"yoast-schema-graph\">{\"@context\":\"https:\\\/\\\/schema.org\",\"@graph\":[{\"@type\":\"WebPage\",\"@id\":\"https:\\\/\\\/picrights.com\\\/sv\\\/claims\\\/\",\"url\":\"https:\\\/\\\/picrights.com\\\/sv\\\/claims\\\/\",\"name\":\"Upphovsr\u00e4ttsintr\u00e5ng - PicRights\",\"isPartOf\":{\"@id\":\"https:\\\/\\\/picrights.com\\\/#website\"},\"primaryImageOfPage\":{\"@id\":\"https:\\\/\\\/picrights.com\\\/sv\\\/claims\\\/#primaryimage\"},\"image\":{\"@id\":\"https:\\\/\\\/picrights.com\\\/sv\\\/claims\\\/#primaryimage\"},\"thumbnailUrl\":\"https:\\\/\\\/picrights.com\\\/wp-content\\\/uploads\\\/2019\\\/07\\\/6113-08105434.jpg\",\"datePublished\":\"2019-07-18T19:39:38+00:00\",\"dateModified\":\"2020-11-23T01:31:22+00:00\",\"breadcrumb\":{\"@id\":\"https:\\\/\\\/picrights.com\\\/sv\\\/claims\\\/#breadcrumb\"},\"inLanguage\":\"en-SE\",\"potentialAction\":[{\"@type\":\"ReadAction\",\"target\":[\"https:\\\/\\\/picrights.com\\\/sv\\\/claims\\\/\"]}]},{\"@type\":\"ImageObject\",\"inLanguage\":\"en-SE\",\"@id\":\"https:\\\/\\\/picrights.com\\\/sv\\\/claims\\\/#primaryimage\",\"url\":\"https:\\\/\\\/picrights.com\\\/wp-content\\\/uploads\\\/2019\\\/07\\\/6113-08105434.jpg\",\"contentUrl\":\"https:\\\/\\\/picrights.com\\\/wp-content\\\/uploads\\\/2019\\\/07\\\/6113-08105434.jpg\",\"width\":2000,\"height\":1150},{\"@type\":\"BreadcrumbList\",\"@id\":\"https:\\\/\\\/picrights.com\\\/sv\\\/claims\\\/#breadcrumb\",\"itemListElement\":[{\"@type\":\"ListItem\",\"position\":1,\"name\":\"Home\",\"item\":\"https:\\\/\\\/picrights.com\\\/sv\\\/\"},{\"@type\":\"ListItem\",\"position\":2,\"name\":\"Upphovsr\u00e4ttsintr\u00e5ng\"}]},{\"@type\":\"WebSite\",\"@id\":\"https:\\\/\\\/picrights.com\\\/#website\",\"url\":\"https:\\\/\\\/picrights.com\\\/\",\"name\":\"PicRights\",\"description\":\"Copyright Compliance\",\"publisher\":{\"@id\":\"https:\\\/\\\/picrights.com\\\/#organization\"},\"potentialAction\":[{\"@type\":\"SearchAction\",\"target\":{\"@type\":\"EntryPoint\",\"urlTemplate\":\"https:\\\/\\\/picrights.com\\\/?s={search_term_string}\"},\"query-input\":{\"@type\":\"PropertyValueSpecification\",\"valueRequired\":true,\"valueName\":\"search_term_string\"}}],\"inLanguage\":\"en-SE\"},{\"@type\":\"Organization\",\"@id\":\"https:\\\/\\\/picrights.com\\\/#organization\",\"name\":\"PicRights GmbH\",\"url\":\"https:\\\/\\\/picrights.com\\\/\",\"logo\":{\"@type\":\"ImageObject\",\"inLanguage\":\"en-SE\",\"@id\":\"https:\\\/\\\/picrights.com\\\/#\\\/schema\\\/logo\\\/image\\\/\",\"url\":\"https:\\\/\\\/picrights.com\\\/wp-content\\\/uploads\\\/2019\\\/08\\\/PicRightsLogo_rev1.png\",\"contentUrl\":\"https:\\\/\\\/picrights.com\\\/wp-content\\\/uploads\\\/2019\\\/08\\\/PicRightsLogo_rev1.png\",\"width\":146,\"height\":151,\"caption\":\"PicRights GmbH\"},\"image\":{\"@id\":\"https:\\\/\\\/picrights.com\\\/#\\\/schema\\\/logo\\\/image\\\/\"},\"sameAs\":[\"https:\\\/\\\/www.linkedin.com\\\/company\\\/picrights\"]}]}<\/script>\n<!-- \/ Yoast SEO plugin. -->","yoast_head_json":{"title":"Upphovsr\u00e4ttsintr\u00e5ng - PicRights","robots":{"index":"index","follow":"follow","max-snippet":"max-snippet:-1","max-image-preview":"max-image-preview:large","max-video-preview":"max-video-preview:-1"},"canonical":"https:\/\/picrights.com\/sv\/claims\/","og_locale":"en_US","og_type":"article","og_title":"Upphovsr\u00e4ttsintr\u00e5ng - PicRights","og_description":"Jag har f\u00e5tt en anm\u00e4lan om upphovsr\u00e4ttsintr\u00e5ng. Vad h\u00e4nder nu? PicRights har som m\u00e5l att snabbt och r\u00e4ttvist l\u00f6sa fr\u00e5gor om upphovsr\u00e4ttsintr\u00e5ng \u2013 utan att det ska beh\u00f6va g\u00e5 genom en domstol. V\u00e5r personal som arbetar med regelefterlevnad har m\u00e5nga \u00e5rs erfarenhet av att med st\u00f6d av interna juridiska r\u00e5dgivare [&hellip;]","og_url":"https:\/\/picrights.com\/sv\/claims\/","og_site_name":"PicRights","article_modified_time":"2020-11-23T01:31:22+00:00","og_image":[{"width":2000,"height":1150,"url":"https:\/\/picrights.com\/wp-content\/uploads\/2019\/07\/6113-08105434.jpg","type":"image\/jpeg"}],"twitter_card":"summary_large_image","twitter_misc":{"Est. reading time":"2 minutes"},"schema":{"@context":"https:\/\/schema.org","@graph":[{"@type":"WebPage","@id":"https:\/\/picrights.com\/sv\/claims\/","url":"https:\/\/picrights.com\/sv\/claims\/","name":"Upphovsr\u00e4ttsintr\u00e5ng - PicRights","isPartOf":{"@id":"https:\/\/picrights.com\/#website"},"primaryImageOfPage":{"@id":"https:\/\/picrights.com\/sv\/claims\/#primaryimage"},"image":{"@id":"https:\/\/picrights.com\/sv\/claims\/#primaryimage"},"thumbnailUrl":"https:\/\/picrights.com\/wp-content\/uploads\/2019\/07\/6113-08105434.jpg","datePublished":"2019-07-18T19:39:38+00:00","dateModified":"2020-11-23T01:31:22+00:00","breadcrumb":{"@id":"https:\/\/picrights.com\/sv\/claims\/#breadcrumb"},"inLanguage":"en-SE","potentialAction":[{"@type":"ReadAction","target":["https:\/\/picrights.com\/sv\/claims\/"]}]},{"@type":"ImageObject","inLanguage":"en-SE","@id":"https:\/\/picrights.com\/sv\/claims\/#primaryimage","url":"https:\/\/picrights.com\/wp-content\/uploads\/2019\/07\/6113-08105434.jpg","contentUrl":"https:\/\/picrights.com\/wp-content\/uploads\/2019\/07\/6113-08105434.jpg","width":2000,"height":1150},{"@type":"BreadcrumbList","@id":"https:\/\/picrights.com\/sv\/claims\/#breadcrumb","itemListElement":[{"@type":"ListItem","position":1,"name":"Home","item":"https:\/\/picrights.com\/sv\/"},{"@type":"ListItem","position":2,"name":"Upphovsr\u00e4ttsintr\u00e5ng"}]},{"@type":"WebSite","@id":"https:\/\/picrights.com\/#website","url":"https:\/\/picrights.com\/","name":"PicRights","description":"Copyright Compliance","publisher":{"@id":"https:\/\/picrights.com\/#organization"},"potentialAction":[{"@type":"SearchAction","target":{"@type":"EntryPoint","urlTemplate":"https:\/\/picrights.com\/?s={search_term_string}"},"query-input":{"@type":"PropertyValueSpecification","valueRequired":true,"valueName":"search_term_string"}}],"inLanguage":"en-SE"},{"@type":"Organization","@id":"https:\/\/picrights.com\/#organization","name":"PicRights GmbH","url":"https:\/\/picrights.com\/","logo":{"@type":"ImageObject","inLanguage":"en-SE","@id":"https:\/\/picrights.com\/#\/schema\/logo\/image\/","url":"https:\/\/picrights.com\/wp-content\/uploads\/2019\/08\/PicRightsLogo_rev1.png","contentUrl":"https:\/\/picrights.com\/wp-content\/uploads\/2019\/08\/PicRightsLogo_rev1.png","width":146,"height":151,"caption":"PicRights GmbH"},"image":{"@id":"https:\/\/picrights.com\/#\/schema\/logo\/image\/"},"sameAs":["https:\/\/www.linkedin.com\/company\/picrights"]}]}},"_links":{"self":[{"href":"https:\/\/picrights.com\/sv\/wp-json\/wp\/v2\/pages\/30442","targetHints":{"allow":["GET"]}}],"collection":[{"href":"https:\/\/picrights.com\/sv\/wp-json\/wp\/v2\/pages"}],"about":[{"href":"https:\/\/picrights.com\/sv\/wp-json\/wp\/v2\/types\/page"}],"author":[{"embeddable":true,"href":"https:\/\/picrights.com\/sv\/wp-json\/wp\/v2\/users\/5"}],"replies":[{"embeddable":true,"href":"https:\/\/picrights.com\/sv\/wp-json\/wp\/v2\/comments?post=30442"}],"version-history":[{"count":0,"href":"https:\/\/picrights.com\/sv\/wp-json\/wp\/v2\/pages\/30442\/revisions"}],"wp:featuredmedia":[{"embeddable":true,"href":"https:\/\/picrights.com\/sv\/wp-json\/wp\/v2\/media\/31338"}],"wp:attachment":[{"href":"https:\/\/picrights.com\/sv\/wp-json\/wp\/v2\/media?parent=30442"}],"curies":[{"name":"wp","href":"https:\/\/api.w.org\/{rel}","templated":true}]}}