{"id":30504,"date":"2019-07-18T19:33:09","date_gmt":"2019-07-18T19:33:09","guid":{"rendered":"http:\/\/wemadethisapp.com\/faqs\/"},"modified":"2021-10-20T18:13:46","modified_gmt":"2021-10-20T18:13:46","slug":"faqs","status":"publish","type":"page","link":"https:\/\/picrights.com\/sv\/faqs\/","title":{"rendered":"Vanliga fr\u00e5gor"},"content":{"rendered":"<div class=\"wpb-content-wrapper\"><p>[vc_row][vc_column][vc_column_text]<\/p>\n<h1>Vanliga fr\u00e5gor<\/h1>\n<h3>Varf\u00f6r har jag f\u00e5tt en anm\u00e4lan fr\u00e5n PicRights?<\/h3>\n<p>Som framg\u00e5r av v\u00e5rt brev har du anv\u00e4nt en eller flera bilder som \u00e4gs eller f\u00f6retr\u00e4ds av en av v\u00e5ra kunder. V\u00e5r kund kan inte hitta n\u00e5gon utf\u00e4rdad licens f\u00f6r din anv\u00e4ndning. Det f\u00f6refaller d\u00e4rf\u00f6r som att du har gjort intr\u00e5ng i v\u00e5r kunds upphovsr\u00e4tt. V\u00e5r kund har bett oss kontakta dig f\u00f6r att l\u00f6sa problemet <a href=\"http:\/\/picrights.com\/sv\/claims\/\">L\u00e4s mer<\/a><\/p>\n<h3>M\u00e5ste jag tala med en advokat?<\/h3>\n<p>Vi erbjuder information p\u00e5 denna hemsida som en utbildningsresurs men det kr\u00e4ver inte juridisk r\u00e5dgivning. Vi rekommenderar starkt att du talar med en kvalificerad advokat om du har r\u00e4ttsliga fr\u00e5gor om brevet du fick fr\u00e5n oss eller om upphovsr\u00e4tt i allm\u00e4nhet. Du beh\u00f6ver dock inte anlita en advokat f\u00f6r att l\u00f6sa en konflikt med en av v\u00e5ra ansvariga f\u00f6r regelefterlevnad.<\/p>\n<h3>Vad \u00e4r upphovsr\u00e4tt?<\/h3>\n<p>Upphovsr\u00e4tt inneb\u00e4r en exklusiv r\u00e4tt att reproducera, anpassa, anv\u00e4nda, distribuera och visa upp ett originalverk s\u00e5som ett fotografi.<\/p>\n<h3 id=\"designer\">\u00c4r problemet l\u00f6st om jag tar bort bilden?<\/h3>\n<p>Nej. Att ta bort bilden kan ses som en f\u00f6rmildrande \u00e5tg\u00e4rd men l\u00f6ser inte problemet. Anv\u00e4ndningen av upphovsr\u00e4ttsskyddade bilder kr\u00e4ver korrekt licensiering f\u00f6r att t\u00e4cka alla typer av anv\u00e4ndning. F\u00f6r att till fullo l\u00f6sa problemet kr\u00e4vs att betalning av en licensavgift sker.<\/p>\n<h3 id=\"template\">Jag anlitade n\u00e5gon f\u00f6r att bygga min hemsida. Vad h\u00e4nder nu?<\/h3>\n<p>Copyright Act tar ingen h\u00e4nsyn till vem som byggde din hemsida (och inte f\u00f6ljde lagarna) eller huruvida du avsiktligt gjorde intr\u00e5ng i upphovsr\u00e4tten. I egenskap av slutanv\u00e4ndare \u00e4r du ansvarig f\u00f6r intr\u00e5nget och f\u00f6r att betala l\u00e4mpliga licensavgifter. Vi kommer inte att kontakta hemsidedesignern f\u00f6r att uppn\u00e5 en f\u00f6rlikning s\u00e5vida inte designern \u00e4r beredd att eller har m\u00f6jlighet att ta ansvar f\u00f6r intr\u00e5nget. Om du tror att designern b\u00e4r ansvar f\u00e5r du sj\u00e4lv kontakta hen.<\/p>\n<h3>Jag k\u00f6pte bilden som del av en designmall. Vad h\u00e4nder nu?<\/h3>\n<p>Enligt Copyright Act \u00e4r du ytterst ansvarig f\u00f6r att s\u00e4kerst\u00e4lla att du har tillst\u00e5nd att anv\u00e4nda bilden. Om du k\u00f6pte eller skaffade bilderna fr\u00e5n en prenumerationstj\u00e4nst eller en hemsida som tillhandah\u00e5ller mallar kommer du fortfarande att h\u00e5llas ansvarig f\u00f6r intr\u00e5ng i upphovsr\u00e4tten om f\u00f6retaget i fr\u00e5ga inte innehade r\u00e4tt licenser f\u00f6r bilderna du anv\u00e4nde.<\/p>\n<h3>Jag visste inte att bilden var tvungen att licensieras. Vad h\u00e4nder nu?<\/h3>\n<p>Intr\u00e5ng i upphovsr\u00e4tten utg\u00f6r ett brott med strikt skadest\u00e5ndsansvar. Detta inneb\u00e4r att det inte spelar n\u00e5gon roll om du gjorde intr\u00e5ng i n\u00e5gons upphovsr\u00e4tt av misstag eller inte visste att bilden var upphovsr\u00e4ttsskyddad och kr\u00e4vde en licens. Din brist p\u00e5 kunskap urs\u00e4ktar eller f\u00f6rklarar inte din obeh\u00f6riga anv\u00e4ndning av bilden och g\u00f6r inte att du kan bortse fr\u00e5n att betala licensavgifter f\u00f6r din anv\u00e4ndning av bilden.<\/p>\n<h3>Vad h\u00e4nder om jag hittade bilden p\u00e5 internet och det inte fanns n\u00e5gon upphovsr\u00e4ttslig information eller vattenst\u00e4mpel?<\/h3>\n<p>Enligt Copyright Act inneb\u00e4r inte avsaknaden av upphovsr\u00e4ttslig information eller en vattenst\u00e4mpel att upphovsr\u00e4tten inte g\u00e4ller. En bild \u00e4r upphovsr\u00e4ttsskyddad fr\u00e5n \u00f6gonblicket den skapas \u2013 oavsett om den publiceras eller inte och oavsett om en publicerad bild innefattar upphovsr\u00e4ttslig information eller en vattenst\u00e4mpel. Bara f\u00f6r att en bild finns p\u00e5 internet betyder inte det att den \u00e4r \u201doffentlig egendom\u201d, \u00e4ven om du hittade den p\u00e5 en s\u00f6kmotor som t.ex. Google. Termen \u201dpublic domain\u201d \u00e4r ett smalt definierat undantag i Copyright Act med specifikt fokus p\u00e5 verk d\u00e4r upphovsr\u00e4tten inte l\u00e4ngre g\u00e4ller eller d\u00e4r upphovsr\u00e4ttsmannen har gjort ett tydligt tillk\u00e4nnagivande om att verket inte l\u00e4ngre omfattas av upphovsr\u00e4tt.<\/p>\n<h3>Jag tj\u00e4nade inga pengar p\u00e5 bilden. Vad h\u00e4nder nu?<\/h3>\n<p>Om du tj\u00e4nade pengar p\u00e5 bilden eller inte \u00e4r irrelevant i fr\u00e5gan om huruvida anv\u00e4ndningen var ett intr\u00e5ng i upphovsr\u00e4tten. Upphovsr\u00e4ttsmannen kan kr\u00e4va skadest\u00e5nd \u00e4ven om du f\u00f6rlorade pengar vid anv\u00e4ndandet av bilden utan tillst\u00e5nd. Att tj\u00e4na pengar p\u00e5 att anv\u00e4nda bilden kan \u00f6ka m\u00e4ngden skador, men det kr\u00e4vs inte.<\/p>\n<h3>Hur ber\u00e4knas avgifter?<\/h3>\n<p>Avgifter f\u00f6r stockbilder varierar kraftigt beroende p\u00e5 huruvida bilden \u00e4r royalty-free (RF) eller rights-managed (RM).<\/p>\n<h3>Vad \u00e4r skillnaden mellan rights-managed (RM) och royalty-free (RF)?<\/h3>\n<p>F\u00f6rst och fr\u00e4mst \u2013 huruvida en bild \u00e4r licensierad som RM eller RF best\u00e4ms helt och h\u00e5llet av upphovsr\u00e4ttsmannen.<\/p>\n<p><strong>RM-bilder<\/strong> \u00e4r licensierade f\u00f6r avgifter baserat p\u00e5 hur bilden ska anv\u00e4ndas. Faktorer inkluderar hos vilken mediekanal bilden publiceras, hur l\u00e4nge bilden anv\u00e4nds, var den publiceras, hur ofta den reproduceras, storlek och position i slutgiltig anv\u00e4ndning (t.ex. huruvida bilden publiceras p\u00e5 en startsida eller en underflik p\u00e5 en hemsida) och huruvida slutanv\u00e4ndaren har f\u00e5tt n\u00e5gon typ av exklusiv anv\u00e4ndningsr\u00e4tt. Priser kan variera kraftigt beroende p\u00e5 beviljade r\u00e4ttigheter \u2013 \u00e4ven f\u00f6r samma bild. Kort sagt: ju mer du g\u00f6r med en RM-bild, desto h\u00f6gre pris.<\/p>\n<p><strong>RF-bilder<\/strong> priss\u00e4tts generellt baserat p\u00e5 filstorleken hos den anv\u00e4nda bilden. R\u00e4ttigheterna \u00e4r vanligen mycket breda och m\u00f6jligg\u00f6r anv\u00e4ndning i obegr\u00e4nsat antal kanaler under en obegr\u00e4nsad tidsperiod till ett fast pris. Vissa licensieringsrestriktioner g\u00e4ller vanligen. Stora prisskillnader g\u00e4ller mellan s.k. \u201dmicrostock\u201d-bildsamlingar (som PicRights inte representerar) som samlats ihop med crowdsourcing och professionella samlingar av RF-bilder (vilka vi representerar).[\/vc_column_text][\/vc_column][\/vc_row]<\/p>\n\n<p><\/p>\n<\/div>","protected":false},"excerpt":{"rendered":"<p>[vc_row][vc_column][vc_column_text] Vanliga fr\u00e5gor Varf\u00f6r har jag f\u00e5tt en anm\u00e4lan fr\u00e5n PicRights? Som framg\u00e5r av v\u00e5rt brev har du anv\u00e4nt en eller flera bilder som \u00e4gs eller f\u00f6retr\u00e4ds av en av v\u00e5ra kunder. V\u00e5r kund kan inte hitta n\u00e5gon utf\u00e4rdad licens f\u00f6r din anv\u00e4ndning. Det f\u00f6refaller d\u00e4rf\u00f6r som att du har [&hellip;]<\/p>\n","protected":false},"author":5,"featured_media":30505,"parent":0,"menu_order":0,"comment_status":"closed","ping_status":"closed","template":"","meta":{"footnotes":""},"class_list":["post-30504","page","type-page","status-publish","has-post-thumbnail","hentry"],"yoast_head":"<!-- This site is optimized with the Yoast SEO plugin v27.3 - https:\/\/yoast.com\/product\/yoast-seo-wordpress\/ -->\n<title>Vanliga fr\u00e5gor - PicRights<\/title>\n<meta name=\"robots\" content=\"index, follow, max-snippet:-1, max-image-preview:large, max-video-preview:-1\" \/>\n<link rel=\"canonical\" href=\"https:\/\/picrights.com\/sv\/faqs\/\" \/>\n<meta property=\"og:locale\" content=\"en_US\" \/>\n<meta property=\"og:type\" content=\"article\" \/>\n<meta property=\"og:title\" content=\"Vanliga fr\u00e5gor - PicRights\" \/>\n<meta property=\"og:description\" content=\"[vc_row][vc_column][vc_column_text] Vanliga fr\u00e5gor Varf\u00f6r har jag f\u00e5tt en anm\u00e4lan fr\u00e5n PicRights? Som framg\u00e5r av v\u00e5rt brev har du anv\u00e4nt en eller flera bilder som \u00e4gs eller f\u00f6retr\u00e4ds av en av v\u00e5ra kunder. V\u00e5r kund kan inte hitta n\u00e5gon utf\u00e4rdad licens f\u00f6r din anv\u00e4ndning. Det f\u00f6refaller d\u00e4rf\u00f6r som att du har [&hellip;]\" \/>\n<meta property=\"og:url\" content=\"https:\/\/picrights.com\/sv\/faqs\/\" \/>\n<meta property=\"og:site_name\" content=\"PicRights\" \/>\n<meta property=\"article:modified_time\" content=\"2021-10-20T18:13:46+00:00\" \/>\n<meta property=\"og:image\" content=\"https:\/\/picrights.com\/wp-content\/uploads\/2019\/08\/6113-09159932s.jpg\" \/>\n\t<meta property=\"og:image:width\" content=\"1982\" \/>\n\t<meta property=\"og:image:height\" content=\"1041\" \/>\n\t<meta property=\"og:image:type\" content=\"image\/jpeg\" \/>\n<meta name=\"twitter:card\" content=\"summary_large_image\" \/>\n<meta name=\"twitter:label1\" content=\"Est. reading time\" \/>\n\t<meta name=\"twitter:data1\" content=\"5 minutes\" \/>\n<script type=\"application\/ld+json\" class=\"yoast-schema-graph\">{\"@context\":\"https:\\\/\\\/schema.org\",\"@graph\":[{\"@type\":\"WebPage\",\"@id\":\"https:\\\/\\\/picrights.com\\\/sv\\\/faqs\\\/\",\"url\":\"https:\\\/\\\/picrights.com\\\/sv\\\/faqs\\\/\",\"name\":\"Vanliga fr\u00e5gor - PicRights\",\"isPartOf\":{\"@id\":\"https:\\\/\\\/picrights.com\\\/#website\"},\"primaryImageOfPage\":{\"@id\":\"https:\\\/\\\/picrights.com\\\/sv\\\/faqs\\\/#primaryimage\"},\"image\":{\"@id\":\"https:\\\/\\\/picrights.com\\\/sv\\\/faqs\\\/#primaryimage\"},\"thumbnailUrl\":\"https:\\\/\\\/picrights.com\\\/wp-content\\\/uploads\\\/2019\\\/08\\\/6113-09159932s.jpg\",\"datePublished\":\"2019-07-18T19:33:09+00:00\",\"dateModified\":\"2021-10-20T18:13:46+00:00\",\"breadcrumb\":{\"@id\":\"https:\\\/\\\/picrights.com\\\/sv\\\/faqs\\\/#breadcrumb\"},\"inLanguage\":\"en-SE\",\"potentialAction\":[{\"@type\":\"ReadAction\",\"target\":[\"https:\\\/\\\/picrights.com\\\/sv\\\/faqs\\\/\"]}]},{\"@type\":\"ImageObject\",\"inLanguage\":\"en-SE\",\"@id\":\"https:\\\/\\\/picrights.com\\\/sv\\\/faqs\\\/#primaryimage\",\"url\":\"https:\\\/\\\/picrights.com\\\/wp-content\\\/uploads\\\/2019\\\/08\\\/6113-09159932s.jpg\",\"contentUrl\":\"https:\\\/\\\/picrights.com\\\/wp-content\\\/uploads\\\/2019\\\/08\\\/6113-09159932s.jpg\",\"width\":1982,\"height\":1041},{\"@type\":\"BreadcrumbList\",\"@id\":\"https:\\\/\\\/picrights.com\\\/sv\\\/faqs\\\/#breadcrumb\",\"itemListElement\":[{\"@type\":\"ListItem\",\"position\":1,\"name\":\"Home\",\"item\":\"https:\\\/\\\/picrights.com\\\/sv\\\/\"},{\"@type\":\"ListItem\",\"position\":2,\"name\":\"Vanliga fr\u00e5gor\"}]},{\"@type\":\"WebSite\",\"@id\":\"https:\\\/\\\/picrights.com\\\/#website\",\"url\":\"https:\\\/\\\/picrights.com\\\/\",\"name\":\"PicRights\",\"description\":\"Copyright Compliance\",\"publisher\":{\"@id\":\"https:\\\/\\\/picrights.com\\\/#organization\"},\"potentialAction\":[{\"@type\":\"SearchAction\",\"target\":{\"@type\":\"EntryPoint\",\"urlTemplate\":\"https:\\\/\\\/picrights.com\\\/?s={search_term_string}\"},\"query-input\":{\"@type\":\"PropertyValueSpecification\",\"valueRequired\":true,\"valueName\":\"search_term_string\"}}],\"inLanguage\":\"en-SE\"},{\"@type\":\"Organization\",\"@id\":\"https:\\\/\\\/picrights.com\\\/#organization\",\"name\":\"PicRights GmbH\",\"url\":\"https:\\\/\\\/picrights.com\\\/\",\"logo\":{\"@type\":\"ImageObject\",\"inLanguage\":\"en-SE\",\"@id\":\"https:\\\/\\\/picrights.com\\\/#\\\/schema\\\/logo\\\/image\\\/\",\"url\":\"https:\\\/\\\/picrights.com\\\/wp-content\\\/uploads\\\/2019\\\/08\\\/PicRightsLogo_rev1.png\",\"contentUrl\":\"https:\\\/\\\/picrights.com\\\/wp-content\\\/uploads\\\/2019\\\/08\\\/PicRightsLogo_rev1.png\",\"width\":146,\"height\":151,\"caption\":\"PicRights GmbH\"},\"image\":{\"@id\":\"https:\\\/\\\/picrights.com\\\/#\\\/schema\\\/logo\\\/image\\\/\"},\"sameAs\":[\"https:\\\/\\\/www.linkedin.com\\\/company\\\/picrights\"]}]}<\/script>\n<!-- \/ Yoast SEO plugin. -->","yoast_head_json":{"title":"Vanliga fr\u00e5gor - PicRights","robots":{"index":"index","follow":"follow","max-snippet":"max-snippet:-1","max-image-preview":"max-image-preview:large","max-video-preview":"max-video-preview:-1"},"canonical":"https:\/\/picrights.com\/sv\/faqs\/","og_locale":"en_US","og_type":"article","og_title":"Vanliga fr\u00e5gor - PicRights","og_description":"[vc_row][vc_column][vc_column_text] Vanliga fr\u00e5gor Varf\u00f6r har jag f\u00e5tt en anm\u00e4lan fr\u00e5n PicRights? Som framg\u00e5r av v\u00e5rt brev har du anv\u00e4nt en eller flera bilder som \u00e4gs eller f\u00f6retr\u00e4ds av en av v\u00e5ra kunder. V\u00e5r kund kan inte hitta n\u00e5gon utf\u00e4rdad licens f\u00f6r din anv\u00e4ndning. Det f\u00f6refaller d\u00e4rf\u00f6r som att du har [&hellip;]","og_url":"https:\/\/picrights.com\/sv\/faqs\/","og_site_name":"PicRights","article_modified_time":"2021-10-20T18:13:46+00:00","og_image":[{"width":1982,"height":1041,"url":"https:\/\/picrights.com\/wp-content\/uploads\/2019\/08\/6113-09159932s.jpg","type":"image\/jpeg"}],"twitter_card":"summary_large_image","twitter_misc":{"Est. reading time":"5 minutes"},"schema":{"@context":"https:\/\/schema.org","@graph":[{"@type":"WebPage","@id":"https:\/\/picrights.com\/sv\/faqs\/","url":"https:\/\/picrights.com\/sv\/faqs\/","name":"Vanliga fr\u00e5gor - PicRights","isPartOf":{"@id":"https:\/\/picrights.com\/#website"},"primaryImageOfPage":{"@id":"https:\/\/picrights.com\/sv\/faqs\/#primaryimage"},"image":{"@id":"https:\/\/picrights.com\/sv\/faqs\/#primaryimage"},"thumbnailUrl":"https:\/\/picrights.com\/wp-content\/uploads\/2019\/08\/6113-09159932s.jpg","datePublished":"2019-07-18T19:33:09+00:00","dateModified":"2021-10-20T18:13:46+00:00","breadcrumb":{"@id":"https:\/\/picrights.com\/sv\/faqs\/#breadcrumb"},"inLanguage":"en-SE","potentialAction":[{"@type":"ReadAction","target":["https:\/\/picrights.com\/sv\/faqs\/"]}]},{"@type":"ImageObject","inLanguage":"en-SE","@id":"https:\/\/picrights.com\/sv\/faqs\/#primaryimage","url":"https:\/\/picrights.com\/wp-content\/uploads\/2019\/08\/6113-09159932s.jpg","contentUrl":"https:\/\/picrights.com\/wp-content\/uploads\/2019\/08\/6113-09159932s.jpg","width":1982,"height":1041},{"@type":"BreadcrumbList","@id":"https:\/\/picrights.com\/sv\/faqs\/#breadcrumb","itemListElement":[{"@type":"ListItem","position":1,"name":"Home","item":"https:\/\/picrights.com\/sv\/"},{"@type":"ListItem","position":2,"name":"Vanliga fr\u00e5gor"}]},{"@type":"WebSite","@id":"https:\/\/picrights.com\/#website","url":"https:\/\/picrights.com\/","name":"PicRights","description":"Copyright Compliance","publisher":{"@id":"https:\/\/picrights.com\/#organization"},"potentialAction":[{"@type":"SearchAction","target":{"@type":"EntryPoint","urlTemplate":"https:\/\/picrights.com\/?s={search_term_string}"},"query-input":{"@type":"PropertyValueSpecification","valueRequired":true,"valueName":"search_term_string"}}],"inLanguage":"en-SE"},{"@type":"Organization","@id":"https:\/\/picrights.com\/#organization","name":"PicRights GmbH","url":"https:\/\/picrights.com\/","logo":{"@type":"ImageObject","inLanguage":"en-SE","@id":"https:\/\/picrights.com\/#\/schema\/logo\/image\/","url":"https:\/\/picrights.com\/wp-content\/uploads\/2019\/08\/PicRightsLogo_rev1.png","contentUrl":"https:\/\/picrights.com\/wp-content\/uploads\/2019\/08\/PicRightsLogo_rev1.png","width":146,"height":151,"caption":"PicRights GmbH"},"image":{"@id":"https:\/\/picrights.com\/#\/schema\/logo\/image\/"},"sameAs":["https:\/\/www.linkedin.com\/company\/picrights"]}]}},"_links":{"self":[{"href":"https:\/\/picrights.com\/sv\/wp-json\/wp\/v2\/pages\/30504","targetHints":{"allow":["GET"]}}],"collection":[{"href":"https:\/\/picrights.com\/sv\/wp-json\/wp\/v2\/pages"}],"about":[{"href":"https:\/\/picrights.com\/sv\/wp-json\/wp\/v2\/types\/page"}],"author":[{"embeddable":true,"href":"https:\/\/picrights.com\/sv\/wp-json\/wp\/v2\/users\/5"}],"replies":[{"embeddable":true,"href":"https:\/\/picrights.com\/sv\/wp-json\/wp\/v2\/comments?post=30504"}],"version-history":[{"count":2,"href":"https:\/\/picrights.com\/sv\/wp-json\/wp\/v2\/pages\/30504\/revisions"}],"predecessor-version":[{"id":35931,"href":"https:\/\/picrights.com\/sv\/wp-json\/wp\/v2\/pages\/30504\/revisions\/35931"}],"wp:featuredmedia":[{"embeddable":true,"href":"https:\/\/picrights.com\/sv\/wp-json\/wp\/v2\/media\/30505"}],"wp:attachment":[{"href":"https:\/\/picrights.com\/sv\/wp-json\/wp\/v2\/media?parent=30504"}],"curies":[{"name":"wp","href":"https:\/\/api.w.org\/{rel}","templated":true}]}}